{"id":4834,"date":"2025-02-24T06:38:59","date_gmt":"2025-02-24T06:38:59","guid":{"rendered":"https:\/\/georgegruoposs.com\/?post_type=product&#038;p=4834"},"modified":"2025-02-24T06:38:59","modified_gmt":"2025-02-24T06:38:59","slug":"instant-hot-water-faucet","status":"publish","type":"product","link":"https:\/\/georgegruoposs.com\/es\/product\/instant-hot-water-faucet\/","title":{"rendered":"Instant Hot Water Faucet"},"excerpt":{"rendered":"<p>Get hot water instantly with our Instant Hot Water Faucet. It eliminates the need to wait for water to heat up, providing convenience for your daily tasks like washing hands, doing dishes, or making tea. With its compact design and easy installation, it can be added to any kitchen or bathroom faucet.<\/p>","protected":false},"featured_media":4839,"template":"","meta":{"_eb_attr":"","_uag_custom_page_level_css":"","pgc_sgb_lightbox_settings":""},"product_brand":[],"product_cat":[184],"product_tag":[],"metal-glass":[],"lighting":[],"flooring-staircase":[],"kitchenwardrobe":[],"appliances":[207],"furniture-materials":[],"tile_65":[],"tile":[],"marble-granite":[],"furnishing-materials":[],"doors-windows":[],"class_list":{"0":"post-4834","1":"product","2":"type-product","3":"status-publish","4":"has-post-thumbnail","6":"product_cat-appliances","7":"appliances-home-appliances","9":"first","10":"instock","11":"shipping-taxable","12":"product-type-simple"},"yoast_head":"<!-- This site is optimized with the Yoast SEO Premium plugin v23.6 (Yoast SEO v23.6) - https:\/\/yoast.com\/wordpress\/plugins\/seo\/ -->\n<title>Instant Hot Water Faucet - China Building Materials | Whole House Customization<\/title>\n<meta name=\"robots\" content=\"index, follow, max-snippet:-1, max-image-preview:large, max-video-preview:-1\" \/>\n<link rel=\"canonical\" href=\"https:\/\/georgegruoposs.com\/es\/wp-json\/wp\/v2\/product\/4834\" \/>\n<meta property=\"og:locale\" content=\"es_ES\" \/>\n<meta property=\"og:type\" content=\"article\" \/>\n<meta property=\"og:title\" content=\"Instant Hot Water Faucet\" \/>\n<meta property=\"og:description\" content=\"Get hot water instantly with our Instant Hot Water Faucet. It eliminates the need to wait for water to heat up, providing convenience for your daily tasks like washing hands, doing dishes, or making tea. With its compact design and easy installation, it can be added to any kitchen or bathroom faucet.\" \/>\n<meta property=\"og:url\" content=\"https:\/\/georgegruoposs.com\/es\/product\/instant-hot-water-faucet\/\" \/>\n<meta property=\"og:site_name\" content=\"China Building Materials | Whole House Customization\" \/>\n<meta property=\"og:image\" content=\"https:\/\/georgegruoposs.com\/wp-content\/uploads\/2025\/02\/96b52ef0150bfe02d4db68751dba0400cfb1e83a674566-pbdxBt-scaled.jpg\" \/>\n\t<meta property=\"og:image:width\" content=\"2560\" \/>\n\t<meta property=\"og:image:height\" content=\"1600\" \/>\n\t<meta property=\"og:image:type\" content=\"image\/jpeg\" \/>\n<meta name=\"twitter:card\" content=\"summary_large_image\" \/>\n<script type=\"application\/ld+json\" class=\"yoast-schema-graph\">{\"@context\":\"https:\/\/schema.org\",\"@graph\":[{\"@type\":\"WebPage\",\"@id\":\"https:\/\/georgegruoposs.com\/product\/instant-hot-water-faucet\/\",\"url\":\"https:\/\/georgegruoposs.com\/product\/instant-hot-water-faucet\/\",\"name\":\"Instant Hot Water Faucet - China Building Materials | Whole House Customization\",\"isPartOf\":{\"@id\":\"https:\/\/georgegruoposs.com\/#website\"},\"primaryImageOfPage\":{\"@id\":\"https:\/\/georgegruoposs.com\/product\/instant-hot-water-faucet\/#primaryimage\"},\"image\":{\"@id\":\"https:\/\/georgegruoposs.com\/product\/instant-hot-water-faucet\/#primaryimage\"},\"thumbnailUrl\":\"https:\/\/georgegruoposs.com\/wp-content\/uploads\/2025\/02\/96b52ef0150bfe02d4db68751dba0400cfb1e83a674566-pbdxBt-scaled.jpg?wsr\",\"datePublished\":\"2025-02-24T06:38:59+00:00\",\"dateModified\":\"2025-02-24T06:38:59+00:00\",\"breadcrumb\":{\"@id\":\"https:\/\/georgegruoposs.com\/product\/instant-hot-water-faucet\/#breadcrumb\"},\"inLanguage\":\"es-AR\",\"potentialAction\":[{\"@type\":\"ReadAction\",\"target\":[\"https:\/\/georgegruoposs.com\/product\/instant-hot-water-faucet\/\"]}]},{\"@type\":\"ImageObject\",\"inLanguage\":\"es-AR\",\"@id\":\"https:\/\/georgegruoposs.com\/product\/instant-hot-water-faucet\/#primaryimage\",\"url\":\"https:\/\/georgegruoposs.com\/wp-content\/uploads\/2025\/02\/96b52ef0150bfe02d4db68751dba0400cfb1e83a674566-pbdxBt-scaled.jpg?wsr\",\"contentUrl\":\"https:\/\/georgegruoposs.com\/wp-content\/uploads\/2025\/02\/96b52ef0150bfe02d4db68751dba0400cfb1e83a674566-pbdxBt-scaled.jpg?wsr\",\"width\":2560,\"height\":1600},{\"@type\":\"BreadcrumbList\",\"@id\":\"https:\/\/georgegruoposs.com\/product\/instant-hot-water-faucet\/#breadcrumb\",\"itemListElement\":[{\"@type\":\"ListItem\",\"position\":1,\"name\":\"Home\",\"item\":\"https:\/\/georgegruoposs.com\/\"},{\"@type\":\"ListItem\",\"position\":2,\"name\":\"Products\",\"item\":\"https:\/\/georgegruoposs.com\/tr\/shop\/\"},{\"@type\":\"ListItem\",\"position\":3,\"name\":\"Instant Hot Water Faucet\"}]},{\"@type\":\"WebSite\",\"@id\":\"https:\/\/georgegruoposs.com\/#website\",\"url\":\"https:\/\/georgegruoposs.com\/\",\"name\":\"China Building Materials | Whole House Customization\",\"description\":\"China Building Materials | Whole House Customization\",\"publisher\":{\"@id\":\"https:\/\/georgegruoposs.com\/#organization\"},\"potentialAction\":[{\"@type\":\"SearchAction\",\"target\":{\"@type\":\"EntryPoint\",\"urlTemplate\":\"https:\/\/georgegruoposs.com\/?s={search_term_string}\"},\"query-input\":{\"@type\":\"PropertyValueSpecification\",\"valueRequired\":true,\"valueName\":\"search_term_string\"}}],\"inLanguage\":\"es-AR\"},{\"@type\":\"Organization\",\"@id\":\"https:\/\/georgegruoposs.com\/#organization\",\"name\":\"China Building Materials | Whole House Customization\",\"url\":\"https:\/\/georgegruoposs.com\/\",\"logo\":{\"@type\":\"ImageObject\",\"inLanguage\":\"es-AR\",\"@id\":\"https:\/\/georgegruoposs.com\/#\/schema\/logo\/image\/\",\"url\":\"https:\/\/georgegruoposs.com\/wp-content\/uploads\/2024\/11\/George-Group-Logo-White-2048x631-1.png?wsr\",\"contentUrl\":\"https:\/\/georgegruoposs.com\/wp-content\/uploads\/2024\/11\/George-Group-Logo-White-2048x631-1.png?wsr\",\"width\":2048,\"height\":631,\"caption\":\"China Building Materials | Whole House Customization\"},\"image\":{\"@id\":\"https:\/\/georgegruoposs.com\/#\/schema\/logo\/image\/\"}}]}<\/script>\n<!-- \/ Yoast SEO Premium plugin. -->","yoast_head_json":{"title":"Instant Hot Water Faucet - China Building Materials | Whole House Customization","robots":{"index":"index","follow":"follow","max-snippet":"max-snippet:-1","max-image-preview":"max-image-preview:large","max-video-preview":"max-video-preview:-1"},"canonical":"https:\/\/georgegruoposs.com\/es\/wp-json\/wp\/v2\/product\/4834","og_locale":"es_ES","og_type":"article","og_title":"Instant Hot Water Faucet","og_description":"Get hot water instantly with our Instant Hot Water Faucet. It eliminates the need to wait for water to heat up, providing convenience for your daily tasks like washing hands, doing dishes, or making tea. With its compact design and easy installation, it can be added to any kitchen or bathroom faucet.","og_url":"https:\/\/georgegruoposs.com\/es\/product\/instant-hot-water-faucet\/","og_site_name":"China Building Materials | Whole House Customization","og_image":[{"width":2560,"height":1600,"url":"https:\/\/georgegruoposs.com\/wp-content\/uploads\/2025\/02\/96b52ef0150bfe02d4db68751dba0400cfb1e83a674566-pbdxBt-scaled.jpg","type":"image\/jpeg"}],"twitter_card":"summary_large_image","schema":{"@context":"https:\/\/schema.org","@graph":[{"@type":"WebPage","@id":"https:\/\/georgegruoposs.com\/product\/instant-hot-water-faucet\/","url":"https:\/\/georgegruoposs.com\/product\/instant-hot-water-faucet\/","name":"Instant Hot Water Faucet - China Building Materials | Whole House Customization","isPartOf":{"@id":"https:\/\/georgegruoposs.com\/#website"},"primaryImageOfPage":{"@id":"https:\/\/georgegruoposs.com\/product\/instant-hot-water-faucet\/#primaryimage"},"image":{"@id":"https:\/\/georgegruoposs.com\/product\/instant-hot-water-faucet\/#primaryimage"},"thumbnailUrl":"https:\/\/georgegruoposs.com\/wp-content\/uploads\/2025\/02\/96b52ef0150bfe02d4db68751dba0400cfb1e83a674566-pbdxBt-scaled.jpg?wsr","datePublished":"2025-02-24T06:38:59+00:00","dateModified":"2025-02-24T06:38:59+00:00","breadcrumb":{"@id":"https:\/\/georgegruoposs.com\/product\/instant-hot-water-faucet\/#breadcrumb"},"inLanguage":"es-AR","potentialAction":[{"@type":"ReadAction","target":["https:\/\/georgegruoposs.com\/product\/instant-hot-water-faucet\/"]}]},{"@type":"ImageObject","inLanguage":"es-AR","@id":"https:\/\/georgegruoposs.com\/product\/instant-hot-water-faucet\/#primaryimage","url":"https:\/\/georgegruoposs.com\/wp-content\/uploads\/2025\/02\/96b52ef0150bfe02d4db68751dba0400cfb1e83a674566-pbdxBt-scaled.jpg?wsr","contentUrl":"https:\/\/georgegruoposs.com\/wp-content\/uploads\/2025\/02\/96b52ef0150bfe02d4db68751dba0400cfb1e83a674566-pbdxBt-scaled.jpg?wsr","width":2560,"height":1600},{"@type":"BreadcrumbList","@id":"https:\/\/georgegruoposs.com\/product\/instant-hot-water-faucet\/#breadcrumb","itemListElement":[{"@type":"ListItem","position":1,"name":"Home","item":"https:\/\/georgegruoposs.com\/"},{"@type":"ListItem","position":2,"name":"Products","item":"https:\/\/georgegruoposs.com\/tr\/shop\/"},{"@type":"ListItem","position":3,"name":"Instant Hot Water Faucet"}]},{"@type":"WebSite","@id":"https:\/\/georgegruoposs.com\/#website","url":"https:\/\/georgegruoposs.com\/","name":"China Materiales de construcci\u00f3n | Personalizaci\u00f3n de toda la casa","description":"China Materiales de construcci\u00f3n | Personalizaci\u00f3n de toda la casa","publisher":{"@id":"https:\/\/georgegruoposs.com\/#organization"},"potentialAction":[{"@type":"SearchAction","target":{"@type":"EntryPoint","urlTemplate":"https:\/\/georgegruoposs.com\/?s={search_term_string}"},"query-input":{"@type":"PropertyValueSpecification","valueRequired":true,"valueName":"search_term_string"}}],"inLanguage":"es-AR"},{"@type":"Organization","@id":"https:\/\/georgegruoposs.com\/#organization","name":"China Materiales de construcci\u00f3n | Personalizaci\u00f3n de toda la casa","url":"https:\/\/georgegruoposs.com\/","logo":{"@type":"ImageObject","inLanguage":"es-AR","@id":"https:\/\/georgegruoposs.com\/#\/schema\/logo\/image\/","url":"https:\/\/georgegruoposs.com\/wp-content\/uploads\/2024\/11\/George-Group-Logo-White-2048x631-1.png?wsr","contentUrl":"https:\/\/georgegruoposs.com\/wp-content\/uploads\/2024\/11\/George-Group-Logo-White-2048x631-1.png?wsr","width":2048,"height":631,"caption":"China Building Materials | Whole House Customization"},"image":{"@id":"https:\/\/georgegruoposs.com\/#\/schema\/logo\/image\/"}}]}},"uagb_featured_image_src":{"full":["https:\/\/georgegruoposs.com\/wp-content\/uploads\/2025\/02\/96b52ef0150bfe02d4db68751dba0400cfb1e83a674566-pbdxBt-scaled.jpg?wsr",2560,1600,false],"thumbnail":["https:\/\/georgegruoposs.com\/wp-content\/uploads\/2025\/02\/96b52ef0150bfe02d4db68751dba0400cfb1e83a674566-pbdxBt-150x150.jpg?wsr",150,150,true],"medium":["https:\/\/georgegruoposs.com\/wp-content\/uploads\/2025\/02\/96b52ef0150bfe02d4db68751dba0400cfb1e83a674566-pbdxBt-300x188.jpg?wsr",300,188,true],"medium_large":["https:\/\/georgegruoposs.com\/wp-content\/uploads\/2025\/02\/96b52ef0150bfe02d4db68751dba0400cfb1e83a674566-pbdxBt-768x480.jpg?wsr",768,480,true],"large":["https:\/\/georgegruoposs.com\/wp-content\/uploads\/2025\/02\/96b52ef0150bfe02d4db68751dba0400cfb1e83a674566-pbdxBt-1024x640.jpg?wsr",800,500,true],"1536x1536":["https:\/\/georgegruoposs.com\/wp-content\/uploads\/2025\/02\/96b52ef0150bfe02d4db68751dba0400cfb1e83a674566-pbdxBt-1536x960.jpg?wsr",1536,960,true],"2048x2048":["https:\/\/georgegruoposs.com\/wp-content\/uploads\/2025\/02\/96b52ef0150bfe02d4db68751dba0400cfb1e83a674566-pbdxBt-2048x1280.jpg?wsr",2048,1280,true],"trp-custom-language-flag":["https:\/\/georgegruoposs.com\/wp-content\/uploads\/2025\/02\/96b52ef0150bfe02d4db68751dba0400cfb1e83a674566-pbdxBt-scaled.jpg?wsr",18,12,false],"woocommerce_thumbnail":["https:\/\/georgegruoposs.com\/wp-content\/uploads\/2025\/02\/96b52ef0150bfe02d4db68751dba0400cfb1e83a674566-pbdxBt-scaled-300x300.jpg?wsr",300,300,true],"woocommerce_single":["https:\/\/georgegruoposs.com\/wp-content\/uploads\/2025\/02\/96b52ef0150bfe02d4db68751dba0400cfb1e83a674566-pbdxBt-scaled-600x375.jpg?wsr",600,375,true],"woocommerce_gallery_thumbnail":["https:\/\/georgegruoposs.com\/wp-content\/uploads\/2025\/02\/96b52ef0150bfe02d4db68751dba0400cfb1e83a674566-pbdxBt-scaled-100x100.jpg?wsr",100,100,true]},"uagb_author_info":{"display_name":"lanadmin","author_link":"https:\/\/georgegruoposs.com\/es\/author\/"},"uagb_comment_info":0,"uagb_excerpt":"Get hot water instantly with our Instant Hot Water Faucet. It eliminates the need to wait for water to heat up, providing convenience for your daily tasks like washing hands, doing dishes, or making tea. With its compact design and easy installation, it can be added to any kitchen or bathroom faucet.","_links":{"self":[{"href":"https:\/\/georgegruoposs.com\/es\/wp-json\/wp\/v2\/product\/4834","targetHints":{"allow":["GET"]}}],"collection":[{"href":"https:\/\/georgegruoposs.com\/es\/wp-json\/wp\/v2\/product"}],"about":[{"href":"https:\/\/georgegruoposs.com\/es\/wp-json\/wp\/v2\/types\/product"}],"wp:featuredmedia":[{"embeddable":true,"href":"https:\/\/georgegruoposs.com\/es\/wp-json\/wp\/v2\/media\/4839"}],"wp:attachment":[{"href":"https:\/\/georgegruoposs.com\/es\/wp-json\/wp\/v2\/media?parent=4834"}],"wp:term":[{"taxonomy":"product_brand","embeddable":true,"href":"https:\/\/georgegruoposs.com\/es\/wp-json\/wp\/v2\/product_brand?post=4834"},{"taxonomy":"product_cat","embeddable":true,"href":"https:\/\/georgegruoposs.com\/es\/wp-json\/wp\/v2\/product_cat?post=4834"},{"taxonomy":"product_tag","embeddable":true,"href":"https:\/\/georgegruoposs.com\/es\/wp-json\/wp\/v2\/product_tag?post=4834"},{"taxonomy":"metal-glass","embeddable":true,"href":"https:\/\/georgegruoposs.com\/es\/wp-json\/wp\/v2\/metal-glass?post=4834"},{"taxonomy":"lighting","embeddable":true,"href":"https:\/\/georgegruoposs.com\/es\/wp-json\/wp\/v2\/lighting?post=4834"},{"taxonomy":"flooring-staircase","embeddable":true,"href":"https:\/\/georgegruoposs.com\/es\/wp-json\/wp\/v2\/flooring-staircase?post=4834"},{"taxonomy":"kitchenwardrobe","embeddable":true,"href":"https:\/\/georgegruoposs.com\/es\/wp-json\/wp\/v2\/kitchenwardrobe?post=4834"},{"taxonomy":"appliances","embeddable":true,"href":"https:\/\/georgegruoposs.com\/es\/wp-json\/wp\/v2\/appliances?post=4834"},{"taxonomy":"furniture-materials","embeddable":true,"href":"https:\/\/georgegruoposs.com\/es\/wp-json\/wp\/v2\/furniture-materials?post=4834"},{"taxonomy":"tile_65","embeddable":true,"href":"https:\/\/georgegruoposs.com\/es\/wp-json\/wp\/v2\/tile_65?post=4834"},{"taxonomy":"tile","embeddable":true,"href":"https:\/\/georgegruoposs.com\/es\/wp-json\/wp\/v2\/tile?post=4834"},{"taxonomy":"marble-granite","embeddable":true,"href":"https:\/\/georgegruoposs.com\/es\/wp-json\/wp\/v2\/marble-granite?post=4834"},{"taxonomy":"furnishing-materials","embeddable":true,"href":"https:\/\/georgegruoposs.com\/es\/wp-json\/wp\/v2\/furnishing-materials?post=4834"},{"taxonomy":"doors-windows","embeddable":true,"href":"https:\/\/georgegruoposs.com\/es\/wp-json\/wp\/v2\/doors-windows?post=4834"}],"curies":[{"name":"wp","href":"https:\/\/api.w.org\/{rel}","templated":true}]}}