{"id":4889,"date":"2025-02-24T06:55:42","date_gmt":"2025-02-24T06:55:42","guid":{"rendered":"https:\/\/georgegruoposs.com\/?post_type=product&#038;p=4889"},"modified":"2025-02-24T06:55:43","modified_gmt":"2025-02-24T06:55:43","slug":"durable-water-tank-products","status":"publish","type":"product","link":"https:\/\/georgegruoposs.com\/es\/product\/durable-water-tank-products\/","title":{"rendered":"Productos duraderos para dep\u00f3sitos de agua"},"excerpt":{"rendered":"<p>Our Durable Water Tank Products are built to last. Made of high &#8211; quality materials, they are resistant to corrosion and leakage. Suitable for storing water in various applications, such as homes, gardens, and industrial sites. They come in different sizes and shapes to meet your specific water storage needs.<\/p>","protected":false},"featured_media":4893,"template":"","meta":{"_eb_attr":"","_uag_custom_page_level_css":"","pgc_sgb_lightbox_settings":""},"product_brand":[],"product_cat":[184],"product_tag":[],"metal-glass":[],"lighting":[],"flooring-staircase":[],"kitchenwardrobe":[],"appliances":[211],"furniture-materials":[],"tile_65":[],"tile":[],"marble-granite":[],"furnishing-materials":[],"doors-windows":[],"class_list":{"0":"post-4889","1":"product","2":"type-product","3":"status-publish","4":"has-post-thumbnail","6":"product_cat-appliances","7":"appliances-other-equipment","9":"first","10":"instock","11":"shipping-taxable","12":"product-type-simple"},"yoast_head":"<!-- This site is optimized with the Yoast SEO Premium plugin v23.6 (Yoast SEO v23.6) - https:\/\/yoast.com\/wordpress\/plugins\/seo\/ -->\n<title>Durable Water Tank Products - China Building Materials | Whole House Customization<\/title>\n<meta name=\"robots\" content=\"index, follow, max-snippet:-1, max-image-preview:large, max-video-preview:-1\" \/>\n<link rel=\"canonical\" href=\"https:\/\/georgegruoposs.com\/es\/wp-json\/wp\/v2\/product\/4889\" \/>\n<meta property=\"og:locale\" content=\"es_ES\" \/>\n<meta property=\"og:type\" content=\"article\" \/>\n<meta property=\"og:title\" content=\"Durable Water Tank Products\" \/>\n<meta property=\"og:description\" content=\"Our Durable Water Tank Products are built to last. Made of high - quality materials, they are resistant to corrosion and leakage. Suitable for storing water in various applications, such as homes, gardens, and industrial sites. They come in different sizes and shapes to meet your specific water storage needs.\" \/>\n<meta property=\"og:url\" content=\"https:\/\/georgegruoposs.com\/es\/product\/durable-water-tank-products\/\" \/>\n<meta property=\"og:site_name\" content=\"China Building Materials | Whole House Customization\" \/>\n<meta property=\"article:modified_time\" content=\"2025-02-24T06:55:43+00:00\" \/>\n<meta property=\"og:image\" content=\"https:\/\/georgegruoposs.com\/wp-content\/uploads\/2025\/02\/robots_0-b6c9bdba9c3bfd6ab8eba5f68847219a71cc4859748999eac0294a1abcebe553-scaled.jpg\" \/>\n\t<meta property=\"og:image:width\" content=\"2560\" \/>\n\t<meta property=\"og:image:height\" content=\"1920\" \/>\n\t<meta property=\"og:image:type\" content=\"image\/jpeg\" \/>\n<meta name=\"twitter:card\" content=\"summary_large_image\" \/>\n<script type=\"application\/ld+json\" class=\"yoast-schema-graph\">{\"@context\":\"https:\/\/schema.org\",\"@graph\":[{\"@type\":\"WebPage\",\"@id\":\"https:\/\/georgegruoposs.com\/product\/durable-water-tank-products\/\",\"url\":\"https:\/\/georgegruoposs.com\/product\/durable-water-tank-products\/\",\"name\":\"Durable Water Tank Products - China Building Materials | Whole House Customization\",\"isPartOf\":{\"@id\":\"https:\/\/georgegruoposs.com\/#website\"},\"primaryImageOfPage\":{\"@id\":\"https:\/\/georgegruoposs.com\/product\/durable-water-tank-products\/#primaryimage\"},\"image\":{\"@id\":\"https:\/\/georgegruoposs.com\/product\/durable-water-tank-products\/#primaryimage\"},\"thumbnailUrl\":\"https:\/\/georgegruoposs.com\/wp-content\/uploads\/2025\/02\/robots_0-b6c9bdba9c3bfd6ab8eba5f68847219a71cc4859748999eac0294a1abcebe553-scaled.jpg?wsr\",\"datePublished\":\"2025-02-24T06:55:42+00:00\",\"dateModified\":\"2025-02-24T06:55:43+00:00\",\"breadcrumb\":{\"@id\":\"https:\/\/georgegruoposs.com\/product\/durable-water-tank-products\/#breadcrumb\"},\"inLanguage\":\"es-AR\",\"potentialAction\":[{\"@type\":\"ReadAction\",\"target\":[\"https:\/\/georgegruoposs.com\/product\/durable-water-tank-products\/\"]}]},{\"@type\":\"ImageObject\",\"inLanguage\":\"es-AR\",\"@id\":\"https:\/\/georgegruoposs.com\/product\/durable-water-tank-products\/#primaryimage\",\"url\":\"https:\/\/georgegruoposs.com\/wp-content\/uploads\/2025\/02\/robots_0-b6c9bdba9c3bfd6ab8eba5f68847219a71cc4859748999eac0294a1abcebe553-scaled.jpg?wsr\",\"contentUrl\":\"https:\/\/georgegruoposs.com\/wp-content\/uploads\/2025\/02\/robots_0-b6c9bdba9c3bfd6ab8eba5f68847219a71cc4859748999eac0294a1abcebe553-scaled.jpg?wsr\",\"width\":2560,\"height\":1920},{\"@type\":\"BreadcrumbList\",\"@id\":\"https:\/\/georgegruoposs.com\/product\/durable-water-tank-products\/#breadcrumb\",\"itemListElement\":[{\"@type\":\"ListItem\",\"position\":1,\"name\":\"Home\",\"item\":\"https:\/\/georgegruoposs.com\/\"},{\"@type\":\"ListItem\",\"position\":2,\"name\":\"Products\",\"item\":\"https:\/\/georgegruoposs.com\/tr\/shop\/\"},{\"@type\":\"ListItem\",\"position\":3,\"name\":\"Durable Water Tank Products\"}]},{\"@type\":\"WebSite\",\"@id\":\"https:\/\/georgegruoposs.com\/#website\",\"url\":\"https:\/\/georgegruoposs.com\/\",\"name\":\"China Building Materials | Whole House Customization\",\"description\":\"China Building Materials | Whole House Customization\",\"publisher\":{\"@id\":\"https:\/\/georgegruoposs.com\/#organization\"},\"potentialAction\":[{\"@type\":\"SearchAction\",\"target\":{\"@type\":\"EntryPoint\",\"urlTemplate\":\"https:\/\/georgegruoposs.com\/?s={search_term_string}\"},\"query-input\":{\"@type\":\"PropertyValueSpecification\",\"valueRequired\":true,\"valueName\":\"search_term_string\"}}],\"inLanguage\":\"es-AR\"},{\"@type\":\"Organization\",\"@id\":\"https:\/\/georgegruoposs.com\/#organization\",\"name\":\"China Building Materials | Whole House Customization\",\"url\":\"https:\/\/georgegruoposs.com\/\",\"logo\":{\"@type\":\"ImageObject\",\"inLanguage\":\"es-AR\",\"@id\":\"https:\/\/georgegruoposs.com\/#\/schema\/logo\/image\/\",\"url\":\"https:\/\/georgegruoposs.com\/wp-content\/uploads\/2024\/11\/George-Group-Logo-White-2048x631-1.png?wsr\",\"contentUrl\":\"https:\/\/georgegruoposs.com\/wp-content\/uploads\/2024\/11\/George-Group-Logo-White-2048x631-1.png?wsr\",\"width\":2048,\"height\":631,\"caption\":\"China Building Materials | Whole House Customization\"},\"image\":{\"@id\":\"https:\/\/georgegruoposs.com\/#\/schema\/logo\/image\/\"}}]}<\/script>\n<!-- \/ Yoast SEO Premium plugin. -->","yoast_head_json":{"title":"Durable Water Tank Products - China Building Materials | Whole House Customization","robots":{"index":"index","follow":"follow","max-snippet":"max-snippet:-1","max-image-preview":"max-image-preview:large","max-video-preview":"max-video-preview:-1"},"canonical":"https:\/\/georgegruoposs.com\/es\/wp-json\/wp\/v2\/product\/4889","og_locale":"es_ES","og_type":"article","og_title":"Durable Water Tank Products","og_description":"Our Durable Water Tank Products are built to last. Made of high - quality materials, they are resistant to corrosion and leakage. Suitable for storing water in various applications, such as homes, gardens, and industrial sites. They come in different sizes and shapes to meet your specific water storage needs.","og_url":"https:\/\/georgegruoposs.com\/es\/product\/durable-water-tank-products\/","og_site_name":"China Building Materials | Whole House Customization","article_modified_time":"2025-02-24T06:55:43+00:00","og_image":[{"width":2560,"height":1920,"url":"https:\/\/georgegruoposs.com\/wp-content\/uploads\/2025\/02\/robots_0-b6c9bdba9c3bfd6ab8eba5f68847219a71cc4859748999eac0294a1abcebe553-scaled.jpg","type":"image\/jpeg"}],"twitter_card":"summary_large_image","schema":{"@context":"https:\/\/schema.org","@graph":[{"@type":"WebPage","@id":"https:\/\/georgegruoposs.com\/product\/durable-water-tank-products\/","url":"https:\/\/georgegruoposs.com\/product\/durable-water-tank-products\/","name":"Durable Water Tank Products - China Building Materials | Whole House Customization","isPartOf":{"@id":"https:\/\/georgegruoposs.com\/#website"},"primaryImageOfPage":{"@id":"https:\/\/georgegruoposs.com\/product\/durable-water-tank-products\/#primaryimage"},"image":{"@id":"https:\/\/georgegruoposs.com\/product\/durable-water-tank-products\/#primaryimage"},"thumbnailUrl":"https:\/\/georgegruoposs.com\/wp-content\/uploads\/2025\/02\/robots_0-b6c9bdba9c3bfd6ab8eba5f68847219a71cc4859748999eac0294a1abcebe553-scaled.jpg?wsr","datePublished":"2025-02-24T06:55:42+00:00","dateModified":"2025-02-24T06:55:43+00:00","breadcrumb":{"@id":"https:\/\/georgegruoposs.com\/product\/durable-water-tank-products\/#breadcrumb"},"inLanguage":"es-AR","potentialAction":[{"@type":"ReadAction","target":["https:\/\/georgegruoposs.com\/product\/durable-water-tank-products\/"]}]},{"@type":"ImageObject","inLanguage":"es-AR","@id":"https:\/\/georgegruoposs.com\/product\/durable-water-tank-products\/#primaryimage","url":"https:\/\/georgegruoposs.com\/wp-content\/uploads\/2025\/02\/robots_0-b6c9bdba9c3bfd6ab8eba5f68847219a71cc4859748999eac0294a1abcebe553-scaled.jpg?wsr","contentUrl":"https:\/\/georgegruoposs.com\/wp-content\/uploads\/2025\/02\/robots_0-b6c9bdba9c3bfd6ab8eba5f68847219a71cc4859748999eac0294a1abcebe553-scaled.jpg?wsr","width":2560,"height":1920},{"@type":"BreadcrumbList","@id":"https:\/\/georgegruoposs.com\/product\/durable-water-tank-products\/#breadcrumb","itemListElement":[{"@type":"ListItem","position":1,"name":"Home","item":"https:\/\/georgegruoposs.com\/"},{"@type":"ListItem","position":2,"name":"Products","item":"https:\/\/georgegruoposs.com\/tr\/shop\/"},{"@type":"ListItem","position":3,"name":"Durable Water Tank Products"}]},{"@type":"WebSite","@id":"https:\/\/georgegruoposs.com\/#website","url":"https:\/\/georgegruoposs.com\/","name":"China Materiales de construcci\u00f3n | Personalizaci\u00f3n de toda la casa","description":"China Materiales de construcci\u00f3n | Personalizaci\u00f3n de toda la casa","publisher":{"@id":"https:\/\/georgegruoposs.com\/#organization"},"potentialAction":[{"@type":"SearchAction","target":{"@type":"EntryPoint","urlTemplate":"https:\/\/georgegruoposs.com\/?s={search_term_string}"},"query-input":{"@type":"PropertyValueSpecification","valueRequired":true,"valueName":"search_term_string"}}],"inLanguage":"es-AR"},{"@type":"Organization","@id":"https:\/\/georgegruoposs.com\/#organization","name":"China Materiales de construcci\u00f3n | Personalizaci\u00f3n de toda la casa","url":"https:\/\/georgegruoposs.com\/","logo":{"@type":"ImageObject","inLanguage":"es-AR","@id":"https:\/\/georgegruoposs.com\/#\/schema\/logo\/image\/","url":"https:\/\/georgegruoposs.com\/wp-content\/uploads\/2024\/11\/George-Group-Logo-White-2048x631-1.png?wsr","contentUrl":"https:\/\/georgegruoposs.com\/wp-content\/uploads\/2024\/11\/George-Group-Logo-White-2048x631-1.png?wsr","width":2048,"height":631,"caption":"China Building Materials | Whole House Customization"},"image":{"@id":"https:\/\/georgegruoposs.com\/#\/schema\/logo\/image\/"}}]}},"uagb_featured_image_src":{"full":["https:\/\/georgegruoposs.com\/wp-content\/uploads\/2025\/02\/robots_0-b6c9bdba9c3bfd6ab8eba5f68847219a71cc4859748999eac0294a1abcebe553-scaled.jpg?wsr",2560,1920,false],"thumbnail":["https:\/\/georgegruoposs.com\/wp-content\/uploads\/2025\/02\/robots_0-b6c9bdba9c3bfd6ab8eba5f68847219a71cc4859748999eac0294a1abcebe553-150x150.jpg?wsr",150,150,true],"medium":["https:\/\/georgegruoposs.com\/wp-content\/uploads\/2025\/02\/robots_0-b6c9bdba9c3bfd6ab8eba5f68847219a71cc4859748999eac0294a1abcebe553-300x225.jpg?wsr",300,225,true],"medium_large":["https:\/\/georgegruoposs.com\/wp-content\/uploads\/2025\/02\/robots_0-b6c9bdba9c3bfd6ab8eba5f68847219a71cc4859748999eac0294a1abcebe553-768x576.jpg?wsr",768,576,true],"large":["https:\/\/georgegruoposs.com\/wp-content\/uploads\/2025\/02\/robots_0-b6c9bdba9c3bfd6ab8eba5f68847219a71cc4859748999eac0294a1abcebe553-1024x768.jpg?wsr",800,600,true],"1536x1536":["https:\/\/georgegruoposs.com\/wp-content\/uploads\/2025\/02\/robots_0-b6c9bdba9c3bfd6ab8eba5f68847219a71cc4859748999eac0294a1abcebe553-1536x1152.jpg?wsr",1536,1152,true],"2048x2048":["https:\/\/georgegruoposs.com\/wp-content\/uploads\/2025\/02\/robots_0-b6c9bdba9c3bfd6ab8eba5f68847219a71cc4859748999eac0294a1abcebe553-2048x1536.jpg?wsr",2048,1536,true],"trp-custom-language-flag":["https:\/\/georgegruoposs.com\/wp-content\/uploads\/2025\/02\/robots_0-b6c9bdba9c3bfd6ab8eba5f68847219a71cc4859748999eac0294a1abcebe553-scaled.jpg?wsr",16,12,false],"woocommerce_thumbnail":["https:\/\/georgegruoposs.com\/wp-content\/uploads\/2025\/02\/robots_0-b6c9bdba9c3bfd6ab8eba5f68847219a71cc4859748999eac0294a1abcebe553-scaled-300x300.jpg?wsr",300,300,true],"woocommerce_single":["https:\/\/georgegruoposs.com\/wp-content\/uploads\/2025\/02\/robots_0-b6c9bdba9c3bfd6ab8eba5f68847219a71cc4859748999eac0294a1abcebe553-scaled-600x450.jpg?wsr",600,450,true],"woocommerce_gallery_thumbnail":["https:\/\/georgegruoposs.com\/wp-content\/uploads\/2025\/02\/robots_0-b6c9bdba9c3bfd6ab8eba5f68847219a71cc4859748999eac0294a1abcebe553-scaled-100x100.jpg?wsr",100,100,true]},"uagb_author_info":{"display_name":"lanadmin","author_link":"https:\/\/georgegruoposs.com\/es\/author\/"},"uagb_comment_info":0,"uagb_excerpt":"Our Durable Water Tank Products are built to last. Made of high - quality materials, they are resistant to corrosion and leakage. Suitable for storing water in various applications, such as homes, gardens, and industrial sites. They come in different sizes and shapes to meet your specific water storage needs.","_links":{"self":[{"href":"https:\/\/georgegruoposs.com\/es\/wp-json\/wp\/v2\/product\/4889","targetHints":{"allow":["GET"]}}],"collection":[{"href":"https:\/\/georgegruoposs.com\/es\/wp-json\/wp\/v2\/product"}],"about":[{"href":"https:\/\/georgegruoposs.com\/es\/wp-json\/wp\/v2\/types\/product"}],"wp:featuredmedia":[{"embeddable":true,"href":"https:\/\/georgegruoposs.com\/es\/wp-json\/wp\/v2\/media\/4893"}],"wp:attachment":[{"href":"https:\/\/georgegruoposs.com\/es\/wp-json\/wp\/v2\/media?parent=4889"}],"wp:term":[{"taxonomy":"product_brand","embeddable":true,"href":"https:\/\/georgegruoposs.com\/es\/wp-json\/wp\/v2\/product_brand?post=4889"},{"taxonomy":"product_cat","embeddable":true,"href":"https:\/\/georgegruoposs.com\/es\/wp-json\/wp\/v2\/product_cat?post=4889"},{"taxonomy":"product_tag","embeddable":true,"href":"https:\/\/georgegruoposs.com\/es\/wp-json\/wp\/v2\/product_tag?post=4889"},{"taxonomy":"metal-glass","embeddable":true,"href":"https:\/\/georgegruoposs.com\/es\/wp-json\/wp\/v2\/metal-glass?post=4889"},{"taxonomy":"lighting","embeddable":true,"href":"https:\/\/georgegruoposs.com\/es\/wp-json\/wp\/v2\/lighting?post=4889"},{"taxonomy":"flooring-staircase","embeddable":true,"href":"https:\/\/georgegruoposs.com\/es\/wp-json\/wp\/v2\/flooring-staircase?post=4889"},{"taxonomy":"kitchenwardrobe","embeddable":true,"href":"https:\/\/georgegruoposs.com\/es\/wp-json\/wp\/v2\/kitchenwardrobe?post=4889"},{"taxonomy":"appliances","embeddable":true,"href":"https:\/\/georgegruoposs.com\/es\/wp-json\/wp\/v2\/appliances?post=4889"},{"taxonomy":"furniture-materials","embeddable":true,"href":"https:\/\/georgegruoposs.com\/es\/wp-json\/wp\/v2\/furniture-materials?post=4889"},{"taxonomy":"tile_65","embeddable":true,"href":"https:\/\/georgegruoposs.com\/es\/wp-json\/wp\/v2\/tile_65?post=4889"},{"taxonomy":"tile","embeddable":true,"href":"https:\/\/georgegruoposs.com\/es\/wp-json\/wp\/v2\/tile?post=4889"},{"taxonomy":"marble-granite","embeddable":true,"href":"https:\/\/georgegruoposs.com\/es\/wp-json\/wp\/v2\/marble-granite?post=4889"},{"taxonomy":"furnishing-materials","embeddable":true,"href":"https:\/\/georgegruoposs.com\/es\/wp-json\/wp\/v2\/furnishing-materials?post=4889"},{"taxonomy":"doors-windows","embeddable":true,"href":"https:\/\/georgegruoposs.com\/es\/wp-json\/wp\/v2\/doors-windows?post=4889"}],"curies":[{"name":"wp","href":"https:\/\/api.w.org\/{rel}","templated":true}]}}