{"id":5027,"date":"2025-02-24T11:25:52","date_gmt":"2025-02-24T11:25:52","guid":{"rendered":"https:\/\/georgegruoposs.com\/?post_type=product&#038;p=5027"},"modified":"2025-02-24T11:25:53","modified_gmt":"2025-02-24T11:25:53","slug":"premium-post-railings","status":"publish","type":"product","link":"https:\/\/georgegruoposs.com\/es\/product\/premium-post-railings\/","title":{"rendered":"Barandillas de postes Premium"},"excerpt":{"rendered":"<p>Make a statement with our Premium Post Railings. Constructed from acrylic, aluminum or crystal, with a height of 900\/1100mm. Ideal for balconies and staircases, you can select handrail materials from PVC, wood or stainless steel. They add a touch of luxury and elegance to your property.<\/p>","protected":false},"featured_media":5032,"template":"","meta":{"_eb_attr":"","_uag_custom_page_level_css":"","pgc_sgb_lightbox_settings":""},"product_brand":[],"product_cat":[131],"product_tag":[],"metal-glass":[],"lighting":[],"flooring-staircase":[217],"kitchenwardrobe":[],"appliances":[],"furniture-materials":[],"tile_65":[],"tile":[],"marble-granite":[],"furnishing-materials":[],"doors-windows":[],"class_list":{"0":"post-5027","1":"product","2":"type-product","3":"status-publish","4":"has-post-thumbnail","6":"product_cat-flooring-staircase","7":"flooring-staircase-stairs","9":"first","10":"instock","11":"shipping-taxable","12":"product-type-simple"},"yoast_head":"<!-- This site is optimized with the Yoast SEO Premium plugin v23.6 (Yoast SEO v23.6) - https:\/\/yoast.com\/wordpress\/plugins\/seo\/ -->\n<title>Premium Post Railings - China Building Materials | Whole House Customization<\/title>\n<meta name=\"robots\" content=\"index, follow, max-snippet:-1, max-image-preview:large, max-video-preview:-1\" \/>\n<link rel=\"canonical\" href=\"https:\/\/georgegruoposs.com\/es\/wp-json\/wp\/v2\/product\/5027\" \/>\n<meta property=\"og:locale\" content=\"es_ES\" \/>\n<meta property=\"og:type\" content=\"article\" \/>\n<meta property=\"og:title\" content=\"Premium Post Railings\" \/>\n<meta property=\"og:description\" content=\"Make a statement with our Premium Post Railings. Constructed from acrylic, aluminum or crystal, with a height of 900\/1100mm. Ideal for balconies and staircases, you can select handrail materials from PVC, wood or stainless steel. They add a touch of luxury and elegance to your property.\" \/>\n<meta property=\"og:url\" content=\"https:\/\/georgegruoposs.com\/es\/product\/premium-post-railings\/\" \/>\n<meta property=\"og:site_name\" content=\"China Building Materials | Whole House Customization\" \/>\n<meta property=\"article:modified_time\" content=\"2025-02-24T11:25:53+00:00\" \/>\n<meta property=\"og:image\" content=\"https:\/\/georgegruoposs.com\/wp-content\/uploads\/2025\/02\/conrad-vinyl-c3-level-section.jpg\" \/>\n\t<meta property=\"og:image:width\" content=\"1500\" \/>\n\t<meta property=\"og:image:height\" content=\"1000\" \/>\n\t<meta property=\"og:image:type\" content=\"image\/jpeg\" \/>\n<meta name=\"twitter:card\" content=\"summary_large_image\" \/>\n<script type=\"application\/ld+json\" class=\"yoast-schema-graph\">{\"@context\":\"https:\/\/schema.org\",\"@graph\":[{\"@type\":\"WebPage\",\"@id\":\"https:\/\/georgegruoposs.com\/product\/premium-post-railings\/\",\"url\":\"https:\/\/georgegruoposs.com\/product\/premium-post-railings\/\",\"name\":\"Premium Post Railings - China Building Materials | Whole House Customization\",\"isPartOf\":{\"@id\":\"https:\/\/georgegruoposs.com\/#website\"},\"primaryImageOfPage\":{\"@id\":\"https:\/\/georgegruoposs.com\/product\/premium-post-railings\/#primaryimage\"},\"image\":{\"@id\":\"https:\/\/georgegruoposs.com\/product\/premium-post-railings\/#primaryimage\"},\"thumbnailUrl\":\"https:\/\/georgegruoposs.com\/wp-content\/uploads\/2025\/02\/conrad-vinyl-c3-level-section.jpg?wsr\",\"datePublished\":\"2025-02-24T11:25:52+00:00\",\"dateModified\":\"2025-02-24T11:25:53+00:00\",\"breadcrumb\":{\"@id\":\"https:\/\/georgegruoposs.com\/product\/premium-post-railings\/#breadcrumb\"},\"inLanguage\":\"es-AR\",\"potentialAction\":[{\"@type\":\"ReadAction\",\"target\":[\"https:\/\/georgegruoposs.com\/product\/premium-post-railings\/\"]}]},{\"@type\":\"ImageObject\",\"inLanguage\":\"es-AR\",\"@id\":\"https:\/\/georgegruoposs.com\/product\/premium-post-railings\/#primaryimage\",\"url\":\"https:\/\/georgegruoposs.com\/wp-content\/uploads\/2025\/02\/conrad-vinyl-c3-level-section.jpg?wsr\",\"contentUrl\":\"https:\/\/georgegruoposs.com\/wp-content\/uploads\/2025\/02\/conrad-vinyl-c3-level-section.jpg?wsr\",\"width\":1500,\"height\":1000},{\"@type\":\"BreadcrumbList\",\"@id\":\"https:\/\/georgegruoposs.com\/product\/premium-post-railings\/#breadcrumb\",\"itemListElement\":[{\"@type\":\"ListItem\",\"position\":1,\"name\":\"Home\",\"item\":\"https:\/\/georgegruoposs.com\/\"},{\"@type\":\"ListItem\",\"position\":2,\"name\":\"Products\",\"item\":\"https:\/\/georgegruoposs.com\/tr\/shop\/\"},{\"@type\":\"ListItem\",\"position\":3,\"name\":\"Premium Post Railings\"}]},{\"@type\":\"WebSite\",\"@id\":\"https:\/\/georgegruoposs.com\/#website\",\"url\":\"https:\/\/georgegruoposs.com\/\",\"name\":\"China Building Materials | Whole House Customization\",\"description\":\"China Building Materials | Whole House Customization\",\"publisher\":{\"@id\":\"https:\/\/georgegruoposs.com\/#organization\"},\"potentialAction\":[{\"@type\":\"SearchAction\",\"target\":{\"@type\":\"EntryPoint\",\"urlTemplate\":\"https:\/\/georgegruoposs.com\/?s={search_term_string}\"},\"query-input\":{\"@type\":\"PropertyValueSpecification\",\"valueRequired\":true,\"valueName\":\"search_term_string\"}}],\"inLanguage\":\"es-AR\"},{\"@type\":\"Organization\",\"@id\":\"https:\/\/georgegruoposs.com\/#organization\",\"name\":\"China Building Materials | Whole House Customization\",\"url\":\"https:\/\/georgegruoposs.com\/\",\"logo\":{\"@type\":\"ImageObject\",\"inLanguage\":\"es-AR\",\"@id\":\"https:\/\/georgegruoposs.com\/#\/schema\/logo\/image\/\",\"url\":\"https:\/\/georgegruoposs.com\/wp-content\/uploads\/2024\/11\/George-Group-Logo-White-2048x631-1.png?wsr\",\"contentUrl\":\"https:\/\/georgegruoposs.com\/wp-content\/uploads\/2024\/11\/George-Group-Logo-White-2048x631-1.png?wsr\",\"width\":2048,\"height\":631,\"caption\":\"China Building Materials | Whole House Customization\"},\"image\":{\"@id\":\"https:\/\/georgegruoposs.com\/#\/schema\/logo\/image\/\"}}]}<\/script>\n<!-- \/ Yoast SEO Premium plugin. -->","yoast_head_json":{"title":"Premium Post Railings - China Building Materials | Whole House Customization","robots":{"index":"index","follow":"follow","max-snippet":"max-snippet:-1","max-image-preview":"max-image-preview:large","max-video-preview":"max-video-preview:-1"},"canonical":"https:\/\/georgegruoposs.com\/es\/wp-json\/wp\/v2\/product\/5027","og_locale":"es_ES","og_type":"article","og_title":"Premium Post Railings","og_description":"Make a statement with our Premium Post Railings. Constructed from acrylic, aluminum or crystal, with a height of 900\/1100mm. Ideal for balconies and staircases, you can select handrail materials from PVC, wood or stainless steel. They add a touch of luxury and elegance to your property.","og_url":"https:\/\/georgegruoposs.com\/es\/product\/premium-post-railings\/","og_site_name":"China Building Materials | Whole House Customization","article_modified_time":"2025-02-24T11:25:53+00:00","og_image":[{"width":1500,"height":1000,"url":"https:\/\/georgegruoposs.com\/wp-content\/uploads\/2025\/02\/conrad-vinyl-c3-level-section.jpg","type":"image\/jpeg"}],"twitter_card":"summary_large_image","schema":{"@context":"https:\/\/schema.org","@graph":[{"@type":"WebPage","@id":"https:\/\/georgegruoposs.com\/product\/premium-post-railings\/","url":"https:\/\/georgegruoposs.com\/product\/premium-post-railings\/","name":"Premium Post Railings - China Building Materials | Whole House Customization","isPartOf":{"@id":"https:\/\/georgegruoposs.com\/#website"},"primaryImageOfPage":{"@id":"https:\/\/georgegruoposs.com\/product\/premium-post-railings\/#primaryimage"},"image":{"@id":"https:\/\/georgegruoposs.com\/product\/premium-post-railings\/#primaryimage"},"thumbnailUrl":"https:\/\/georgegruoposs.com\/wp-content\/uploads\/2025\/02\/conrad-vinyl-c3-level-section.jpg?wsr","datePublished":"2025-02-24T11:25:52+00:00","dateModified":"2025-02-24T11:25:53+00:00","breadcrumb":{"@id":"https:\/\/georgegruoposs.com\/product\/premium-post-railings\/#breadcrumb"},"inLanguage":"es-AR","potentialAction":[{"@type":"ReadAction","target":["https:\/\/georgegruoposs.com\/product\/premium-post-railings\/"]}]},{"@type":"ImageObject","inLanguage":"es-AR","@id":"https:\/\/georgegruoposs.com\/product\/premium-post-railings\/#primaryimage","url":"https:\/\/georgegruoposs.com\/wp-content\/uploads\/2025\/02\/conrad-vinyl-c3-level-section.jpg?wsr","contentUrl":"https:\/\/georgegruoposs.com\/wp-content\/uploads\/2025\/02\/conrad-vinyl-c3-level-section.jpg?wsr","width":1500,"height":1000},{"@type":"BreadcrumbList","@id":"https:\/\/georgegruoposs.com\/product\/premium-post-railings\/#breadcrumb","itemListElement":[{"@type":"ListItem","position":1,"name":"Home","item":"https:\/\/georgegruoposs.com\/"},{"@type":"ListItem","position":2,"name":"Products","item":"https:\/\/georgegruoposs.com\/tr\/shop\/"},{"@type":"ListItem","position":3,"name":"Premium Post Railings"}]},{"@type":"WebSite","@id":"https:\/\/georgegruoposs.com\/#website","url":"https:\/\/georgegruoposs.com\/","name":"China Materiales de construcci\u00f3n | Personalizaci\u00f3n de toda la casa","description":"China Materiales de construcci\u00f3n | Personalizaci\u00f3n de toda la casa","publisher":{"@id":"https:\/\/georgegruoposs.com\/#organization"},"potentialAction":[{"@type":"SearchAction","target":{"@type":"EntryPoint","urlTemplate":"https:\/\/georgegruoposs.com\/?s={search_term_string}"},"query-input":{"@type":"PropertyValueSpecification","valueRequired":true,"valueName":"search_term_string"}}],"inLanguage":"es-AR"},{"@type":"Organization","@id":"https:\/\/georgegruoposs.com\/#organization","name":"China Materiales de construcci\u00f3n | Personalizaci\u00f3n de toda la casa","url":"https:\/\/georgegruoposs.com\/","logo":{"@type":"ImageObject","inLanguage":"es-AR","@id":"https:\/\/georgegruoposs.com\/#\/schema\/logo\/image\/","url":"https:\/\/georgegruoposs.com\/wp-content\/uploads\/2024\/11\/George-Group-Logo-White-2048x631-1.png?wsr","contentUrl":"https:\/\/georgegruoposs.com\/wp-content\/uploads\/2024\/11\/George-Group-Logo-White-2048x631-1.png?wsr","width":2048,"height":631,"caption":"China Building Materials | Whole House Customization"},"image":{"@id":"https:\/\/georgegruoposs.com\/#\/schema\/logo\/image\/"}}]}},"uagb_featured_image_src":{"full":["https:\/\/georgegruoposs.com\/wp-content\/uploads\/2025\/02\/conrad-vinyl-c3-level-section.jpg?wsr",1500,1000,false],"thumbnail":["https:\/\/georgegruoposs.com\/wp-content\/uploads\/2025\/02\/conrad-vinyl-c3-level-section-150x150.jpg?wsr",150,150,true],"medium":["https:\/\/georgegruoposs.com\/wp-content\/uploads\/2025\/02\/conrad-vinyl-c3-level-section-300x200.jpg?wsr",300,200,true],"medium_large":["https:\/\/georgegruoposs.com\/wp-content\/uploads\/2025\/02\/conrad-vinyl-c3-level-section-768x512.jpg?wsr",768,512,true],"large":["https:\/\/georgegruoposs.com\/wp-content\/uploads\/2025\/02\/conrad-vinyl-c3-level-section-1024x683.jpg?wsr",800,534,true],"1536x1536":["https:\/\/georgegruoposs.com\/wp-content\/uploads\/2025\/02\/conrad-vinyl-c3-level-section.jpg?wsr",1500,1000,false],"2048x2048":["https:\/\/georgegruoposs.com\/wp-content\/uploads\/2025\/02\/conrad-vinyl-c3-level-section.jpg?wsr",1500,1000,false],"trp-custom-language-flag":["https:\/\/georgegruoposs.com\/wp-content\/uploads\/2025\/02\/conrad-vinyl-c3-level-section.jpg?wsr",18,12,false],"woocommerce_thumbnail":["https:\/\/georgegruoposs.com\/wp-content\/uploads\/2025\/02\/conrad-vinyl-c3-level-section-300x300.jpg?wsr",300,300,true],"woocommerce_single":["https:\/\/georgegruoposs.com\/wp-content\/uploads\/2025\/02\/conrad-vinyl-c3-level-section-600x400.jpg?wsr",600,400,true],"woocommerce_gallery_thumbnail":["https:\/\/georgegruoposs.com\/wp-content\/uploads\/2025\/02\/conrad-vinyl-c3-level-section-100x100.jpg?wsr",100,100,true]},"uagb_author_info":{"display_name":"lanadmin","author_link":"https:\/\/georgegruoposs.com\/es\/author\/"},"uagb_comment_info":0,"uagb_excerpt":"Make a statement with our Premium Post Railings. Constructed from acrylic, aluminum or crystal, with a height of 900\/1100mm. Ideal for balconies and staircases, you can select handrail materials from PVC, wood or stainless steel. They add a touch of luxury and elegance to your property.","_links":{"self":[{"href":"https:\/\/georgegruoposs.com\/es\/wp-json\/wp\/v2\/product\/5027","targetHints":{"allow":["GET"]}}],"collection":[{"href":"https:\/\/georgegruoposs.com\/es\/wp-json\/wp\/v2\/product"}],"about":[{"href":"https:\/\/georgegruoposs.com\/es\/wp-json\/wp\/v2\/types\/product"}],"wp:featuredmedia":[{"embeddable":true,"href":"https:\/\/georgegruoposs.com\/es\/wp-json\/wp\/v2\/media\/5032"}],"wp:attachment":[{"href":"https:\/\/georgegruoposs.com\/es\/wp-json\/wp\/v2\/media?parent=5027"}],"wp:term":[{"taxonomy":"product_brand","embeddable":true,"href":"https:\/\/georgegruoposs.com\/es\/wp-json\/wp\/v2\/product_brand?post=5027"},{"taxonomy":"product_cat","embeddable":true,"href":"https:\/\/georgegruoposs.com\/es\/wp-json\/wp\/v2\/product_cat?post=5027"},{"taxonomy":"product_tag","embeddable":true,"href":"https:\/\/georgegruoposs.com\/es\/wp-json\/wp\/v2\/product_tag?post=5027"},{"taxonomy":"metal-glass","embeddable":true,"href":"https:\/\/georgegruoposs.com\/es\/wp-json\/wp\/v2\/metal-glass?post=5027"},{"taxonomy":"lighting","embeddable":true,"href":"https:\/\/georgegruoposs.com\/es\/wp-json\/wp\/v2\/lighting?post=5027"},{"taxonomy":"flooring-staircase","embeddable":true,"href":"https:\/\/georgegruoposs.com\/es\/wp-json\/wp\/v2\/flooring-staircase?post=5027"},{"taxonomy":"kitchenwardrobe","embeddable":true,"href":"https:\/\/georgegruoposs.com\/es\/wp-json\/wp\/v2\/kitchenwardrobe?post=5027"},{"taxonomy":"appliances","embeddable":true,"href":"https:\/\/georgegruoposs.com\/es\/wp-json\/wp\/v2\/appliances?post=5027"},{"taxonomy":"furniture-materials","embeddable":true,"href":"https:\/\/georgegruoposs.com\/es\/wp-json\/wp\/v2\/furniture-materials?post=5027"},{"taxonomy":"tile_65","embeddable":true,"href":"https:\/\/georgegruoposs.com\/es\/wp-json\/wp\/v2\/tile_65?post=5027"},{"taxonomy":"tile","embeddable":true,"href":"https:\/\/georgegruoposs.com\/es\/wp-json\/wp\/v2\/tile?post=5027"},{"taxonomy":"marble-granite","embeddable":true,"href":"https:\/\/georgegruoposs.com\/es\/wp-json\/wp\/v2\/marble-granite?post=5027"},{"taxonomy":"furnishing-materials","embeddable":true,"href":"https:\/\/georgegruoposs.com\/es\/wp-json\/wp\/v2\/furnishing-materials?post=5027"},{"taxonomy":"doors-windows","embeddable":true,"href":"https:\/\/georgegruoposs.com\/es\/wp-json\/wp\/v2\/doors-windows?post=5027"}],"curies":[{"name":"wp","href":"https:\/\/api.w.org\/{rel}","templated":true}]}}