{"id":4715,"date":"2025-02-24T05:46:08","date_gmt":"2025-02-24T05:46:08","guid":{"rendered":"https:\/\/georgegruoposs.com\/?post_type=product&#038;p=4715"},"modified":"2025-02-24T05:46:09","modified_gmt":"2025-02-24T05:46:09","slug":"industrial-dry-powder-fire-extinguisher","status":"publish","type":"product","link":"https:\/\/georgegruoposs.com\/pt\/product\/industrial-dry-powder-fire-extinguisher\/","title":{"rendered":"Industrial Dry Powder Fire Extinguisher"},"excerpt":{"rendered":"<p>Our Industrial Dry Powder Fire Extinguisher is a crucial safety device for industrial settings. It uses dry powder as the extinguishing agent, which can effectively put out fires of various types, including combustible solids, liquids, and gases. With a high &#8211; pressure design, it provides a strong and wide &#8211; reaching spray. It&#8217;s easy to operate, ensuring quick response in case of fire emergencies, safeguarding your industrial facilities and personnel.<\/p>","protected":false},"featured_media":4718,"template":"","meta":{"_eb_attr":"","_uag_custom_page_level_css":"","pgc_sgb_lightbox_settings":""},"product_brand":[],"product_cat":[136],"product_tag":[],"metal-glass":[224],"lighting":[],"flooring-staircase":[],"kitchenwardrobe":[],"appliances":[],"furniture-materials":[],"tile_65":[],"tile":[],"marble-granite":[],"furnishing-materials":[],"doors-windows":[],"class_list":{"0":"post-4715","1":"product","2":"type-product","3":"status-publish","4":"has-post-thumbnail","6":"product_cat-metal-glass","7":"metal-glass-fire-fighting-equipment","9":"first","10":"instock","11":"shipping-taxable","12":"product-type-simple"},"yoast_head":"<!-- This site is optimized with the Yoast SEO Premium plugin v23.6 (Yoast SEO v23.6) - https:\/\/yoast.com\/wordpress\/plugins\/seo\/ -->\n<title>Industrial Dry Powder Fire Extinguisher - China Building Materials | Whole House Customization<\/title>\n<meta name=\"robots\" content=\"index, follow, max-snippet:-1, max-image-preview:large, max-video-preview:-1\" \/>\n<link rel=\"canonical\" href=\"https:\/\/georgegruoposs.com\/pt\/wp-json\/wp\/v2\/product\/4715\" \/>\n<meta property=\"og:locale\" content=\"pt_PT\" \/>\n<meta property=\"og:type\" content=\"article\" \/>\n<meta property=\"og:title\" content=\"Industrial Dry Powder Fire Extinguisher\" \/>\n<meta property=\"og:description\" content=\"Our Industrial Dry Powder Fire Extinguisher is a crucial safety device for industrial settings. It uses dry powder as the extinguishing agent, which can effectively put out fires of various types, including combustible solids, liquids, and gases. With a high - pressure design, it provides a strong and wide - reaching spray. It&#039;s easy to operate, ensuring quick response in case of fire emergencies, safeguarding your industrial facilities and personnel.\" \/>\n<meta property=\"og:url\" content=\"https:\/\/georgegruoposs.com\/pt\/product\/industrial-dry-powder-fire-extinguisher\/\" \/>\n<meta property=\"og:site_name\" content=\"China Building Materials | Whole House Customization\" \/>\n<meta property=\"article:modified_time\" content=\"2025-02-24T05:46:09+00:00\" \/>\n<meta property=\"og:image\" content=\"https:\/\/georgegruoposs.com\/wp-content\/uploads\/2025\/02\/VERSALITE_-ON-FIRE-EX-2.jpg\" \/>\n\t<meta property=\"og:image:width\" content=\"1778\" \/>\n\t<meta property=\"og:image:height\" content=\"1185\" \/>\n\t<meta property=\"og:image:type\" content=\"image\/jpeg\" \/>\n<meta name=\"twitter:card\" content=\"summary_large_image\" \/>\n<script type=\"application\/ld+json\" class=\"yoast-schema-graph\">{\"@context\":\"https:\/\/schema.org\",\"@graph\":[{\"@type\":\"WebPage\",\"@id\":\"https:\/\/georgegruoposs.com\/product\/industrial-dry-powder-fire-extinguisher\/\",\"url\":\"https:\/\/georgegruoposs.com\/product\/industrial-dry-powder-fire-extinguisher\/\",\"name\":\"Industrial Dry Powder Fire Extinguisher - China Building Materials | Whole House Customization\",\"isPartOf\":{\"@id\":\"https:\/\/georgegruoposs.com\/#website\"},\"primaryImageOfPage\":{\"@id\":\"https:\/\/georgegruoposs.com\/product\/industrial-dry-powder-fire-extinguisher\/#primaryimage\"},\"image\":{\"@id\":\"https:\/\/georgegruoposs.com\/product\/industrial-dry-powder-fire-extinguisher\/#primaryimage\"},\"thumbnailUrl\":\"https:\/\/georgegruoposs.com\/wp-content\/uploads\/2025\/02\/VERSALITE_-ON-FIRE-EX-2.jpg?wsr\",\"datePublished\":\"2025-02-24T05:46:08+00:00\",\"dateModified\":\"2025-02-24T05:46:09+00:00\",\"breadcrumb\":{\"@id\":\"https:\/\/georgegruoposs.com\/product\/industrial-dry-powder-fire-extinguisher\/#breadcrumb\"},\"inLanguage\":\"pt-AO\",\"potentialAction\":[{\"@type\":\"ReadAction\",\"target\":[\"https:\/\/georgegruoposs.com\/product\/industrial-dry-powder-fire-extinguisher\/\"]}]},{\"@type\":\"ImageObject\",\"inLanguage\":\"pt-AO\",\"@id\":\"https:\/\/georgegruoposs.com\/product\/industrial-dry-powder-fire-extinguisher\/#primaryimage\",\"url\":\"https:\/\/georgegruoposs.com\/wp-content\/uploads\/2025\/02\/VERSALITE_-ON-FIRE-EX-2.jpg?wsr\",\"contentUrl\":\"https:\/\/georgegruoposs.com\/wp-content\/uploads\/2025\/02\/VERSALITE_-ON-FIRE-EX-2.jpg?wsr\",\"width\":1778,\"height\":1185},{\"@type\":\"BreadcrumbList\",\"@id\":\"https:\/\/georgegruoposs.com\/product\/industrial-dry-powder-fire-extinguisher\/#breadcrumb\",\"itemListElement\":[{\"@type\":\"ListItem\",\"position\":1,\"name\":\"Home\",\"item\":\"https:\/\/georgegruoposs.com\/\"},{\"@type\":\"ListItem\",\"position\":2,\"name\":\"Products\",\"item\":\"https:\/\/georgegruoposs.com\/tr\/shop\/\"},{\"@type\":\"ListItem\",\"position\":3,\"name\":\"Industrial Dry Powder Fire Extinguisher\"}]},{\"@type\":\"WebSite\",\"@id\":\"https:\/\/georgegruoposs.com\/#website\",\"url\":\"https:\/\/georgegruoposs.com\/\",\"name\":\"China Building Materials | Whole House Customization\",\"description\":\"China Building Materials | Whole House Customization\",\"publisher\":{\"@id\":\"https:\/\/georgegruoposs.com\/#organization\"},\"potentialAction\":[{\"@type\":\"SearchAction\",\"target\":{\"@type\":\"EntryPoint\",\"urlTemplate\":\"https:\/\/georgegruoposs.com\/?s={search_term_string}\"},\"query-input\":{\"@type\":\"PropertyValueSpecification\",\"valueRequired\":true,\"valueName\":\"search_term_string\"}}],\"inLanguage\":\"pt-AO\"},{\"@type\":\"Organization\",\"@id\":\"https:\/\/georgegruoposs.com\/#organization\",\"name\":\"China Building Materials | Whole House Customization\",\"url\":\"https:\/\/georgegruoposs.com\/\",\"logo\":{\"@type\":\"ImageObject\",\"inLanguage\":\"pt-AO\",\"@id\":\"https:\/\/georgegruoposs.com\/#\/schema\/logo\/image\/\",\"url\":\"https:\/\/georgegruoposs.com\/wp-content\/uploads\/2024\/11\/George-Group-Logo-White-2048x631-1.png?wsr\",\"contentUrl\":\"https:\/\/georgegruoposs.com\/wp-content\/uploads\/2024\/11\/George-Group-Logo-White-2048x631-1.png?wsr\",\"width\":2048,\"height\":631,\"caption\":\"China Building Materials | Whole House Customization\"},\"image\":{\"@id\":\"https:\/\/georgegruoposs.com\/#\/schema\/logo\/image\/\"}}]}<\/script>\n<!-- \/ Yoast SEO Premium plugin. -->","yoast_head_json":{"title":"Industrial Dry Powder Fire Extinguisher - China Building Materials | Whole House Customization","robots":{"index":"index","follow":"follow","max-snippet":"max-snippet:-1","max-image-preview":"max-image-preview:large","max-video-preview":"max-video-preview:-1"},"canonical":"https:\/\/georgegruoposs.com\/pt\/wp-json\/wp\/v2\/product\/4715","og_locale":"pt_PT","og_type":"article","og_title":"Industrial Dry Powder Fire Extinguisher","og_description":"Our Industrial Dry Powder Fire Extinguisher is a crucial safety device for industrial settings. It uses dry powder as the extinguishing agent, which can effectively put out fires of various types, including combustible solids, liquids, and gases. With a high - pressure design, it provides a strong and wide - reaching spray. It's easy to operate, ensuring quick response in case of fire emergencies, safeguarding your industrial facilities and personnel.","og_url":"https:\/\/georgegruoposs.com\/pt\/product\/industrial-dry-powder-fire-extinguisher\/","og_site_name":"China Building Materials | Whole House Customization","article_modified_time":"2025-02-24T05:46:09+00:00","og_image":[{"width":1778,"height":1185,"url":"https:\/\/georgegruoposs.com\/wp-content\/uploads\/2025\/02\/VERSALITE_-ON-FIRE-EX-2.jpg","type":"image\/jpeg"}],"twitter_card":"summary_large_image","schema":{"@context":"https:\/\/schema.org","@graph":[{"@type":"WebPage","@id":"https:\/\/georgegruoposs.com\/product\/industrial-dry-powder-fire-extinguisher\/","url":"https:\/\/georgegruoposs.com\/product\/industrial-dry-powder-fire-extinguisher\/","name":"Industrial Dry Powder Fire Extinguisher - China Building Materials | Whole House Customization","isPartOf":{"@id":"https:\/\/georgegruoposs.com\/#website"},"primaryImageOfPage":{"@id":"https:\/\/georgegruoposs.com\/product\/industrial-dry-powder-fire-extinguisher\/#primaryimage"},"image":{"@id":"https:\/\/georgegruoposs.com\/product\/industrial-dry-powder-fire-extinguisher\/#primaryimage"},"thumbnailUrl":"https:\/\/georgegruoposs.com\/wp-content\/uploads\/2025\/02\/VERSALITE_-ON-FIRE-EX-2.jpg?wsr","datePublished":"2025-02-24T05:46:08+00:00","dateModified":"2025-02-24T05:46:09+00:00","breadcrumb":{"@id":"https:\/\/georgegruoposs.com\/product\/industrial-dry-powder-fire-extinguisher\/#breadcrumb"},"inLanguage":"pt-AO","potentialAction":[{"@type":"ReadAction","target":["https:\/\/georgegruoposs.com\/product\/industrial-dry-powder-fire-extinguisher\/"]}]},{"@type":"ImageObject","inLanguage":"pt-AO","@id":"https:\/\/georgegruoposs.com\/product\/industrial-dry-powder-fire-extinguisher\/#primaryimage","url":"https:\/\/georgegruoposs.com\/wp-content\/uploads\/2025\/02\/VERSALITE_-ON-FIRE-EX-2.jpg?wsr","contentUrl":"https:\/\/georgegruoposs.com\/wp-content\/uploads\/2025\/02\/VERSALITE_-ON-FIRE-EX-2.jpg?wsr","width":1778,"height":1185},{"@type":"BreadcrumbList","@id":"https:\/\/georgegruoposs.com\/product\/industrial-dry-powder-fire-extinguisher\/#breadcrumb","itemListElement":[{"@type":"ListItem","position":1,"name":"Home","item":"https:\/\/georgegruoposs.com\/"},{"@type":"ListItem","position":2,"name":"Products","item":"https:\/\/georgegruoposs.com\/tr\/shop\/"},{"@type":"ListItem","position":3,"name":"Industrial Dry Powder Fire Extinguisher"}]},{"@type":"WebSite","@id":"https:\/\/georgegruoposs.com\/#website","url":"https:\/\/georgegruoposs.com\/","name":"China Materiais de Constru\u00e7\u00e3o | Personaliza\u00e7\u00e3o de toda a casa","description":"China Materiais de Constru\u00e7\u00e3o | Personaliza\u00e7\u00e3o de toda a casa","publisher":{"@id":"https:\/\/georgegruoposs.com\/#organization"},"potentialAction":[{"@type":"SearchAction","target":{"@type":"EntryPoint","urlTemplate":"https:\/\/georgegruoposs.com\/?s={search_term_string}"},"query-input":{"@type":"PropertyValueSpecification","valueRequired":true,"valueName":"search_term_string"}}],"inLanguage":"pt-AO"},{"@type":"Organization","@id":"https:\/\/georgegruoposs.com\/#organization","name":"China Materiais de Constru\u00e7\u00e3o | Personaliza\u00e7\u00e3o de toda a casa","url":"https:\/\/georgegruoposs.com\/","logo":{"@type":"ImageObject","inLanguage":"pt-AO","@id":"https:\/\/georgegruoposs.com\/#\/schema\/logo\/image\/","url":"https:\/\/georgegruoposs.com\/wp-content\/uploads\/2024\/11\/George-Group-Logo-White-2048x631-1.png?wsr","contentUrl":"https:\/\/georgegruoposs.com\/wp-content\/uploads\/2024\/11\/George-Group-Logo-White-2048x631-1.png?wsr","width":2048,"height":631,"caption":"China Building Materials | Whole House Customization"},"image":{"@id":"https:\/\/georgegruoposs.com\/#\/schema\/logo\/image\/"}}]}},"uagb_featured_image_src":{"full":["https:\/\/georgegruoposs.com\/wp-content\/uploads\/2025\/02\/VERSALITE_-ON-FIRE-EX-2.jpg?wsr",1778,1185,false],"thumbnail":["https:\/\/georgegruoposs.com\/wp-content\/uploads\/2025\/02\/VERSALITE_-ON-FIRE-EX-2-150x150.jpg?wsr",150,150,true],"medium":["https:\/\/georgegruoposs.com\/wp-content\/uploads\/2025\/02\/VERSALITE_-ON-FIRE-EX-2-300x200.jpg?wsr",300,200,true],"medium_large":["https:\/\/georgegruoposs.com\/wp-content\/uploads\/2025\/02\/VERSALITE_-ON-FIRE-EX-2-768x512.jpg?wsr",768,512,true],"large":["https:\/\/georgegruoposs.com\/wp-content\/uploads\/2025\/02\/VERSALITE_-ON-FIRE-EX-2-1024x682.jpg?wsr",800,533,true],"1536x1536":["https:\/\/georgegruoposs.com\/wp-content\/uploads\/2025\/02\/VERSALITE_-ON-FIRE-EX-2-1536x1024.jpg?wsr",1536,1024,true],"2048x2048":["https:\/\/georgegruoposs.com\/wp-content\/uploads\/2025\/02\/VERSALITE_-ON-FIRE-EX-2.jpg?wsr",1778,1185,false],"trp-custom-language-flag":["https:\/\/georgegruoposs.com\/wp-content\/uploads\/2025\/02\/VERSALITE_-ON-FIRE-EX-2.jpg?wsr",18,12,false],"woocommerce_thumbnail":["https:\/\/georgegruoposs.com\/wp-content\/uploads\/2025\/02\/VERSALITE_-ON-FIRE-EX-2-300x300.jpg?wsr",300,300,true],"woocommerce_single":["https:\/\/georgegruoposs.com\/wp-content\/uploads\/2025\/02\/VERSALITE_-ON-FIRE-EX-2-600x400.jpg?wsr",600,400,true],"woocommerce_gallery_thumbnail":["https:\/\/georgegruoposs.com\/wp-content\/uploads\/2025\/02\/VERSALITE_-ON-FIRE-EX-2-100x100.jpg?wsr",100,100,true]},"uagb_author_info":{"display_name":"lanadmin","author_link":"https:\/\/georgegruoposs.com\/pt\/author\/"},"uagb_comment_info":0,"uagb_excerpt":"Our Industrial Dry Powder Fire Extinguisher is a crucial safety device for industrial settings. It uses dry powder as the extinguishing agent, which can effectively put out fires of various types, including combustible solids, liquids, and gases. With a high - pressure design, it provides a strong and wide - reaching spray. It's easy to&hellip;","_links":{"self":[{"href":"https:\/\/georgegruoposs.com\/pt\/wp-json\/wp\/v2\/product\/4715","targetHints":{"allow":["GET"]}}],"collection":[{"href":"https:\/\/georgegruoposs.com\/pt\/wp-json\/wp\/v2\/product"}],"about":[{"href":"https:\/\/georgegruoposs.com\/pt\/wp-json\/wp\/v2\/types\/product"}],"wp:featuredmedia":[{"embeddable":true,"href":"https:\/\/georgegruoposs.com\/pt\/wp-json\/wp\/v2\/media\/4718"}],"wp:attachment":[{"href":"https:\/\/georgegruoposs.com\/pt\/wp-json\/wp\/v2\/media?parent=4715"}],"wp:term":[{"taxonomy":"product_brand","embeddable":true,"href":"https:\/\/georgegruoposs.com\/pt\/wp-json\/wp\/v2\/product_brand?post=4715"},{"taxonomy":"product_cat","embeddable":true,"href":"https:\/\/georgegruoposs.com\/pt\/wp-json\/wp\/v2\/product_cat?post=4715"},{"taxonomy":"product_tag","embeddable":true,"href":"https:\/\/georgegruoposs.com\/pt\/wp-json\/wp\/v2\/product_tag?post=4715"},{"taxonomy":"metal-glass","embeddable":true,"href":"https:\/\/georgegruoposs.com\/pt\/wp-json\/wp\/v2\/metal-glass?post=4715"},{"taxonomy":"lighting","embeddable":true,"href":"https:\/\/georgegruoposs.com\/pt\/wp-json\/wp\/v2\/lighting?post=4715"},{"taxonomy":"flooring-staircase","embeddable":true,"href":"https:\/\/georgegruoposs.com\/pt\/wp-json\/wp\/v2\/flooring-staircase?post=4715"},{"taxonomy":"kitchenwardrobe","embeddable":true,"href":"https:\/\/georgegruoposs.com\/pt\/wp-json\/wp\/v2\/kitchenwardrobe?post=4715"},{"taxonomy":"appliances","embeddable":true,"href":"https:\/\/georgegruoposs.com\/pt\/wp-json\/wp\/v2\/appliances?post=4715"},{"taxonomy":"furniture-materials","embeddable":true,"href":"https:\/\/georgegruoposs.com\/pt\/wp-json\/wp\/v2\/furniture-materials?post=4715"},{"taxonomy":"tile_65","embeddable":true,"href":"https:\/\/georgegruoposs.com\/pt\/wp-json\/wp\/v2\/tile_65?post=4715"},{"taxonomy":"tile","embeddable":true,"href":"https:\/\/georgegruoposs.com\/pt\/wp-json\/wp\/v2\/tile?post=4715"},{"taxonomy":"marble-granite","embeddable":true,"href":"https:\/\/georgegruoposs.com\/pt\/wp-json\/wp\/v2\/marble-granite?post=4715"},{"taxonomy":"furnishing-materials","embeddable":true,"href":"https:\/\/georgegruoposs.com\/pt\/wp-json\/wp\/v2\/furnishing-materials?post=4715"},{"taxonomy":"doors-windows","embeddable":true,"href":"https:\/\/georgegruoposs.com\/pt\/wp-json\/wp\/v2\/doors-windows?post=4715"}],"curies":[{"name":"wp","href":"https:\/\/api.w.org\/{rel}","templated":true}]}}