{"id":4742,"date":"2025-02-24T05:56:50","date_gmt":"2025-02-24T05:56:50","guid":{"rendered":"https:\/\/georgegruoposs.com\/?post_type=product&#038;p=4742"},"modified":"2025-02-24T05:56:51","modified_gmt":"2025-02-24T05:56:51","slug":"premium-customized-aluminum-composite-panels-for-architectural-cladding","status":"publish","type":"product","link":"https:\/\/georgegruoposs.com\/pt\/product\/premium-customized-aluminum-composite-panels-for-architectural-cladding\/","title":{"rendered":"Premium Customized Aluminum Composite Panels for Architectural Cladding"},"excerpt":{"rendered":"<p>Our Premium Customized Aluminum Composite Panels for Architectural Cladding are designed to elevate the look of buildings. These panels are made of high &#8211; quality aluminum and composite materials, offering excellent durability and weather resistance. They can be customized in terms of color, texture, and size to match the specific design requirements of any architectural project. Ideal for modern building facades, they enhance the building&#8217;s aesthetic and performance.<\/p>","protected":false},"featured_media":4748,"template":"","meta":{"_eb_attr":"","_uag_custom_page_level_css":"","pgc_sgb_lightbox_settings":""},"product_brand":[],"product_cat":[136],"product_tag":[],"metal-glass":[226],"lighting":[],"flooring-staircase":[],"kitchenwardrobe":[],"appliances":[],"furniture-materials":[],"tile_65":[],"tile":[],"marble-granite":[],"furnishing-materials":[],"doors-windows":[],"class_list":{"0":"post-4742","1":"product","2":"type-product","3":"status-publish","4":"has-post-thumbnail","6":"product_cat-metal-glass","7":"metal-glass-metal","9":"first","10":"instock","11":"shipping-taxable","12":"product-type-simple"},"yoast_head":"<!-- This site is optimized with the Yoast SEO Premium plugin v23.6 (Yoast SEO v23.6) - https:\/\/yoast.com\/wordpress\/plugins\/seo\/ -->\n<title>Premium Customized Aluminum Composite Panels for Architectural Cladding - China Building Materials | Whole House Customization<\/title>\n<meta name=\"robots\" content=\"index, follow, max-snippet:-1, max-image-preview:large, max-video-preview:-1\" \/>\n<link rel=\"canonical\" href=\"https:\/\/georgegruoposs.com\/pt\/wp-json\/wp\/v2\/product\/4742\" \/>\n<meta property=\"og:locale\" content=\"pt_PT\" \/>\n<meta property=\"og:type\" content=\"article\" \/>\n<meta property=\"og:title\" content=\"Premium Customized Aluminum Composite Panels for Architectural Cladding\" \/>\n<meta property=\"og:description\" content=\"Our Premium Customized Aluminum Composite Panels for Architectural Cladding are designed to elevate the look of buildings. These panels are made of high - quality aluminum and composite materials, offering excellent durability and weather resistance. They can be customized in terms of color, texture, and size to match the specific design requirements of any architectural project. Ideal for modern building facades, they enhance the building&#039;s aesthetic and performance.\" \/>\n<meta property=\"og:url\" content=\"https:\/\/georgegruoposs.com\/pt\/product\/premium-customized-aluminum-composite-panels-for-architectural-cladding\/\" \/>\n<meta property=\"og:site_name\" content=\"China Building Materials | Whole House Customization\" \/>\n<meta property=\"article:modified_time\" content=\"2025-02-24T05:56:51+00:00\" \/>\n<meta property=\"og:image\" content=\"https:\/\/georgegruoposs.com\/wp-content\/uploads\/2025\/02\/S4013e765b6ef45ebbb23609fa6dcc7aer.jpg\" \/>\n\t<meta property=\"og:image:width\" content=\"1440\" \/>\n\t<meta property=\"og:image:height\" content=\"1080\" \/>\n\t<meta property=\"og:image:type\" content=\"image\/jpeg\" \/>\n<meta name=\"twitter:card\" content=\"summary_large_image\" \/>\n<script type=\"application\/ld+json\" class=\"yoast-schema-graph\">{\"@context\":\"https:\/\/schema.org\",\"@graph\":[{\"@type\":\"WebPage\",\"@id\":\"https:\/\/georgegruoposs.com\/product\/premium-customized-aluminum-composite-panels-for-architectural-cladding\/\",\"url\":\"https:\/\/georgegruoposs.com\/product\/premium-customized-aluminum-composite-panels-for-architectural-cladding\/\",\"name\":\"Premium Customized Aluminum Composite Panels for Architectural Cladding - China Building Materials | Whole House Customization\",\"isPartOf\":{\"@id\":\"https:\/\/georgegruoposs.com\/#website\"},\"primaryImageOfPage\":{\"@id\":\"https:\/\/georgegruoposs.com\/product\/premium-customized-aluminum-composite-panels-for-architectural-cladding\/#primaryimage\"},\"image\":{\"@id\":\"https:\/\/georgegruoposs.com\/product\/premium-customized-aluminum-composite-panels-for-architectural-cladding\/#primaryimage\"},\"thumbnailUrl\":\"https:\/\/georgegruoposs.com\/wp-content\/uploads\/2025\/02\/S4013e765b6ef45ebbb23609fa6dcc7aer.jpg?wsr\",\"datePublished\":\"2025-02-24T05:56:50+00:00\",\"dateModified\":\"2025-02-24T05:56:51+00:00\",\"breadcrumb\":{\"@id\":\"https:\/\/georgegruoposs.com\/product\/premium-customized-aluminum-composite-panels-for-architectural-cladding\/#breadcrumb\"},\"inLanguage\":\"pt-AO\",\"potentialAction\":[{\"@type\":\"ReadAction\",\"target\":[\"https:\/\/georgegruoposs.com\/product\/premium-customized-aluminum-composite-panels-for-architectural-cladding\/\"]}]},{\"@type\":\"ImageObject\",\"inLanguage\":\"pt-AO\",\"@id\":\"https:\/\/georgegruoposs.com\/product\/premium-customized-aluminum-composite-panels-for-architectural-cladding\/#primaryimage\",\"url\":\"https:\/\/georgegruoposs.com\/wp-content\/uploads\/2025\/02\/S4013e765b6ef45ebbb23609fa6dcc7aer.jpg?wsr\",\"contentUrl\":\"https:\/\/georgegruoposs.com\/wp-content\/uploads\/2025\/02\/S4013e765b6ef45ebbb23609fa6dcc7aer.jpg?wsr\",\"width\":1440,\"height\":1080},{\"@type\":\"BreadcrumbList\",\"@id\":\"https:\/\/georgegruoposs.com\/product\/premium-customized-aluminum-composite-panels-for-architectural-cladding\/#breadcrumb\",\"itemListElement\":[{\"@type\":\"ListItem\",\"position\":1,\"name\":\"Home\",\"item\":\"https:\/\/georgegruoposs.com\/\"},{\"@type\":\"ListItem\",\"position\":2,\"name\":\"Products\",\"item\":\"https:\/\/georgegruoposs.com\/tr\/shop\/\"},{\"@type\":\"ListItem\",\"position\":3,\"name\":\"Premium Customized Aluminum Composite Panels for Architectural Cladding\"}]},{\"@type\":\"WebSite\",\"@id\":\"https:\/\/georgegruoposs.com\/#website\",\"url\":\"https:\/\/georgegruoposs.com\/\",\"name\":\"China Building Materials | Whole House Customization\",\"description\":\"China Building Materials | Whole House Customization\",\"publisher\":{\"@id\":\"https:\/\/georgegruoposs.com\/#organization\"},\"potentialAction\":[{\"@type\":\"SearchAction\",\"target\":{\"@type\":\"EntryPoint\",\"urlTemplate\":\"https:\/\/georgegruoposs.com\/?s={search_term_string}\"},\"query-input\":{\"@type\":\"PropertyValueSpecification\",\"valueRequired\":true,\"valueName\":\"search_term_string\"}}],\"inLanguage\":\"pt-AO\"},{\"@type\":\"Organization\",\"@id\":\"https:\/\/georgegruoposs.com\/#organization\",\"name\":\"China Building Materials | Whole House Customization\",\"url\":\"https:\/\/georgegruoposs.com\/\",\"logo\":{\"@type\":\"ImageObject\",\"inLanguage\":\"pt-AO\",\"@id\":\"https:\/\/georgegruoposs.com\/#\/schema\/logo\/image\/\",\"url\":\"https:\/\/georgegruoposs.com\/wp-content\/uploads\/2024\/11\/George-Group-Logo-White-2048x631-1.png?wsr\",\"contentUrl\":\"https:\/\/georgegruoposs.com\/wp-content\/uploads\/2024\/11\/George-Group-Logo-White-2048x631-1.png?wsr\",\"width\":2048,\"height\":631,\"caption\":\"China Building Materials | Whole House Customization\"},\"image\":{\"@id\":\"https:\/\/georgegruoposs.com\/#\/schema\/logo\/image\/\"}}]}<\/script>\n<!-- \/ Yoast SEO Premium plugin. -->","yoast_head_json":{"title":"Premium Customized Aluminum Composite Panels for Architectural Cladding - China Building Materials | Whole House Customization","robots":{"index":"index","follow":"follow","max-snippet":"max-snippet:-1","max-image-preview":"max-image-preview:large","max-video-preview":"max-video-preview:-1"},"canonical":"https:\/\/georgegruoposs.com\/pt\/wp-json\/wp\/v2\/product\/4742","og_locale":"pt_PT","og_type":"article","og_title":"Premium Customized Aluminum Composite Panels for Architectural Cladding","og_description":"Our Premium Customized Aluminum Composite Panels for Architectural Cladding are designed to elevate the look of buildings. These panels are made of high - quality aluminum and composite materials, offering excellent durability and weather resistance. They can be customized in terms of color, texture, and size to match the specific design requirements of any architectural project. Ideal for modern building facades, they enhance the building's aesthetic and performance.","og_url":"https:\/\/georgegruoposs.com\/pt\/product\/premium-customized-aluminum-composite-panels-for-architectural-cladding\/","og_site_name":"China Building Materials | Whole House Customization","article_modified_time":"2025-02-24T05:56:51+00:00","og_image":[{"width":1440,"height":1080,"url":"https:\/\/georgegruoposs.com\/wp-content\/uploads\/2025\/02\/S4013e765b6ef45ebbb23609fa6dcc7aer.jpg","type":"image\/jpeg"}],"twitter_card":"summary_large_image","schema":{"@context":"https:\/\/schema.org","@graph":[{"@type":"WebPage","@id":"https:\/\/georgegruoposs.com\/product\/premium-customized-aluminum-composite-panels-for-architectural-cladding\/","url":"https:\/\/georgegruoposs.com\/product\/premium-customized-aluminum-composite-panels-for-architectural-cladding\/","name":"Premium Customized Aluminum Composite Panels for Architectural Cladding - China Building Materials | Whole House Customization","isPartOf":{"@id":"https:\/\/georgegruoposs.com\/#website"},"primaryImageOfPage":{"@id":"https:\/\/georgegruoposs.com\/product\/premium-customized-aluminum-composite-panels-for-architectural-cladding\/#primaryimage"},"image":{"@id":"https:\/\/georgegruoposs.com\/product\/premium-customized-aluminum-composite-panels-for-architectural-cladding\/#primaryimage"},"thumbnailUrl":"https:\/\/georgegruoposs.com\/wp-content\/uploads\/2025\/02\/S4013e765b6ef45ebbb23609fa6dcc7aer.jpg?wsr","datePublished":"2025-02-24T05:56:50+00:00","dateModified":"2025-02-24T05:56:51+00:00","breadcrumb":{"@id":"https:\/\/georgegruoposs.com\/product\/premium-customized-aluminum-composite-panels-for-architectural-cladding\/#breadcrumb"},"inLanguage":"pt-AO","potentialAction":[{"@type":"ReadAction","target":["https:\/\/georgegruoposs.com\/product\/premium-customized-aluminum-composite-panels-for-architectural-cladding\/"]}]},{"@type":"ImageObject","inLanguage":"pt-AO","@id":"https:\/\/georgegruoposs.com\/product\/premium-customized-aluminum-composite-panels-for-architectural-cladding\/#primaryimage","url":"https:\/\/georgegruoposs.com\/wp-content\/uploads\/2025\/02\/S4013e765b6ef45ebbb23609fa6dcc7aer.jpg?wsr","contentUrl":"https:\/\/georgegruoposs.com\/wp-content\/uploads\/2025\/02\/S4013e765b6ef45ebbb23609fa6dcc7aer.jpg?wsr","width":1440,"height":1080},{"@type":"BreadcrumbList","@id":"https:\/\/georgegruoposs.com\/product\/premium-customized-aluminum-composite-panels-for-architectural-cladding\/#breadcrumb","itemListElement":[{"@type":"ListItem","position":1,"name":"Home","item":"https:\/\/georgegruoposs.com\/"},{"@type":"ListItem","position":2,"name":"Products","item":"https:\/\/georgegruoposs.com\/tr\/shop\/"},{"@type":"ListItem","position":3,"name":"Premium Customized Aluminum Composite Panels for Architectural Cladding"}]},{"@type":"WebSite","@id":"https:\/\/georgegruoposs.com\/#website","url":"https:\/\/georgegruoposs.com\/","name":"China Materiais de Constru\u00e7\u00e3o | Personaliza\u00e7\u00e3o de toda a casa","description":"China Materiais de Constru\u00e7\u00e3o | Personaliza\u00e7\u00e3o de toda a casa","publisher":{"@id":"https:\/\/georgegruoposs.com\/#organization"},"potentialAction":[{"@type":"SearchAction","target":{"@type":"EntryPoint","urlTemplate":"https:\/\/georgegruoposs.com\/?s={search_term_string}"},"query-input":{"@type":"PropertyValueSpecification","valueRequired":true,"valueName":"search_term_string"}}],"inLanguage":"pt-AO"},{"@type":"Organization","@id":"https:\/\/georgegruoposs.com\/#organization","name":"China Materiais de Constru\u00e7\u00e3o | Personaliza\u00e7\u00e3o de toda a casa","url":"https:\/\/georgegruoposs.com\/","logo":{"@type":"ImageObject","inLanguage":"pt-AO","@id":"https:\/\/georgegruoposs.com\/#\/schema\/logo\/image\/","url":"https:\/\/georgegruoposs.com\/wp-content\/uploads\/2024\/11\/George-Group-Logo-White-2048x631-1.png?wsr","contentUrl":"https:\/\/georgegruoposs.com\/wp-content\/uploads\/2024\/11\/George-Group-Logo-White-2048x631-1.png?wsr","width":2048,"height":631,"caption":"China Building Materials | Whole House Customization"},"image":{"@id":"https:\/\/georgegruoposs.com\/#\/schema\/logo\/image\/"}}]}},"uagb_featured_image_src":{"full":["https:\/\/georgegruoposs.com\/wp-content\/uploads\/2025\/02\/S4013e765b6ef45ebbb23609fa6dcc7aer.jpg?wsr",1440,1080,false],"thumbnail":["https:\/\/georgegruoposs.com\/wp-content\/uploads\/2025\/02\/S4013e765b6ef45ebbb23609fa6dcc7aer-150x150.jpg?wsr",150,150,true],"medium":["https:\/\/georgegruoposs.com\/wp-content\/uploads\/2025\/02\/S4013e765b6ef45ebbb23609fa6dcc7aer-300x225.jpg?wsr",300,225,true],"medium_large":["https:\/\/georgegruoposs.com\/wp-content\/uploads\/2025\/02\/S4013e765b6ef45ebbb23609fa6dcc7aer-768x576.jpg?wsr",768,576,true],"large":["https:\/\/georgegruoposs.com\/wp-content\/uploads\/2025\/02\/S4013e765b6ef45ebbb23609fa6dcc7aer-1024x768.jpg?wsr",800,600,true],"1536x1536":["https:\/\/georgegruoposs.com\/wp-content\/uploads\/2025\/02\/S4013e765b6ef45ebbb23609fa6dcc7aer.jpg?wsr",1440,1080,false],"2048x2048":["https:\/\/georgegruoposs.com\/wp-content\/uploads\/2025\/02\/S4013e765b6ef45ebbb23609fa6dcc7aer.jpg?wsr",1440,1080,false],"trp-custom-language-flag":["https:\/\/georgegruoposs.com\/wp-content\/uploads\/2025\/02\/S4013e765b6ef45ebbb23609fa6dcc7aer.jpg?wsr",16,12,false],"woocommerce_thumbnail":["https:\/\/georgegruoposs.com\/wp-content\/uploads\/2025\/02\/S4013e765b6ef45ebbb23609fa6dcc7aer-300x300.jpg?wsr",300,300,true],"woocommerce_single":["https:\/\/georgegruoposs.com\/wp-content\/uploads\/2025\/02\/S4013e765b6ef45ebbb23609fa6dcc7aer-600x450.jpg?wsr",600,450,true],"woocommerce_gallery_thumbnail":["https:\/\/georgegruoposs.com\/wp-content\/uploads\/2025\/02\/S4013e765b6ef45ebbb23609fa6dcc7aer-100x100.jpg?wsr",100,100,true]},"uagb_author_info":{"display_name":"lanadmin","author_link":"https:\/\/georgegruoposs.com\/pt\/author\/"},"uagb_comment_info":0,"uagb_excerpt":"Our Premium Customized Aluminum Composite Panels for Architectural Cladding are designed to elevate the look of buildings. These panels are made of high - quality aluminum and composite materials, offering excellent durability and weather resistance. They can be customized in terms of color, texture, and size to match the specific design requirements of any architectural&hellip;","_links":{"self":[{"href":"https:\/\/georgegruoposs.com\/pt\/wp-json\/wp\/v2\/product\/4742","targetHints":{"allow":["GET"]}}],"collection":[{"href":"https:\/\/georgegruoposs.com\/pt\/wp-json\/wp\/v2\/product"}],"about":[{"href":"https:\/\/georgegruoposs.com\/pt\/wp-json\/wp\/v2\/types\/product"}],"wp:featuredmedia":[{"embeddable":true,"href":"https:\/\/georgegruoposs.com\/pt\/wp-json\/wp\/v2\/media\/4748"}],"wp:attachment":[{"href":"https:\/\/georgegruoposs.com\/pt\/wp-json\/wp\/v2\/media?parent=4742"}],"wp:term":[{"taxonomy":"product_brand","embeddable":true,"href":"https:\/\/georgegruoposs.com\/pt\/wp-json\/wp\/v2\/product_brand?post=4742"},{"taxonomy":"product_cat","embeddable":true,"href":"https:\/\/georgegruoposs.com\/pt\/wp-json\/wp\/v2\/product_cat?post=4742"},{"taxonomy":"product_tag","embeddable":true,"href":"https:\/\/georgegruoposs.com\/pt\/wp-json\/wp\/v2\/product_tag?post=4742"},{"taxonomy":"metal-glass","embeddable":true,"href":"https:\/\/georgegruoposs.com\/pt\/wp-json\/wp\/v2\/metal-glass?post=4742"},{"taxonomy":"lighting","embeddable":true,"href":"https:\/\/georgegruoposs.com\/pt\/wp-json\/wp\/v2\/lighting?post=4742"},{"taxonomy":"flooring-staircase","embeddable":true,"href":"https:\/\/georgegruoposs.com\/pt\/wp-json\/wp\/v2\/flooring-staircase?post=4742"},{"taxonomy":"kitchenwardrobe","embeddable":true,"href":"https:\/\/georgegruoposs.com\/pt\/wp-json\/wp\/v2\/kitchenwardrobe?post=4742"},{"taxonomy":"appliances","embeddable":true,"href":"https:\/\/georgegruoposs.com\/pt\/wp-json\/wp\/v2\/appliances?post=4742"},{"taxonomy":"furniture-materials","embeddable":true,"href":"https:\/\/georgegruoposs.com\/pt\/wp-json\/wp\/v2\/furniture-materials?post=4742"},{"taxonomy":"tile_65","embeddable":true,"href":"https:\/\/georgegruoposs.com\/pt\/wp-json\/wp\/v2\/tile_65?post=4742"},{"taxonomy":"tile","embeddable":true,"href":"https:\/\/georgegruoposs.com\/pt\/wp-json\/wp\/v2\/tile?post=4742"},{"taxonomy":"marble-granite","embeddable":true,"href":"https:\/\/georgegruoposs.com\/pt\/wp-json\/wp\/v2\/marble-granite?post=4742"},{"taxonomy":"furnishing-materials","embeddable":true,"href":"https:\/\/georgegruoposs.com\/pt\/wp-json\/wp\/v2\/furnishing-materials?post=4742"},{"taxonomy":"doors-windows","embeddable":true,"href":"https:\/\/georgegruoposs.com\/pt\/wp-json\/wp\/v2\/doors-windows?post=4742"}],"curies":[{"name":"wp","href":"https:\/\/api.w.org\/{rel}","templated":true}]}}