{"id":4765,"date":"2025-02-24T06:04:42","date_gmt":"2025-02-24T06:04:42","guid":{"rendered":"https:\/\/georgegruoposs.com\/?post_type=product&#038;p=4765"},"modified":"2025-02-24T06:04:43","modified_gmt":"2025-02-24T06:04:43","slug":"modern-and-minimalist-aluminum-square-tubes-grilles","status":"publish","type":"product","link":"https:\/\/georgegruoposs.com\/pt\/product\/modern-and-minimalist-aluminum-square-tubes-grilles\/","title":{"rendered":"Modern and Minimalist Aluminum Square Tubes\/Grilles"},"excerpt":{"rendered":"<p>Our Modern and Minimalist Aluminum Square Tubes\/Grilles are designed to meet the needs of contemporary architecture. With their clean lines and simple design, they add a modern and stylish touch to buildings. These tubes and grilles are made of high &#8211; quality aluminum, offering excellent durability and corrosion resistance. They can be used in facades, balconies, and interior partitions, providing both functionality and aesthetic appeal.<\/p>","protected":false},"featured_media":4767,"template":"","meta":{"_eb_attr":"","_uag_custom_page_level_css":"","pgc_sgb_lightbox_settings":""},"product_brand":[],"product_cat":[136],"product_tag":[],"metal-glass":[226],"lighting":[],"flooring-staircase":[],"kitchenwardrobe":[],"appliances":[],"furniture-materials":[],"tile_65":[],"tile":[],"marble-granite":[],"furnishing-materials":[],"doors-windows":[],"class_list":{"0":"post-4765","1":"product","2":"type-product","3":"status-publish","4":"has-post-thumbnail","6":"product_cat-metal-glass","7":"metal-glass-metal","9":"first","10":"instock","11":"shipping-taxable","12":"product-type-simple"},"yoast_head":"<!-- This site is optimized with the Yoast SEO Premium plugin v23.6 (Yoast SEO v23.6) - https:\/\/yoast.com\/wordpress\/plugins\/seo\/ -->\n<title>Modern and Minimalist Aluminum Square Tubes\/Grilles - China Building Materials | Whole House Customization<\/title>\n<meta name=\"robots\" content=\"index, follow, max-snippet:-1, max-image-preview:large, max-video-preview:-1\" \/>\n<link rel=\"canonical\" href=\"https:\/\/georgegruoposs.com\/pt\/wp-json\/wp\/v2\/product\/4765\" \/>\n<meta property=\"og:locale\" content=\"pt_PT\" \/>\n<meta property=\"og:type\" content=\"article\" \/>\n<meta property=\"og:title\" content=\"Modern and Minimalist Aluminum Square Tubes\/Grilles\" \/>\n<meta property=\"og:description\" content=\"Our Modern and Minimalist Aluminum Square Tubes\/Grilles are designed to meet the needs of contemporary architecture. With their clean lines and simple design, they add a modern and stylish touch to buildings. These tubes and grilles are made of high - quality aluminum, offering excellent durability and corrosion resistance. They can be used in facades, balconies, and interior partitions, providing both functionality and aesthetic appeal.\" \/>\n<meta property=\"og:url\" content=\"https:\/\/georgegruoposs.com\/pt\/product\/modern-and-minimalist-aluminum-square-tubes-grilles\/\" \/>\n<meta property=\"og:site_name\" content=\"China Building Materials | Whole House Customization\" \/>\n<meta property=\"article:modified_time\" content=\"2025-02-24T06:04:43+00:00\" \/>\n<meta property=\"og:image\" content=\"https:\/\/georgegruoposs.com\/wp-content\/uploads\/2025\/02\/79d1e4f9b0df184009a253c7e8466445c8bb5f4b2284f-LcOXGU.jpg\" \/>\n\t<meta property=\"og:image:width\" content=\"2133\" \/>\n\t<meta property=\"og:image:height\" content=\"1193\" \/>\n\t<meta property=\"og:image:type\" content=\"image\/jpeg\" \/>\n<meta name=\"twitter:card\" content=\"summary_large_image\" \/>\n<script type=\"application\/ld+json\" class=\"yoast-schema-graph\">{\"@context\":\"https:\/\/schema.org\",\"@graph\":[{\"@type\":\"WebPage\",\"@id\":\"https:\/\/georgegruoposs.com\/product\/modern-and-minimalist-aluminum-square-tubes-grilles\/\",\"url\":\"https:\/\/georgegruoposs.com\/product\/modern-and-minimalist-aluminum-square-tubes-grilles\/\",\"name\":\"Modern and Minimalist Aluminum Square Tubes\/Grilles - China Building Materials | Whole House Customization\",\"isPartOf\":{\"@id\":\"https:\/\/georgegruoposs.com\/#website\"},\"primaryImageOfPage\":{\"@id\":\"https:\/\/georgegruoposs.com\/product\/modern-and-minimalist-aluminum-square-tubes-grilles\/#primaryimage\"},\"image\":{\"@id\":\"https:\/\/georgegruoposs.com\/product\/modern-and-minimalist-aluminum-square-tubes-grilles\/#primaryimage\"},\"thumbnailUrl\":\"https:\/\/georgegruoposs.com\/wp-content\/uploads\/2025\/02\/79d1e4f9b0df184009a253c7e8466445c8bb5f4b2284f-LcOXGU.jpg?wsr\",\"datePublished\":\"2025-02-24T06:04:42+00:00\",\"dateModified\":\"2025-02-24T06:04:43+00:00\",\"breadcrumb\":{\"@id\":\"https:\/\/georgegruoposs.com\/product\/modern-and-minimalist-aluminum-square-tubes-grilles\/#breadcrumb\"},\"inLanguage\":\"pt-AO\",\"potentialAction\":[{\"@type\":\"ReadAction\",\"target\":[\"https:\/\/georgegruoposs.com\/product\/modern-and-minimalist-aluminum-square-tubes-grilles\/\"]}]},{\"@type\":\"ImageObject\",\"inLanguage\":\"pt-AO\",\"@id\":\"https:\/\/georgegruoposs.com\/product\/modern-and-minimalist-aluminum-square-tubes-grilles\/#primaryimage\",\"url\":\"https:\/\/georgegruoposs.com\/wp-content\/uploads\/2025\/02\/79d1e4f9b0df184009a253c7e8466445c8bb5f4b2284f-LcOXGU.jpg?wsr\",\"contentUrl\":\"https:\/\/georgegruoposs.com\/wp-content\/uploads\/2025\/02\/79d1e4f9b0df184009a253c7e8466445c8bb5f4b2284f-LcOXGU.jpg?wsr\",\"width\":2133,\"height\":1193},{\"@type\":\"BreadcrumbList\",\"@id\":\"https:\/\/georgegruoposs.com\/product\/modern-and-minimalist-aluminum-square-tubes-grilles\/#breadcrumb\",\"itemListElement\":[{\"@type\":\"ListItem\",\"position\":1,\"name\":\"Home\",\"item\":\"https:\/\/georgegruoposs.com\/\"},{\"@type\":\"ListItem\",\"position\":2,\"name\":\"Products\",\"item\":\"https:\/\/georgegruoposs.com\/tr\/shop\/\"},{\"@type\":\"ListItem\",\"position\":3,\"name\":\"Modern and Minimalist Aluminum Square Tubes\/Grilles\"}]},{\"@type\":\"WebSite\",\"@id\":\"https:\/\/georgegruoposs.com\/#website\",\"url\":\"https:\/\/georgegruoposs.com\/\",\"name\":\"China Building Materials | Whole House Customization\",\"description\":\"China Building Materials | Whole House Customization\",\"publisher\":{\"@id\":\"https:\/\/georgegruoposs.com\/#organization\"},\"potentialAction\":[{\"@type\":\"SearchAction\",\"target\":{\"@type\":\"EntryPoint\",\"urlTemplate\":\"https:\/\/georgegruoposs.com\/?s={search_term_string}\"},\"query-input\":{\"@type\":\"PropertyValueSpecification\",\"valueRequired\":true,\"valueName\":\"search_term_string\"}}],\"inLanguage\":\"pt-AO\"},{\"@type\":\"Organization\",\"@id\":\"https:\/\/georgegruoposs.com\/#organization\",\"name\":\"China Building Materials | Whole House Customization\",\"url\":\"https:\/\/georgegruoposs.com\/\",\"logo\":{\"@type\":\"ImageObject\",\"inLanguage\":\"pt-AO\",\"@id\":\"https:\/\/georgegruoposs.com\/#\/schema\/logo\/image\/\",\"url\":\"https:\/\/georgegruoposs.com\/wp-content\/uploads\/2024\/11\/George-Group-Logo-White-2048x631-1.png?wsr\",\"contentUrl\":\"https:\/\/georgegruoposs.com\/wp-content\/uploads\/2024\/11\/George-Group-Logo-White-2048x631-1.png?wsr\",\"width\":2048,\"height\":631,\"caption\":\"China Building Materials | Whole House Customization\"},\"image\":{\"@id\":\"https:\/\/georgegruoposs.com\/#\/schema\/logo\/image\/\"}}]}<\/script>\n<!-- \/ Yoast SEO Premium plugin. -->","yoast_head_json":{"title":"Modern and Minimalist Aluminum Square Tubes\/Grilles - China Building Materials | Whole House Customization","robots":{"index":"index","follow":"follow","max-snippet":"max-snippet:-1","max-image-preview":"max-image-preview:large","max-video-preview":"max-video-preview:-1"},"canonical":"https:\/\/georgegruoposs.com\/pt\/wp-json\/wp\/v2\/product\/4765","og_locale":"pt_PT","og_type":"article","og_title":"Modern and Minimalist Aluminum Square Tubes\/Grilles","og_description":"Our Modern and Minimalist Aluminum Square Tubes\/Grilles are designed to meet the needs of contemporary architecture. With their clean lines and simple design, they add a modern and stylish touch to buildings. These tubes and grilles are made of high - quality aluminum, offering excellent durability and corrosion resistance. They can be used in facades, balconies, and interior partitions, providing both functionality and aesthetic appeal.","og_url":"https:\/\/georgegruoposs.com\/pt\/product\/modern-and-minimalist-aluminum-square-tubes-grilles\/","og_site_name":"China Building Materials | Whole House Customization","article_modified_time":"2025-02-24T06:04:43+00:00","og_image":[{"width":2133,"height":1193,"url":"https:\/\/georgegruoposs.com\/wp-content\/uploads\/2025\/02\/79d1e4f9b0df184009a253c7e8466445c8bb5f4b2284f-LcOXGU.jpg","type":"image\/jpeg"}],"twitter_card":"summary_large_image","schema":{"@context":"https:\/\/schema.org","@graph":[{"@type":"WebPage","@id":"https:\/\/georgegruoposs.com\/product\/modern-and-minimalist-aluminum-square-tubes-grilles\/","url":"https:\/\/georgegruoposs.com\/product\/modern-and-minimalist-aluminum-square-tubes-grilles\/","name":"Modern and Minimalist Aluminum Square Tubes\/Grilles - China Building Materials | Whole House Customization","isPartOf":{"@id":"https:\/\/georgegruoposs.com\/#website"},"primaryImageOfPage":{"@id":"https:\/\/georgegruoposs.com\/product\/modern-and-minimalist-aluminum-square-tubes-grilles\/#primaryimage"},"image":{"@id":"https:\/\/georgegruoposs.com\/product\/modern-and-minimalist-aluminum-square-tubes-grilles\/#primaryimage"},"thumbnailUrl":"https:\/\/georgegruoposs.com\/wp-content\/uploads\/2025\/02\/79d1e4f9b0df184009a253c7e8466445c8bb5f4b2284f-LcOXGU.jpg?wsr","datePublished":"2025-02-24T06:04:42+00:00","dateModified":"2025-02-24T06:04:43+00:00","breadcrumb":{"@id":"https:\/\/georgegruoposs.com\/product\/modern-and-minimalist-aluminum-square-tubes-grilles\/#breadcrumb"},"inLanguage":"pt-AO","potentialAction":[{"@type":"ReadAction","target":["https:\/\/georgegruoposs.com\/product\/modern-and-minimalist-aluminum-square-tubes-grilles\/"]}]},{"@type":"ImageObject","inLanguage":"pt-AO","@id":"https:\/\/georgegruoposs.com\/product\/modern-and-minimalist-aluminum-square-tubes-grilles\/#primaryimage","url":"https:\/\/georgegruoposs.com\/wp-content\/uploads\/2025\/02\/79d1e4f9b0df184009a253c7e8466445c8bb5f4b2284f-LcOXGU.jpg?wsr","contentUrl":"https:\/\/georgegruoposs.com\/wp-content\/uploads\/2025\/02\/79d1e4f9b0df184009a253c7e8466445c8bb5f4b2284f-LcOXGU.jpg?wsr","width":2133,"height":1193},{"@type":"BreadcrumbList","@id":"https:\/\/georgegruoposs.com\/product\/modern-and-minimalist-aluminum-square-tubes-grilles\/#breadcrumb","itemListElement":[{"@type":"ListItem","position":1,"name":"Home","item":"https:\/\/georgegruoposs.com\/"},{"@type":"ListItem","position":2,"name":"Products","item":"https:\/\/georgegruoposs.com\/tr\/shop\/"},{"@type":"ListItem","position":3,"name":"Modern and Minimalist Aluminum Square Tubes\/Grilles"}]},{"@type":"WebSite","@id":"https:\/\/georgegruoposs.com\/#website","url":"https:\/\/georgegruoposs.com\/","name":"China Materiais de Constru\u00e7\u00e3o | Personaliza\u00e7\u00e3o de toda a casa","description":"China Materiais de Constru\u00e7\u00e3o | Personaliza\u00e7\u00e3o de toda a casa","publisher":{"@id":"https:\/\/georgegruoposs.com\/#organization"},"potentialAction":[{"@type":"SearchAction","target":{"@type":"EntryPoint","urlTemplate":"https:\/\/georgegruoposs.com\/?s={search_term_string}"},"query-input":{"@type":"PropertyValueSpecification","valueRequired":true,"valueName":"search_term_string"}}],"inLanguage":"pt-AO"},{"@type":"Organization","@id":"https:\/\/georgegruoposs.com\/#organization","name":"China Materiais de Constru\u00e7\u00e3o | Personaliza\u00e7\u00e3o de toda a casa","url":"https:\/\/georgegruoposs.com\/","logo":{"@type":"ImageObject","inLanguage":"pt-AO","@id":"https:\/\/georgegruoposs.com\/#\/schema\/logo\/image\/","url":"https:\/\/georgegruoposs.com\/wp-content\/uploads\/2024\/11\/George-Group-Logo-White-2048x631-1.png?wsr","contentUrl":"https:\/\/georgegruoposs.com\/wp-content\/uploads\/2024\/11\/George-Group-Logo-White-2048x631-1.png?wsr","width":2048,"height":631,"caption":"China Building Materials | Whole House Customization"},"image":{"@id":"https:\/\/georgegruoposs.com\/#\/schema\/logo\/image\/"}}]}},"uagb_featured_image_src":{"full":["https:\/\/georgegruoposs.com\/wp-content\/uploads\/2025\/02\/79d1e4f9b0df184009a253c7e8466445c8bb5f4b2284f-LcOXGU.jpg?wsr",2133,1193,false],"thumbnail":["https:\/\/georgegruoposs.com\/wp-content\/uploads\/2025\/02\/79d1e4f9b0df184009a253c7e8466445c8bb5f4b2284f-LcOXGU-150x150.jpg?wsr",150,150,true],"medium":["https:\/\/georgegruoposs.com\/wp-content\/uploads\/2025\/02\/79d1e4f9b0df184009a253c7e8466445c8bb5f4b2284f-LcOXGU-300x168.jpg?wsr",300,168,true],"medium_large":["https:\/\/georgegruoposs.com\/wp-content\/uploads\/2025\/02\/79d1e4f9b0df184009a253c7e8466445c8bb5f4b2284f-LcOXGU-768x430.jpg?wsr",768,430,true],"large":["https:\/\/georgegruoposs.com\/wp-content\/uploads\/2025\/02\/79d1e4f9b0df184009a253c7e8466445c8bb5f4b2284f-LcOXGU-1024x573.jpg?wsr",800,448,true],"1536x1536":["https:\/\/georgegruoposs.com\/wp-content\/uploads\/2025\/02\/79d1e4f9b0df184009a253c7e8466445c8bb5f4b2284f-LcOXGU-1536x859.jpg?wsr",1536,859,true],"2048x2048":["https:\/\/georgegruoposs.com\/wp-content\/uploads\/2025\/02\/79d1e4f9b0df184009a253c7e8466445c8bb5f4b2284f-LcOXGU-2048x1145.jpg?wsr",2048,1145,true],"trp-custom-language-flag":["https:\/\/georgegruoposs.com\/wp-content\/uploads\/2025\/02\/79d1e4f9b0df184009a253c7e8466445c8bb5f4b2284f-LcOXGU.jpg?wsr",18,10,false],"woocommerce_thumbnail":["https:\/\/georgegruoposs.com\/wp-content\/uploads\/2025\/02\/79d1e4f9b0df184009a253c7e8466445c8bb5f4b2284f-LcOXGU-300x300.jpg?wsr",300,300,true],"woocommerce_single":["https:\/\/georgegruoposs.com\/wp-content\/uploads\/2025\/02\/79d1e4f9b0df184009a253c7e8466445c8bb5f4b2284f-LcOXGU-600x336.jpg?wsr",600,336,true],"woocommerce_gallery_thumbnail":["https:\/\/georgegruoposs.com\/wp-content\/uploads\/2025\/02\/79d1e4f9b0df184009a253c7e8466445c8bb5f4b2284f-LcOXGU-100x100.jpg?wsr",100,100,true]},"uagb_author_info":{"display_name":"lanadmin","author_link":"https:\/\/georgegruoposs.com\/pt\/author\/"},"uagb_comment_info":0,"uagb_excerpt":"Our Modern and Minimalist Aluminum Square Tubes\/Grilles are designed to meet the needs of contemporary architecture. With their clean lines and simple design, they add a modern and stylish touch to buildings. These tubes and grilles are made of high - quality aluminum, offering excellent durability and corrosion resistance. They can be used in facades,&hellip;","_links":{"self":[{"href":"https:\/\/georgegruoposs.com\/pt\/wp-json\/wp\/v2\/product\/4765","targetHints":{"allow":["GET"]}}],"collection":[{"href":"https:\/\/georgegruoposs.com\/pt\/wp-json\/wp\/v2\/product"}],"about":[{"href":"https:\/\/georgegruoposs.com\/pt\/wp-json\/wp\/v2\/types\/product"}],"wp:featuredmedia":[{"embeddable":true,"href":"https:\/\/georgegruoposs.com\/pt\/wp-json\/wp\/v2\/media\/4767"}],"wp:attachment":[{"href":"https:\/\/georgegruoposs.com\/pt\/wp-json\/wp\/v2\/media?parent=4765"}],"wp:term":[{"taxonomy":"product_brand","embeddable":true,"href":"https:\/\/georgegruoposs.com\/pt\/wp-json\/wp\/v2\/product_brand?post=4765"},{"taxonomy":"product_cat","embeddable":true,"href":"https:\/\/georgegruoposs.com\/pt\/wp-json\/wp\/v2\/product_cat?post=4765"},{"taxonomy":"product_tag","embeddable":true,"href":"https:\/\/georgegruoposs.com\/pt\/wp-json\/wp\/v2\/product_tag?post=4765"},{"taxonomy":"metal-glass","embeddable":true,"href":"https:\/\/georgegruoposs.com\/pt\/wp-json\/wp\/v2\/metal-glass?post=4765"},{"taxonomy":"lighting","embeddable":true,"href":"https:\/\/georgegruoposs.com\/pt\/wp-json\/wp\/v2\/lighting?post=4765"},{"taxonomy":"flooring-staircase","embeddable":true,"href":"https:\/\/georgegruoposs.com\/pt\/wp-json\/wp\/v2\/flooring-staircase?post=4765"},{"taxonomy":"kitchenwardrobe","embeddable":true,"href":"https:\/\/georgegruoposs.com\/pt\/wp-json\/wp\/v2\/kitchenwardrobe?post=4765"},{"taxonomy":"appliances","embeddable":true,"href":"https:\/\/georgegruoposs.com\/pt\/wp-json\/wp\/v2\/appliances?post=4765"},{"taxonomy":"furniture-materials","embeddable":true,"href":"https:\/\/georgegruoposs.com\/pt\/wp-json\/wp\/v2\/furniture-materials?post=4765"},{"taxonomy":"tile_65","embeddable":true,"href":"https:\/\/georgegruoposs.com\/pt\/wp-json\/wp\/v2\/tile_65?post=4765"},{"taxonomy":"tile","embeddable":true,"href":"https:\/\/georgegruoposs.com\/pt\/wp-json\/wp\/v2\/tile?post=4765"},{"taxonomy":"marble-granite","embeddable":true,"href":"https:\/\/georgegruoposs.com\/pt\/wp-json\/wp\/v2\/marble-granite?post=4765"},{"taxonomy":"furnishing-materials","embeddable":true,"href":"https:\/\/georgegruoposs.com\/pt\/wp-json\/wp\/v2\/furnishing-materials?post=4765"},{"taxonomy":"doors-windows","embeddable":true,"href":"https:\/\/georgegruoposs.com\/pt\/wp-json\/wp\/v2\/doors-windows?post=4765"}],"curies":[{"name":"wp","href":"https:\/\/api.w.org\/{rel}","templated":true}]}}