{"id":4802,"date":"2025-02-24T06:16:49","date_gmt":"2025-02-24T06:16:49","guid":{"rendered":"https:\/\/georgegruoposs.com\/?post_type=product&#038;p=4802"},"modified":"2025-02-24T06:16:50","modified_gmt":"2025-02-24T06:16:50","slug":"safe-and-convenient-ppr-pipes-and-fittings","status":"publish","type":"product","link":"https:\/\/georgegruoposs.com\/pt\/product\/safe-and-convenient-ppr-pipes-and-fittings\/","title":{"rendered":"Tubos e acess\u00f3rios de PPR seguros e pr\u00e1ticos"},"excerpt":{"rendered":"<p>Our Safe and Convenient PPR Pipes and Fittings are designed for safe and efficient plumbing. Made of random copolymer polypropylene, these pipes and fittings are heat &#8211; resistant, pressure &#8211; resistant, and non &#8211; toxic. They are easy to install using heat &#8211; fusion methods, ensuring a leak &#8211; free connection. Ideal for hot and cold water supply systems in homes and commercial buildings, they offer convenience and peace of mind.<\/p>","protected":false},"featured_media":4806,"template":"","meta":{"_eb_attr":"","_uag_custom_page_level_css":"","pgc_sgb_lightbox_settings":""},"product_brand":[],"product_cat":[136],"product_tag":[],"metal-glass":[227],"lighting":[],"flooring-staircase":[],"kitchenwardrobe":[],"appliances":[],"furniture-materials":[],"tile_65":[],"tile":[],"marble-granite":[],"furnishing-materials":[],"doors-windows":[],"class_list":{"0":"post-4802","1":"product","2":"type-product","3":"status-publish","4":"has-post-thumbnail","6":"product_cat-metal-glass","7":"metal-glass-pipeline","9":"first","10":"instock","11":"shipping-taxable","12":"product-type-simple"},"yoast_head":"<!-- This site is optimized with the Yoast SEO Premium plugin v23.6 (Yoast SEO v23.6) - https:\/\/yoast.com\/wordpress\/plugins\/seo\/ -->\n<title>Safe and Convenient PPR Pipes and Fittings - China Building Materials | Whole House Customization<\/title>\n<meta name=\"robots\" content=\"index, follow, max-snippet:-1, max-image-preview:large, max-video-preview:-1\" \/>\n<link rel=\"canonical\" href=\"https:\/\/georgegruoposs.com\/pt\/wp-json\/wp\/v2\/product\/4802\" \/>\n<meta property=\"og:locale\" content=\"pt_PT\" \/>\n<meta property=\"og:type\" content=\"article\" \/>\n<meta property=\"og:title\" content=\"Safe and Convenient PPR Pipes and Fittings\" \/>\n<meta property=\"og:description\" content=\"Our Safe and Convenient PPR Pipes and Fittings are designed for safe and efficient plumbing. Made of random copolymer polypropylene, these pipes and fittings are heat - resistant, pressure - resistant, and non - toxic. They are easy to install using heat - fusion methods, ensuring a leak - free connection. Ideal for hot and cold water supply systems in homes and commercial buildings, they offer convenience and peace of mind.\" \/>\n<meta property=\"og:url\" content=\"https:\/\/georgegruoposs.com\/pt\/product\/safe-and-convenient-ppr-pipes-and-fittings\/\" \/>\n<meta property=\"og:site_name\" content=\"China Building Materials | Whole House Customization\" \/>\n<meta property=\"article:modified_time\" content=\"2025-02-24T06:16:50+00:00\" \/>\n<meta property=\"og:image\" content=\"https:\/\/georgegruoposs.com\/wp-content\/uploads\/2025\/02\/16f61a3d202fd606fc6130b47ee28abf-1024x579.jpg\" \/>\n\t<meta property=\"og:image:width\" content=\"1024\" \/>\n\t<meta property=\"og:image:height\" content=\"579\" \/>\n\t<meta property=\"og:image:type\" content=\"image\/jpeg\" \/>\n<meta name=\"twitter:card\" content=\"summary_large_image\" \/>\n<script type=\"application\/ld+json\" class=\"yoast-schema-graph\">{\"@context\":\"https:\/\/schema.org\",\"@graph\":[{\"@type\":\"WebPage\",\"@id\":\"https:\/\/georgegruoposs.com\/product\/safe-and-convenient-ppr-pipes-and-fittings\/\",\"url\":\"https:\/\/georgegruoposs.com\/product\/safe-and-convenient-ppr-pipes-and-fittings\/\",\"name\":\"Safe and Convenient PPR Pipes and Fittings - China Building Materials | Whole House Customization\",\"isPartOf\":{\"@id\":\"https:\/\/georgegruoposs.com\/#website\"},\"primaryImageOfPage\":{\"@id\":\"https:\/\/georgegruoposs.com\/product\/safe-and-convenient-ppr-pipes-and-fittings\/#primaryimage\"},\"image\":{\"@id\":\"https:\/\/georgegruoposs.com\/product\/safe-and-convenient-ppr-pipes-and-fittings\/#primaryimage\"},\"thumbnailUrl\":\"https:\/\/georgegruoposs.com\/wp-content\/uploads\/2025\/02\/16f61a3d202fd606fc6130b47ee28abf.jpg?wsr\",\"datePublished\":\"2025-02-24T06:16:49+00:00\",\"dateModified\":\"2025-02-24T06:16:50+00:00\",\"breadcrumb\":{\"@id\":\"https:\/\/georgegruoposs.com\/product\/safe-and-convenient-ppr-pipes-and-fittings\/#breadcrumb\"},\"inLanguage\":\"pt-AO\",\"potentialAction\":[{\"@type\":\"ReadAction\",\"target\":[\"https:\/\/georgegruoposs.com\/product\/safe-and-convenient-ppr-pipes-and-fittings\/\"]}]},{\"@type\":\"ImageObject\",\"inLanguage\":\"pt-AO\",\"@id\":\"https:\/\/georgegruoposs.com\/product\/safe-and-convenient-ppr-pipes-and-fittings\/#primaryimage\",\"url\":\"https:\/\/georgegruoposs.com\/wp-content\/uploads\/2025\/02\/16f61a3d202fd606fc6130b47ee28abf.jpg?wsr\",\"contentUrl\":\"https:\/\/georgegruoposs.com\/wp-content\/uploads\/2025\/02\/16f61a3d202fd606fc6130b47ee28abf.jpg?wsr\",\"width\":2103,\"height\":1189},{\"@type\":\"BreadcrumbList\",\"@id\":\"https:\/\/georgegruoposs.com\/product\/safe-and-convenient-ppr-pipes-and-fittings\/#breadcrumb\",\"itemListElement\":[{\"@type\":\"ListItem\",\"position\":1,\"name\":\"Home\",\"item\":\"https:\/\/georgegruoposs.com\/\"},{\"@type\":\"ListItem\",\"position\":2,\"name\":\"Products\",\"item\":\"https:\/\/georgegruoposs.com\/tr\/shop\/\"},{\"@type\":\"ListItem\",\"position\":3,\"name\":\"Safe and Convenient PPR Pipes and Fittings\"}]},{\"@type\":\"WebSite\",\"@id\":\"https:\/\/georgegruoposs.com\/#website\",\"url\":\"https:\/\/georgegruoposs.com\/\",\"name\":\"China Building Materials | Whole House Customization\",\"description\":\"China Building Materials | Whole House Customization\",\"publisher\":{\"@id\":\"https:\/\/georgegruoposs.com\/#organization\"},\"potentialAction\":[{\"@type\":\"SearchAction\",\"target\":{\"@type\":\"EntryPoint\",\"urlTemplate\":\"https:\/\/georgegruoposs.com\/?s={search_term_string}\"},\"query-input\":{\"@type\":\"PropertyValueSpecification\",\"valueRequired\":true,\"valueName\":\"search_term_string\"}}],\"inLanguage\":\"pt-AO\"},{\"@type\":\"Organization\",\"@id\":\"https:\/\/georgegruoposs.com\/#organization\",\"name\":\"China Building Materials | Whole House Customization\",\"url\":\"https:\/\/georgegruoposs.com\/\",\"logo\":{\"@type\":\"ImageObject\",\"inLanguage\":\"pt-AO\",\"@id\":\"https:\/\/georgegruoposs.com\/#\/schema\/logo\/image\/\",\"url\":\"https:\/\/georgegruoposs.com\/wp-content\/uploads\/2024\/11\/George-Group-Logo-White-2048x631-1.png?wsr\",\"contentUrl\":\"https:\/\/georgegruoposs.com\/wp-content\/uploads\/2024\/11\/George-Group-Logo-White-2048x631-1.png?wsr\",\"width\":2048,\"height\":631,\"caption\":\"China Building Materials | Whole House Customization\"},\"image\":{\"@id\":\"https:\/\/georgegruoposs.com\/#\/schema\/logo\/image\/\"}}]}<\/script>\n<!-- \/ Yoast SEO Premium plugin. -->","yoast_head_json":{"title":"Safe and Convenient PPR Pipes and Fittings - China Building Materials | Whole House Customization","robots":{"index":"index","follow":"follow","max-snippet":"max-snippet:-1","max-image-preview":"max-image-preview:large","max-video-preview":"max-video-preview:-1"},"canonical":"https:\/\/georgegruoposs.com\/pt\/wp-json\/wp\/v2\/product\/4802","og_locale":"pt_PT","og_type":"article","og_title":"Safe and Convenient PPR Pipes and Fittings","og_description":"Our Safe and Convenient PPR Pipes and Fittings are designed for safe and efficient plumbing. Made of random copolymer polypropylene, these pipes and fittings are heat - resistant, pressure - resistant, and non - toxic. They are easy to install using heat - fusion methods, ensuring a leak - free connection. Ideal for hot and cold water supply systems in homes and commercial buildings, they offer convenience and peace of mind.","og_url":"https:\/\/georgegruoposs.com\/pt\/product\/safe-and-convenient-ppr-pipes-and-fittings\/","og_site_name":"China Building Materials | Whole House Customization","article_modified_time":"2025-02-24T06:16:50+00:00","og_image":[{"width":1024,"height":579,"url":"https:\/\/georgegruoposs.com\/wp-content\/uploads\/2025\/02\/16f61a3d202fd606fc6130b47ee28abf-1024x579.jpg","type":"image\/jpeg"}],"twitter_card":"summary_large_image","schema":{"@context":"https:\/\/schema.org","@graph":[{"@type":"WebPage","@id":"https:\/\/georgegruoposs.com\/product\/safe-and-convenient-ppr-pipes-and-fittings\/","url":"https:\/\/georgegruoposs.com\/product\/safe-and-convenient-ppr-pipes-and-fittings\/","name":"Safe and Convenient PPR Pipes and Fittings - China Building Materials | Whole House Customization","isPartOf":{"@id":"https:\/\/georgegruoposs.com\/#website"},"primaryImageOfPage":{"@id":"https:\/\/georgegruoposs.com\/product\/safe-and-convenient-ppr-pipes-and-fittings\/#primaryimage"},"image":{"@id":"https:\/\/georgegruoposs.com\/product\/safe-and-convenient-ppr-pipes-and-fittings\/#primaryimage"},"thumbnailUrl":"https:\/\/georgegruoposs.com\/wp-content\/uploads\/2025\/02\/16f61a3d202fd606fc6130b47ee28abf.jpg?wsr","datePublished":"2025-02-24T06:16:49+00:00","dateModified":"2025-02-24T06:16:50+00:00","breadcrumb":{"@id":"https:\/\/georgegruoposs.com\/product\/safe-and-convenient-ppr-pipes-and-fittings\/#breadcrumb"},"inLanguage":"pt-AO","potentialAction":[{"@type":"ReadAction","target":["https:\/\/georgegruoposs.com\/product\/safe-and-convenient-ppr-pipes-and-fittings\/"]}]},{"@type":"ImageObject","inLanguage":"pt-AO","@id":"https:\/\/georgegruoposs.com\/product\/safe-and-convenient-ppr-pipes-and-fittings\/#primaryimage","url":"https:\/\/georgegruoposs.com\/wp-content\/uploads\/2025\/02\/16f61a3d202fd606fc6130b47ee28abf.jpg?wsr","contentUrl":"https:\/\/georgegruoposs.com\/wp-content\/uploads\/2025\/02\/16f61a3d202fd606fc6130b47ee28abf.jpg?wsr","width":2103,"height":1189},{"@type":"BreadcrumbList","@id":"https:\/\/georgegruoposs.com\/product\/safe-and-convenient-ppr-pipes-and-fittings\/#breadcrumb","itemListElement":[{"@type":"ListItem","position":1,"name":"Home","item":"https:\/\/georgegruoposs.com\/"},{"@type":"ListItem","position":2,"name":"Products","item":"https:\/\/georgegruoposs.com\/tr\/shop\/"},{"@type":"ListItem","position":3,"name":"Safe and Convenient PPR Pipes and Fittings"}]},{"@type":"WebSite","@id":"https:\/\/georgegruoposs.com\/#website","url":"https:\/\/georgegruoposs.com\/","name":"China Materiais de Constru\u00e7\u00e3o | Personaliza\u00e7\u00e3o de toda a casa","description":"China Materiais de Constru\u00e7\u00e3o | Personaliza\u00e7\u00e3o de toda a casa","publisher":{"@id":"https:\/\/georgegruoposs.com\/#organization"},"potentialAction":[{"@type":"SearchAction","target":{"@type":"EntryPoint","urlTemplate":"https:\/\/georgegruoposs.com\/?s={search_term_string}"},"query-input":{"@type":"PropertyValueSpecification","valueRequired":true,"valueName":"search_term_string"}}],"inLanguage":"pt-AO"},{"@type":"Organization","@id":"https:\/\/georgegruoposs.com\/#organization","name":"China Materiais de Constru\u00e7\u00e3o | Personaliza\u00e7\u00e3o de toda a casa","url":"https:\/\/georgegruoposs.com\/","logo":{"@type":"ImageObject","inLanguage":"pt-AO","@id":"https:\/\/georgegruoposs.com\/#\/schema\/logo\/image\/","url":"https:\/\/georgegruoposs.com\/wp-content\/uploads\/2024\/11\/George-Group-Logo-White-2048x631-1.png?wsr","contentUrl":"https:\/\/georgegruoposs.com\/wp-content\/uploads\/2024\/11\/George-Group-Logo-White-2048x631-1.png?wsr","width":2048,"height":631,"caption":"China Building Materials | Whole House Customization"},"image":{"@id":"https:\/\/georgegruoposs.com\/#\/schema\/logo\/image\/"}}]}},"uagb_featured_image_src":{"full":["https:\/\/georgegruoposs.com\/wp-content\/uploads\/2025\/02\/16f61a3d202fd606fc6130b47ee28abf.jpg?wsr",2103,1189,false],"thumbnail":["https:\/\/georgegruoposs.com\/wp-content\/uploads\/2025\/02\/16f61a3d202fd606fc6130b47ee28abf-150x150.jpg?wsr",150,150,true],"medium":["https:\/\/georgegruoposs.com\/wp-content\/uploads\/2025\/02\/16f61a3d202fd606fc6130b47ee28abf-300x170.jpg?wsr",300,170,true],"medium_large":["https:\/\/georgegruoposs.com\/wp-content\/uploads\/2025\/02\/16f61a3d202fd606fc6130b47ee28abf-768x434.jpg?wsr",768,434,true],"large":["https:\/\/georgegruoposs.com\/wp-content\/uploads\/2025\/02\/16f61a3d202fd606fc6130b47ee28abf-1024x579.jpg?wsr",800,452,true],"1536x1536":["https:\/\/georgegruoposs.com\/wp-content\/uploads\/2025\/02\/16f61a3d202fd606fc6130b47ee28abf-1536x868.jpg?wsr",1536,868,true],"2048x2048":["https:\/\/georgegruoposs.com\/wp-content\/uploads\/2025\/02\/16f61a3d202fd606fc6130b47ee28abf-2048x1158.jpg?wsr",2048,1158,true],"trp-custom-language-flag":["https:\/\/georgegruoposs.com\/wp-content\/uploads\/2025\/02\/16f61a3d202fd606fc6130b47ee28abf.jpg?wsr",18,10,false],"woocommerce_thumbnail":["https:\/\/georgegruoposs.com\/wp-content\/uploads\/2025\/02\/16f61a3d202fd606fc6130b47ee28abf-300x300.jpg?wsr",300,300,true],"woocommerce_single":["https:\/\/georgegruoposs.com\/wp-content\/uploads\/2025\/02\/16f61a3d202fd606fc6130b47ee28abf-600x339.jpg?wsr",600,339,true],"woocommerce_gallery_thumbnail":["https:\/\/georgegruoposs.com\/wp-content\/uploads\/2025\/02\/16f61a3d202fd606fc6130b47ee28abf-100x100.jpg?wsr",100,100,true]},"uagb_author_info":{"display_name":"lanadmin","author_link":"https:\/\/georgegruoposs.com\/pt\/author\/"},"uagb_comment_info":0,"uagb_excerpt":"Our Safe and Convenient PPR Pipes and Fittings are designed for safe and efficient plumbing. Made of random copolymer polypropylene, these pipes and fittings are heat - resistant, pressure - resistant, and non - toxic. They are easy to install using heat - fusion methods, ensuring a leak - free connection. Ideal for hot and&hellip;","_links":{"self":[{"href":"https:\/\/georgegruoposs.com\/pt\/wp-json\/wp\/v2\/product\/4802","targetHints":{"allow":["GET"]}}],"collection":[{"href":"https:\/\/georgegruoposs.com\/pt\/wp-json\/wp\/v2\/product"}],"about":[{"href":"https:\/\/georgegruoposs.com\/pt\/wp-json\/wp\/v2\/types\/product"}],"wp:featuredmedia":[{"embeddable":true,"href":"https:\/\/georgegruoposs.com\/pt\/wp-json\/wp\/v2\/media\/4806"}],"wp:attachment":[{"href":"https:\/\/georgegruoposs.com\/pt\/wp-json\/wp\/v2\/media?parent=4802"}],"wp:term":[{"taxonomy":"product_brand","embeddable":true,"href":"https:\/\/georgegruoposs.com\/pt\/wp-json\/wp\/v2\/product_brand?post=4802"},{"taxonomy":"product_cat","embeddable":true,"href":"https:\/\/georgegruoposs.com\/pt\/wp-json\/wp\/v2\/product_cat?post=4802"},{"taxonomy":"product_tag","embeddable":true,"href":"https:\/\/georgegruoposs.com\/pt\/wp-json\/wp\/v2\/product_tag?post=4802"},{"taxonomy":"metal-glass","embeddable":true,"href":"https:\/\/georgegruoposs.com\/pt\/wp-json\/wp\/v2\/metal-glass?post=4802"},{"taxonomy":"lighting","embeddable":true,"href":"https:\/\/georgegruoposs.com\/pt\/wp-json\/wp\/v2\/lighting?post=4802"},{"taxonomy":"flooring-staircase","embeddable":true,"href":"https:\/\/georgegruoposs.com\/pt\/wp-json\/wp\/v2\/flooring-staircase?post=4802"},{"taxonomy":"kitchenwardrobe","embeddable":true,"href":"https:\/\/georgegruoposs.com\/pt\/wp-json\/wp\/v2\/kitchenwardrobe?post=4802"},{"taxonomy":"appliances","embeddable":true,"href":"https:\/\/georgegruoposs.com\/pt\/wp-json\/wp\/v2\/appliances?post=4802"},{"taxonomy":"furniture-materials","embeddable":true,"href":"https:\/\/georgegruoposs.com\/pt\/wp-json\/wp\/v2\/furniture-materials?post=4802"},{"taxonomy":"tile_65","embeddable":true,"href":"https:\/\/georgegruoposs.com\/pt\/wp-json\/wp\/v2\/tile_65?post=4802"},{"taxonomy":"tile","embeddable":true,"href":"https:\/\/georgegruoposs.com\/pt\/wp-json\/wp\/v2\/tile?post=4802"},{"taxonomy":"marble-granite","embeddable":true,"href":"https:\/\/georgegruoposs.com\/pt\/wp-json\/wp\/v2\/marble-granite?post=4802"},{"taxonomy":"furnishing-materials","embeddable":true,"href":"https:\/\/georgegruoposs.com\/pt\/wp-json\/wp\/v2\/furnishing-materials?post=4802"},{"taxonomy":"doors-windows","embeddable":true,"href":"https:\/\/georgegruoposs.com\/pt\/wp-json\/wp\/v2\/doors-windows?post=4802"}],"curies":[{"name":"wp","href":"https:\/\/api.w.org\/{rel}","templated":true}]}}