{"id":4853,"date":"2025-02-24T06:47:15","date_gmt":"2025-02-24T06:47:15","guid":{"rendered":"https:\/\/georgegruoposs.com\/?post_type=product&#038;p=4853"},"modified":"2025-02-24T06:47:16","modified_gmt":"2025-02-24T06:47:16","slug":"fingerprint-password-smart-lock","status":"publish","type":"product","link":"https:\/\/georgegruoposs.com\/pt\/product\/fingerprint-password-smart-lock\/","title":{"rendered":"Bloqueio inteligente por impress\u00e3o digital e palavra-passe"},"excerpt":{"rendered":"<p>Enhance the security of your home with our Fingerprint &#038; Password Smart Lock. It offers multiple unlocking methods, including fingerprint recognition and password input, providing convenient and secure access. With advanced encryption technology, it protects your home from unauthorized entry. Say goodbye to keys and enjoy a worry &#8211; free life.<\/p>","protected":false},"featured_media":4858,"template":"","meta":{"_eb_attr":"","_uag_custom_page_level_css":"","pgc_sgb_lightbox_settings":""},"product_brand":[],"product_cat":[184],"product_tag":[],"metal-glass":[],"lighting":[],"flooring-staircase":[],"kitchenwardrobe":[],"appliances":[209],"furniture-materials":[],"tile_65":[],"tile":[],"marble-granite":[],"furnishing-materials":[],"doors-windows":[],"class_list":{"0":"post-4853","1":"product","2":"type-product","3":"status-publish","4":"has-post-thumbnail","6":"product_cat-appliances","7":"appliances-safety-and-surveillance-equipment","9":"first","10":"instock","11":"shipping-taxable","12":"product-type-simple"},"yoast_head":"<!-- This site is optimized with the Yoast SEO Premium plugin v23.6 (Yoast SEO v23.6) - https:\/\/yoast.com\/wordpress\/plugins\/seo\/ -->\n<title>Fingerprint &amp; Password Smart Lock - China Building Materials | Whole House Customization<\/title>\n<meta name=\"robots\" content=\"index, follow, max-snippet:-1, max-image-preview:large, max-video-preview:-1\" \/>\n<link rel=\"canonical\" href=\"https:\/\/georgegruoposs.com\/pt\/wp-json\/wp\/v2\/product\/4853\" \/>\n<meta property=\"og:locale\" content=\"pt_PT\" \/>\n<meta property=\"og:type\" content=\"article\" \/>\n<meta property=\"og:title\" content=\"Fingerprint &amp; Password Smart Lock\" \/>\n<meta property=\"og:description\" content=\"Enhance the security of your home with our Fingerprint &amp; Password Smart Lock. It offers multiple unlocking methods, including fingerprint recognition and password input, providing convenient and secure access. With advanced encryption technology, it protects your home from unauthorized entry. Say goodbye to keys and enjoy a worry - free life.\" \/>\n<meta property=\"og:url\" content=\"https:\/\/georgegruoposs.com\/pt\/product\/fingerprint-password-smart-lock\/\" \/>\n<meta property=\"og:site_name\" content=\"China Building Materials | Whole House Customization\" \/>\n<meta property=\"article:modified_time\" content=\"2025-02-24T06:47:16+00:00\" \/>\n<meta property=\"og:image\" content=\"https:\/\/georgegruoposs.com\/wp-content\/uploads\/2025\/02\/055ddca4436cfbea27f64f924656f8ae68a6c5811f4c2c-XNKut3_fw1200.jpg\" \/>\n\t<meta property=\"og:image:width\" content=\"1200\" \/>\n\t<meta property=\"og:image:height\" content=\"1200\" \/>\n\t<meta property=\"og:image:type\" content=\"image\/jpeg\" \/>\n<meta name=\"twitter:card\" content=\"summary_large_image\" \/>\n<script type=\"application\/ld+json\" class=\"yoast-schema-graph\">{\"@context\":\"https:\/\/schema.org\",\"@graph\":[{\"@type\":\"WebPage\",\"@id\":\"https:\/\/georgegruoposs.com\/product\/fingerprint-password-smart-lock\/\",\"url\":\"https:\/\/georgegruoposs.com\/product\/fingerprint-password-smart-lock\/\",\"name\":\"Fingerprint &amp; Password Smart Lock - China Building Materials | Whole House Customization\",\"isPartOf\":{\"@id\":\"https:\/\/georgegruoposs.com\/#website\"},\"primaryImageOfPage\":{\"@id\":\"https:\/\/georgegruoposs.com\/product\/fingerprint-password-smart-lock\/#primaryimage\"},\"image\":{\"@id\":\"https:\/\/georgegruoposs.com\/product\/fingerprint-password-smart-lock\/#primaryimage\"},\"thumbnailUrl\":\"https:\/\/georgegruoposs.com\/wp-content\/uploads\/2025\/02\/055ddca4436cfbea27f64f924656f8ae68a6c5811f4c2c-XNKut3_fw1200.jpg?wsr\",\"datePublished\":\"2025-02-24T06:47:15+00:00\",\"dateModified\":\"2025-02-24T06:47:16+00:00\",\"breadcrumb\":{\"@id\":\"https:\/\/georgegruoposs.com\/product\/fingerprint-password-smart-lock\/#breadcrumb\"},\"inLanguage\":\"pt-AO\",\"potentialAction\":[{\"@type\":\"ReadAction\",\"target\":[\"https:\/\/georgegruoposs.com\/product\/fingerprint-password-smart-lock\/\"]}]},{\"@type\":\"ImageObject\",\"inLanguage\":\"pt-AO\",\"@id\":\"https:\/\/georgegruoposs.com\/product\/fingerprint-password-smart-lock\/#primaryimage\",\"url\":\"https:\/\/georgegruoposs.com\/wp-content\/uploads\/2025\/02\/055ddca4436cfbea27f64f924656f8ae68a6c5811f4c2c-XNKut3_fw1200.jpg?wsr\",\"contentUrl\":\"https:\/\/georgegruoposs.com\/wp-content\/uploads\/2025\/02\/055ddca4436cfbea27f64f924656f8ae68a6c5811f4c2c-XNKut3_fw1200.jpg?wsr\",\"width\":1200,\"height\":1200},{\"@type\":\"BreadcrumbList\",\"@id\":\"https:\/\/georgegruoposs.com\/product\/fingerprint-password-smart-lock\/#breadcrumb\",\"itemListElement\":[{\"@type\":\"ListItem\",\"position\":1,\"name\":\"Home\",\"item\":\"https:\/\/georgegruoposs.com\/\"},{\"@type\":\"ListItem\",\"position\":2,\"name\":\"Products\",\"item\":\"https:\/\/georgegruoposs.com\/tr\/shop\/\"},{\"@type\":\"ListItem\",\"position\":3,\"name\":\"Fingerprint &amp; Password Smart Lock\"}]},{\"@type\":\"WebSite\",\"@id\":\"https:\/\/georgegruoposs.com\/#website\",\"url\":\"https:\/\/georgegruoposs.com\/\",\"name\":\"China Building Materials | Whole House Customization\",\"description\":\"China Building Materials | Whole House Customization\",\"publisher\":{\"@id\":\"https:\/\/georgegruoposs.com\/#organization\"},\"potentialAction\":[{\"@type\":\"SearchAction\",\"target\":{\"@type\":\"EntryPoint\",\"urlTemplate\":\"https:\/\/georgegruoposs.com\/?s={search_term_string}\"},\"query-input\":{\"@type\":\"PropertyValueSpecification\",\"valueRequired\":true,\"valueName\":\"search_term_string\"}}],\"inLanguage\":\"pt-AO\"},{\"@type\":\"Organization\",\"@id\":\"https:\/\/georgegruoposs.com\/#organization\",\"name\":\"China Building Materials | Whole House Customization\",\"url\":\"https:\/\/georgegruoposs.com\/\",\"logo\":{\"@type\":\"ImageObject\",\"inLanguage\":\"pt-AO\",\"@id\":\"https:\/\/georgegruoposs.com\/#\/schema\/logo\/image\/\",\"url\":\"https:\/\/georgegruoposs.com\/wp-content\/uploads\/2024\/11\/George-Group-Logo-White-2048x631-1.png?wsr\",\"contentUrl\":\"https:\/\/georgegruoposs.com\/wp-content\/uploads\/2024\/11\/George-Group-Logo-White-2048x631-1.png?wsr\",\"width\":2048,\"height\":631,\"caption\":\"China Building Materials | Whole House Customization\"},\"image\":{\"@id\":\"https:\/\/georgegruoposs.com\/#\/schema\/logo\/image\/\"}}]}<\/script>\n<!-- \/ Yoast SEO Premium plugin. -->","yoast_head_json":{"title":"Fingerprint &amp; Password Smart Lock - China Building Materials | Whole House Customization","robots":{"index":"index","follow":"follow","max-snippet":"max-snippet:-1","max-image-preview":"max-image-preview:large","max-video-preview":"max-video-preview:-1"},"canonical":"https:\/\/georgegruoposs.com\/pt\/wp-json\/wp\/v2\/product\/4853","og_locale":"pt_PT","og_type":"article","og_title":"Fingerprint &amp; Password Smart Lock","og_description":"Enhance the security of your home with our Fingerprint & Password Smart Lock. It offers multiple unlocking methods, including fingerprint recognition and password input, providing convenient and secure access. With advanced encryption technology, it protects your home from unauthorized entry. Say goodbye to keys and enjoy a worry - free life.","og_url":"https:\/\/georgegruoposs.com\/pt\/product\/fingerprint-password-smart-lock\/","og_site_name":"China Building Materials | Whole House Customization","article_modified_time":"2025-02-24T06:47:16+00:00","og_image":[{"width":1200,"height":1200,"url":"https:\/\/georgegruoposs.com\/wp-content\/uploads\/2025\/02\/055ddca4436cfbea27f64f924656f8ae68a6c5811f4c2c-XNKut3_fw1200.jpg","type":"image\/jpeg"}],"twitter_card":"summary_large_image","schema":{"@context":"https:\/\/schema.org","@graph":[{"@type":"WebPage","@id":"https:\/\/georgegruoposs.com\/product\/fingerprint-password-smart-lock\/","url":"https:\/\/georgegruoposs.com\/product\/fingerprint-password-smart-lock\/","name":"Fingerprint &amp; Password Smart Lock - China Building Materials | Whole House Customization","isPartOf":{"@id":"https:\/\/georgegruoposs.com\/#website"},"primaryImageOfPage":{"@id":"https:\/\/georgegruoposs.com\/product\/fingerprint-password-smart-lock\/#primaryimage"},"image":{"@id":"https:\/\/georgegruoposs.com\/product\/fingerprint-password-smart-lock\/#primaryimage"},"thumbnailUrl":"https:\/\/georgegruoposs.com\/wp-content\/uploads\/2025\/02\/055ddca4436cfbea27f64f924656f8ae68a6c5811f4c2c-XNKut3_fw1200.jpg?wsr","datePublished":"2025-02-24T06:47:15+00:00","dateModified":"2025-02-24T06:47:16+00:00","breadcrumb":{"@id":"https:\/\/georgegruoposs.com\/product\/fingerprint-password-smart-lock\/#breadcrumb"},"inLanguage":"pt-AO","potentialAction":[{"@type":"ReadAction","target":["https:\/\/georgegruoposs.com\/product\/fingerprint-password-smart-lock\/"]}]},{"@type":"ImageObject","inLanguage":"pt-AO","@id":"https:\/\/georgegruoposs.com\/product\/fingerprint-password-smart-lock\/#primaryimage","url":"https:\/\/georgegruoposs.com\/wp-content\/uploads\/2025\/02\/055ddca4436cfbea27f64f924656f8ae68a6c5811f4c2c-XNKut3_fw1200.jpg?wsr","contentUrl":"https:\/\/georgegruoposs.com\/wp-content\/uploads\/2025\/02\/055ddca4436cfbea27f64f924656f8ae68a6c5811f4c2c-XNKut3_fw1200.jpg?wsr","width":1200,"height":1200},{"@type":"BreadcrumbList","@id":"https:\/\/georgegruoposs.com\/product\/fingerprint-password-smart-lock\/#breadcrumb","itemListElement":[{"@type":"ListItem","position":1,"name":"Home","item":"https:\/\/georgegruoposs.com\/"},{"@type":"ListItem","position":2,"name":"Products","item":"https:\/\/georgegruoposs.com\/tr\/shop\/"},{"@type":"ListItem","position":3,"name":"Fingerprint &amp; Password Smart Lock"}]},{"@type":"WebSite","@id":"https:\/\/georgegruoposs.com\/#website","url":"https:\/\/georgegruoposs.com\/","name":"China Materiais de Constru\u00e7\u00e3o | Personaliza\u00e7\u00e3o de toda a casa","description":"China Materiais de Constru\u00e7\u00e3o | Personaliza\u00e7\u00e3o de toda a casa","publisher":{"@id":"https:\/\/georgegruoposs.com\/#organization"},"potentialAction":[{"@type":"SearchAction","target":{"@type":"EntryPoint","urlTemplate":"https:\/\/georgegruoposs.com\/?s={search_term_string}"},"query-input":{"@type":"PropertyValueSpecification","valueRequired":true,"valueName":"search_term_string"}}],"inLanguage":"pt-AO"},{"@type":"Organization","@id":"https:\/\/georgegruoposs.com\/#organization","name":"China Materiais de Constru\u00e7\u00e3o | Personaliza\u00e7\u00e3o de toda a casa","url":"https:\/\/georgegruoposs.com\/","logo":{"@type":"ImageObject","inLanguage":"pt-AO","@id":"https:\/\/georgegruoposs.com\/#\/schema\/logo\/image\/","url":"https:\/\/georgegruoposs.com\/wp-content\/uploads\/2024\/11\/George-Group-Logo-White-2048x631-1.png?wsr","contentUrl":"https:\/\/georgegruoposs.com\/wp-content\/uploads\/2024\/11\/George-Group-Logo-White-2048x631-1.png?wsr","width":2048,"height":631,"caption":"China Building Materials | Whole House Customization"},"image":{"@id":"https:\/\/georgegruoposs.com\/#\/schema\/logo\/image\/"}}]}},"uagb_featured_image_src":{"full":["https:\/\/georgegruoposs.com\/wp-content\/uploads\/2025\/02\/055ddca4436cfbea27f64f924656f8ae68a6c5811f4c2c-XNKut3_fw1200.jpg?wsr",1200,1200,false],"thumbnail":["https:\/\/georgegruoposs.com\/wp-content\/uploads\/2025\/02\/055ddca4436cfbea27f64f924656f8ae68a6c5811f4c2c-XNKut3_fw1200-150x150.jpg?wsr",150,150,true],"medium":["https:\/\/georgegruoposs.com\/wp-content\/uploads\/2025\/02\/055ddca4436cfbea27f64f924656f8ae68a6c5811f4c2c-XNKut3_fw1200-300x300.jpg?wsr",300,300,true],"medium_large":["https:\/\/georgegruoposs.com\/wp-content\/uploads\/2025\/02\/055ddca4436cfbea27f64f924656f8ae68a6c5811f4c2c-XNKut3_fw1200-768x768.jpg?wsr",768,768,true],"large":["https:\/\/georgegruoposs.com\/wp-content\/uploads\/2025\/02\/055ddca4436cfbea27f64f924656f8ae68a6c5811f4c2c-XNKut3_fw1200-1024x1024.jpg?wsr",800,800,true],"1536x1536":["https:\/\/georgegruoposs.com\/wp-content\/uploads\/2025\/02\/055ddca4436cfbea27f64f924656f8ae68a6c5811f4c2c-XNKut3_fw1200.jpg?wsr",1200,1200,false],"2048x2048":["https:\/\/georgegruoposs.com\/wp-content\/uploads\/2025\/02\/055ddca4436cfbea27f64f924656f8ae68a6c5811f4c2c-XNKut3_fw1200.jpg?wsr",1200,1200,false],"trp-custom-language-flag":["https:\/\/georgegruoposs.com\/wp-content\/uploads\/2025\/02\/055ddca4436cfbea27f64f924656f8ae68a6c5811f4c2c-XNKut3_fw1200.jpg?wsr",12,12,false],"woocommerce_thumbnail":["https:\/\/georgegruoposs.com\/wp-content\/uploads\/2025\/02\/055ddca4436cfbea27f64f924656f8ae68a6c5811f4c2c-XNKut3_fw1200-300x300.jpg?wsr",300,300,true],"woocommerce_single":["https:\/\/georgegruoposs.com\/wp-content\/uploads\/2025\/02\/055ddca4436cfbea27f64f924656f8ae68a6c5811f4c2c-XNKut3_fw1200-600x600.jpg?wsr",600,600,true],"woocommerce_gallery_thumbnail":["https:\/\/georgegruoposs.com\/wp-content\/uploads\/2025\/02\/055ddca4436cfbea27f64f924656f8ae68a6c5811f4c2c-XNKut3_fw1200-100x100.jpg?wsr",100,100,true]},"uagb_author_info":{"display_name":"lanadmin","author_link":"https:\/\/georgegruoposs.com\/pt\/author\/"},"uagb_comment_info":0,"uagb_excerpt":"Enhance the security of your home with our Fingerprint & Password Smart Lock. It offers multiple unlocking methods, including fingerprint recognition and password input, providing convenient and secure access. With advanced encryption technology, it protects your home from unauthorized entry. Say goodbye to keys and enjoy a worry - free life.","_links":{"self":[{"href":"https:\/\/georgegruoposs.com\/pt\/wp-json\/wp\/v2\/product\/4853","targetHints":{"allow":["GET"]}}],"collection":[{"href":"https:\/\/georgegruoposs.com\/pt\/wp-json\/wp\/v2\/product"}],"about":[{"href":"https:\/\/georgegruoposs.com\/pt\/wp-json\/wp\/v2\/types\/product"}],"wp:featuredmedia":[{"embeddable":true,"href":"https:\/\/georgegruoposs.com\/pt\/wp-json\/wp\/v2\/media\/4858"}],"wp:attachment":[{"href":"https:\/\/georgegruoposs.com\/pt\/wp-json\/wp\/v2\/media?parent=4853"}],"wp:term":[{"taxonomy":"product_brand","embeddable":true,"href":"https:\/\/georgegruoposs.com\/pt\/wp-json\/wp\/v2\/product_brand?post=4853"},{"taxonomy":"product_cat","embeddable":true,"href":"https:\/\/georgegruoposs.com\/pt\/wp-json\/wp\/v2\/product_cat?post=4853"},{"taxonomy":"product_tag","embeddable":true,"href":"https:\/\/georgegruoposs.com\/pt\/wp-json\/wp\/v2\/product_tag?post=4853"},{"taxonomy":"metal-glass","embeddable":true,"href":"https:\/\/georgegruoposs.com\/pt\/wp-json\/wp\/v2\/metal-glass?post=4853"},{"taxonomy":"lighting","embeddable":true,"href":"https:\/\/georgegruoposs.com\/pt\/wp-json\/wp\/v2\/lighting?post=4853"},{"taxonomy":"flooring-staircase","embeddable":true,"href":"https:\/\/georgegruoposs.com\/pt\/wp-json\/wp\/v2\/flooring-staircase?post=4853"},{"taxonomy":"kitchenwardrobe","embeddable":true,"href":"https:\/\/georgegruoposs.com\/pt\/wp-json\/wp\/v2\/kitchenwardrobe?post=4853"},{"taxonomy":"appliances","embeddable":true,"href":"https:\/\/georgegruoposs.com\/pt\/wp-json\/wp\/v2\/appliances?post=4853"},{"taxonomy":"furniture-materials","embeddable":true,"href":"https:\/\/georgegruoposs.com\/pt\/wp-json\/wp\/v2\/furniture-materials?post=4853"},{"taxonomy":"tile_65","embeddable":true,"href":"https:\/\/georgegruoposs.com\/pt\/wp-json\/wp\/v2\/tile_65?post=4853"},{"taxonomy":"tile","embeddable":true,"href":"https:\/\/georgegruoposs.com\/pt\/wp-json\/wp\/v2\/tile?post=4853"},{"taxonomy":"marble-granite","embeddable":true,"href":"https:\/\/georgegruoposs.com\/pt\/wp-json\/wp\/v2\/marble-granite?post=4853"},{"taxonomy":"furnishing-materials","embeddable":true,"href":"https:\/\/georgegruoposs.com\/pt\/wp-json\/wp\/v2\/furnishing-materials?post=4853"},{"taxonomy":"doors-windows","embeddable":true,"href":"https:\/\/georgegruoposs.com\/pt\/wp-json\/wp\/v2\/doors-windows?post=4853"}],"curies":[{"name":"wp","href":"https:\/\/api.w.org\/{rel}","templated":true}]}}