{"id":4952,"date":"2025-02-24T07:46:19","date_gmt":"2025-02-24T07:46:19","guid":{"rendered":"https:\/\/georgegruoposs.com\/?post_type=product&#038;p=4952"},"modified":"2025-02-24T07:46:20","modified_gmt":"2025-02-24T07:46:20","slug":"premium-durable-solid-wood-flooring","status":"publish","type":"product","link":"https:\/\/georgegruoposs.com\/pt\/product\/premium-durable-solid-wood-flooring\/","title":{"rendered":"Premium Durable Solid Wood Flooring"},"excerpt":{"rendered":"<p>Indulge in the timeless charm of our Premium Durable Solid Wood Flooring. Crafted from top &#8211; notch solid wood, it offers an 18mm thickness for long &#8211; lasting quality. Available in various styles like strip, herringbone and chevron, it showcases the natural beauty of wood with its painted finish. Ideal for bedrooms and cloakrooms, some wood types are suitable for outdoor use. It&#8217;s also compatible with underfloor heating, a perfect choice for a warm and elegant home.<\/p>","protected":false},"featured_media":4953,"template":"","meta":{"_eb_attr":"","_uag_custom_page_level_css":"","pgc_sgb_lightbox_settings":""},"product_brand":[],"product_cat":[131],"product_tag":[],"metal-glass":[],"lighting":[],"flooring-staircase":[215],"kitchenwardrobe":[],"appliances":[],"furniture-materials":[],"tile_65":[],"tile":[],"marble-granite":[],"furnishing-materials":[],"doors-windows":[],"class_list":{"0":"post-4952","1":"product","2":"type-product","3":"status-publish","4":"has-post-thumbnail","6":"product_cat-flooring-staircase","7":"flooring-staircase-indoor","9":"first","10":"instock","11":"shipping-taxable","12":"product-type-simple"},"yoast_head":"<!-- This site is optimized with the Yoast SEO Premium plugin v23.6 (Yoast SEO v23.6) - https:\/\/yoast.com\/wordpress\/plugins\/seo\/ -->\n<title>Premium Durable Solid Wood Flooring - China Building Materials | Whole House Customization<\/title>\n<meta name=\"robots\" content=\"index, follow, max-snippet:-1, max-image-preview:large, max-video-preview:-1\" \/>\n<link rel=\"canonical\" href=\"https:\/\/georgegruoposs.com\/pt\/wp-json\/wp\/v2\/product\/4952\" \/>\n<meta property=\"og:locale\" content=\"pt_PT\" \/>\n<meta property=\"og:type\" content=\"article\" \/>\n<meta property=\"og:title\" content=\"Premium Durable Solid Wood Flooring\" \/>\n<meta property=\"og:description\" content=\"Indulge in the timeless charm of our Premium Durable Solid Wood Flooring. Crafted from top - notch solid wood, it offers an 18mm thickness for long - lasting quality. Available in various styles like strip, herringbone and chevron, it showcases the natural beauty of wood with its painted finish. Ideal for bedrooms and cloakrooms, some wood types are suitable for outdoor use. It&#039;s also compatible with underfloor heating, a perfect choice for a warm and elegant home.\" \/>\n<meta property=\"og:url\" content=\"https:\/\/georgegruoposs.com\/pt\/product\/premium-durable-solid-wood-flooring\/\" \/>\n<meta property=\"og:site_name\" content=\"China Building Materials | Whole House Customization\" \/>\n<meta property=\"article:modified_time\" content=\"2025-02-24T07:46:20+00:00\" \/>\n<meta property=\"og:image\" content=\"https:\/\/georgegruoposs.com\/wp-content\/uploads\/2025\/02\/8dbd491a-1662-4112-a842-3cdb8b56f407.jpg\" \/>\n\t<meta property=\"og:image:width\" content=\"2048\" \/>\n\t<meta property=\"og:image:height\" content=\"1500\" \/>\n\t<meta property=\"og:image:type\" content=\"image\/jpeg\" \/>\n<meta name=\"twitter:card\" content=\"summary_large_image\" \/>\n<script type=\"application\/ld+json\" class=\"yoast-schema-graph\">{\"@context\":\"https:\/\/schema.org\",\"@graph\":[{\"@type\":\"WebPage\",\"@id\":\"https:\/\/georgegruoposs.com\/product\/premium-durable-solid-wood-flooring\/\",\"url\":\"https:\/\/georgegruoposs.com\/product\/premium-durable-solid-wood-flooring\/\",\"name\":\"Premium Durable Solid Wood Flooring - China Building Materials | Whole House Customization\",\"isPartOf\":{\"@id\":\"https:\/\/georgegruoposs.com\/#website\"},\"primaryImageOfPage\":{\"@id\":\"https:\/\/georgegruoposs.com\/product\/premium-durable-solid-wood-flooring\/#primaryimage\"},\"image\":{\"@id\":\"https:\/\/georgegruoposs.com\/product\/premium-durable-solid-wood-flooring\/#primaryimage\"},\"thumbnailUrl\":\"https:\/\/georgegruoposs.com\/wp-content\/uploads\/2025\/02\/8dbd491a-1662-4112-a842-3cdb8b56f407.jpg?wsr\",\"datePublished\":\"2025-02-24T07:46:19+00:00\",\"dateModified\":\"2025-02-24T07:46:20+00:00\",\"breadcrumb\":{\"@id\":\"https:\/\/georgegruoposs.com\/product\/premium-durable-solid-wood-flooring\/#breadcrumb\"},\"inLanguage\":\"pt-AO\",\"potentialAction\":[{\"@type\":\"ReadAction\",\"target\":[\"https:\/\/georgegruoposs.com\/product\/premium-durable-solid-wood-flooring\/\"]}]},{\"@type\":\"ImageObject\",\"inLanguage\":\"pt-AO\",\"@id\":\"https:\/\/georgegruoposs.com\/product\/premium-durable-solid-wood-flooring\/#primaryimage\",\"url\":\"https:\/\/georgegruoposs.com\/wp-content\/uploads\/2025\/02\/8dbd491a-1662-4112-a842-3cdb8b56f407.jpg?wsr\",\"contentUrl\":\"https:\/\/georgegruoposs.com\/wp-content\/uploads\/2025\/02\/8dbd491a-1662-4112-a842-3cdb8b56f407.jpg?wsr\",\"width\":2048,\"height\":1500},{\"@type\":\"BreadcrumbList\",\"@id\":\"https:\/\/georgegruoposs.com\/product\/premium-durable-solid-wood-flooring\/#breadcrumb\",\"itemListElement\":[{\"@type\":\"ListItem\",\"position\":1,\"name\":\"Home\",\"item\":\"https:\/\/georgegruoposs.com\/\"},{\"@type\":\"ListItem\",\"position\":2,\"name\":\"Products\",\"item\":\"https:\/\/georgegruoposs.com\/tr\/shop\/\"},{\"@type\":\"ListItem\",\"position\":3,\"name\":\"Premium Durable Solid Wood Flooring\"}]},{\"@type\":\"WebSite\",\"@id\":\"https:\/\/georgegruoposs.com\/#website\",\"url\":\"https:\/\/georgegruoposs.com\/\",\"name\":\"China Building Materials | Whole House Customization\",\"description\":\"China Building Materials | Whole House Customization\",\"publisher\":{\"@id\":\"https:\/\/georgegruoposs.com\/#organization\"},\"potentialAction\":[{\"@type\":\"SearchAction\",\"target\":{\"@type\":\"EntryPoint\",\"urlTemplate\":\"https:\/\/georgegruoposs.com\/?s={search_term_string}\"},\"query-input\":{\"@type\":\"PropertyValueSpecification\",\"valueRequired\":true,\"valueName\":\"search_term_string\"}}],\"inLanguage\":\"pt-AO\"},{\"@type\":\"Organization\",\"@id\":\"https:\/\/georgegruoposs.com\/#organization\",\"name\":\"China Building Materials | Whole House Customization\",\"url\":\"https:\/\/georgegruoposs.com\/\",\"logo\":{\"@type\":\"ImageObject\",\"inLanguage\":\"pt-AO\",\"@id\":\"https:\/\/georgegruoposs.com\/#\/schema\/logo\/image\/\",\"url\":\"https:\/\/georgegruoposs.com\/wp-content\/uploads\/2024\/11\/George-Group-Logo-White-2048x631-1.png?wsr\",\"contentUrl\":\"https:\/\/georgegruoposs.com\/wp-content\/uploads\/2024\/11\/George-Group-Logo-White-2048x631-1.png?wsr\",\"width\":2048,\"height\":631,\"caption\":\"China Building Materials | Whole House Customization\"},\"image\":{\"@id\":\"https:\/\/georgegruoposs.com\/#\/schema\/logo\/image\/\"}}]}<\/script>\n<!-- \/ Yoast SEO Premium plugin. -->","yoast_head_json":{"title":"Premium Durable Solid Wood Flooring - China Building Materials | Whole House Customization","robots":{"index":"index","follow":"follow","max-snippet":"max-snippet:-1","max-image-preview":"max-image-preview:large","max-video-preview":"max-video-preview:-1"},"canonical":"https:\/\/georgegruoposs.com\/pt\/wp-json\/wp\/v2\/product\/4952","og_locale":"pt_PT","og_type":"article","og_title":"Premium Durable Solid Wood Flooring","og_description":"Indulge in the timeless charm of our Premium Durable Solid Wood Flooring. Crafted from top - notch solid wood, it offers an 18mm thickness for long - lasting quality. Available in various styles like strip, herringbone and chevron, it showcases the natural beauty of wood with its painted finish. Ideal for bedrooms and cloakrooms, some wood types are suitable for outdoor use. It's also compatible with underfloor heating, a perfect choice for a warm and elegant home.","og_url":"https:\/\/georgegruoposs.com\/pt\/product\/premium-durable-solid-wood-flooring\/","og_site_name":"China Building Materials | Whole House Customization","article_modified_time":"2025-02-24T07:46:20+00:00","og_image":[{"width":2048,"height":1500,"url":"https:\/\/georgegruoposs.com\/wp-content\/uploads\/2025\/02\/8dbd491a-1662-4112-a842-3cdb8b56f407.jpg","type":"image\/jpeg"}],"twitter_card":"summary_large_image","schema":{"@context":"https:\/\/schema.org","@graph":[{"@type":"WebPage","@id":"https:\/\/georgegruoposs.com\/product\/premium-durable-solid-wood-flooring\/","url":"https:\/\/georgegruoposs.com\/product\/premium-durable-solid-wood-flooring\/","name":"Premium Durable Solid Wood Flooring - China Building Materials | Whole House Customization","isPartOf":{"@id":"https:\/\/georgegruoposs.com\/#website"},"primaryImageOfPage":{"@id":"https:\/\/georgegruoposs.com\/product\/premium-durable-solid-wood-flooring\/#primaryimage"},"image":{"@id":"https:\/\/georgegruoposs.com\/product\/premium-durable-solid-wood-flooring\/#primaryimage"},"thumbnailUrl":"https:\/\/georgegruoposs.com\/wp-content\/uploads\/2025\/02\/8dbd491a-1662-4112-a842-3cdb8b56f407.jpg?wsr","datePublished":"2025-02-24T07:46:19+00:00","dateModified":"2025-02-24T07:46:20+00:00","breadcrumb":{"@id":"https:\/\/georgegruoposs.com\/product\/premium-durable-solid-wood-flooring\/#breadcrumb"},"inLanguage":"pt-AO","potentialAction":[{"@type":"ReadAction","target":["https:\/\/georgegruoposs.com\/product\/premium-durable-solid-wood-flooring\/"]}]},{"@type":"ImageObject","inLanguage":"pt-AO","@id":"https:\/\/georgegruoposs.com\/product\/premium-durable-solid-wood-flooring\/#primaryimage","url":"https:\/\/georgegruoposs.com\/wp-content\/uploads\/2025\/02\/8dbd491a-1662-4112-a842-3cdb8b56f407.jpg?wsr","contentUrl":"https:\/\/georgegruoposs.com\/wp-content\/uploads\/2025\/02\/8dbd491a-1662-4112-a842-3cdb8b56f407.jpg?wsr","width":2048,"height":1500},{"@type":"BreadcrumbList","@id":"https:\/\/georgegruoposs.com\/product\/premium-durable-solid-wood-flooring\/#breadcrumb","itemListElement":[{"@type":"ListItem","position":1,"name":"Home","item":"https:\/\/georgegruoposs.com\/"},{"@type":"ListItem","position":2,"name":"Products","item":"https:\/\/georgegruoposs.com\/tr\/shop\/"},{"@type":"ListItem","position":3,"name":"Premium Durable Solid Wood Flooring"}]},{"@type":"WebSite","@id":"https:\/\/georgegruoposs.com\/#website","url":"https:\/\/georgegruoposs.com\/","name":"China Materiais de Constru\u00e7\u00e3o | Personaliza\u00e7\u00e3o de toda a casa","description":"China Materiais de Constru\u00e7\u00e3o | Personaliza\u00e7\u00e3o de toda a casa","publisher":{"@id":"https:\/\/georgegruoposs.com\/#organization"},"potentialAction":[{"@type":"SearchAction","target":{"@type":"EntryPoint","urlTemplate":"https:\/\/georgegruoposs.com\/?s={search_term_string}"},"query-input":{"@type":"PropertyValueSpecification","valueRequired":true,"valueName":"search_term_string"}}],"inLanguage":"pt-AO"},{"@type":"Organization","@id":"https:\/\/georgegruoposs.com\/#organization","name":"China Materiais de Constru\u00e7\u00e3o | Personaliza\u00e7\u00e3o de toda a casa","url":"https:\/\/georgegruoposs.com\/","logo":{"@type":"ImageObject","inLanguage":"pt-AO","@id":"https:\/\/georgegruoposs.com\/#\/schema\/logo\/image\/","url":"https:\/\/georgegruoposs.com\/wp-content\/uploads\/2024\/11\/George-Group-Logo-White-2048x631-1.png?wsr","contentUrl":"https:\/\/georgegruoposs.com\/wp-content\/uploads\/2024\/11\/George-Group-Logo-White-2048x631-1.png?wsr","width":2048,"height":631,"caption":"China Building Materials | Whole House Customization"},"image":{"@id":"https:\/\/georgegruoposs.com\/#\/schema\/logo\/image\/"}}]}},"uagb_featured_image_src":{"full":["https:\/\/georgegruoposs.com\/wp-content\/uploads\/2025\/02\/8dbd491a-1662-4112-a842-3cdb8b56f407.jpg?wsr",2048,1500,false],"thumbnail":["https:\/\/georgegruoposs.com\/wp-content\/uploads\/2025\/02\/8dbd491a-1662-4112-a842-3cdb8b56f407-150x150.jpg?wsr",150,150,true],"medium":["https:\/\/georgegruoposs.com\/wp-content\/uploads\/2025\/02\/8dbd491a-1662-4112-a842-3cdb8b56f407-300x220.jpg?wsr",300,220,true],"medium_large":["https:\/\/georgegruoposs.com\/wp-content\/uploads\/2025\/02\/8dbd491a-1662-4112-a842-3cdb8b56f407-768x563.jpg?wsr",768,563,true],"large":["https:\/\/georgegruoposs.com\/wp-content\/uploads\/2025\/02\/8dbd491a-1662-4112-a842-3cdb8b56f407-1024x750.jpg?wsr",800,586,true],"1536x1536":["https:\/\/georgegruoposs.com\/wp-content\/uploads\/2025\/02\/8dbd491a-1662-4112-a842-3cdb8b56f407-1536x1125.jpg?wsr",1536,1125,true],"2048x2048":["https:\/\/georgegruoposs.com\/wp-content\/uploads\/2025\/02\/8dbd491a-1662-4112-a842-3cdb8b56f407.jpg?wsr",2048,1500,false],"trp-custom-language-flag":["https:\/\/georgegruoposs.com\/wp-content\/uploads\/2025\/02\/8dbd491a-1662-4112-a842-3cdb8b56f407.jpg?wsr",16,12,false],"woocommerce_thumbnail":["https:\/\/georgegruoposs.com\/wp-content\/uploads\/2025\/02\/8dbd491a-1662-4112-a842-3cdb8b56f407-300x300.jpg?wsr",300,300,true],"woocommerce_single":["https:\/\/georgegruoposs.com\/wp-content\/uploads\/2025\/02\/8dbd491a-1662-4112-a842-3cdb8b56f407-600x439.jpg?wsr",600,439,true],"woocommerce_gallery_thumbnail":["https:\/\/georgegruoposs.com\/wp-content\/uploads\/2025\/02\/8dbd491a-1662-4112-a842-3cdb8b56f407-100x100.jpg?wsr",100,100,true]},"uagb_author_info":{"display_name":"lanadmin","author_link":"https:\/\/georgegruoposs.com\/pt\/author\/"},"uagb_comment_info":0,"uagb_excerpt":"Indulge in the timeless charm of our Premium Durable Solid Wood Flooring. Crafted from top - notch solid wood, it offers an 18mm thickness for long - lasting quality. Available in various styles like strip, herringbone and chevron, it showcases the natural beauty of wood with its painted finish. Ideal for bedrooms and cloakrooms, some&hellip;","_links":{"self":[{"href":"https:\/\/georgegruoposs.com\/pt\/wp-json\/wp\/v2\/product\/4952","targetHints":{"allow":["GET"]}}],"collection":[{"href":"https:\/\/georgegruoposs.com\/pt\/wp-json\/wp\/v2\/product"}],"about":[{"href":"https:\/\/georgegruoposs.com\/pt\/wp-json\/wp\/v2\/types\/product"}],"wp:featuredmedia":[{"embeddable":true,"href":"https:\/\/georgegruoposs.com\/pt\/wp-json\/wp\/v2\/media\/4953"}],"wp:attachment":[{"href":"https:\/\/georgegruoposs.com\/pt\/wp-json\/wp\/v2\/media?parent=4952"}],"wp:term":[{"taxonomy":"product_brand","embeddable":true,"href":"https:\/\/georgegruoposs.com\/pt\/wp-json\/wp\/v2\/product_brand?post=4952"},{"taxonomy":"product_cat","embeddable":true,"href":"https:\/\/georgegruoposs.com\/pt\/wp-json\/wp\/v2\/product_cat?post=4952"},{"taxonomy":"product_tag","embeddable":true,"href":"https:\/\/georgegruoposs.com\/pt\/wp-json\/wp\/v2\/product_tag?post=4952"},{"taxonomy":"metal-glass","embeddable":true,"href":"https:\/\/georgegruoposs.com\/pt\/wp-json\/wp\/v2\/metal-glass?post=4952"},{"taxonomy":"lighting","embeddable":true,"href":"https:\/\/georgegruoposs.com\/pt\/wp-json\/wp\/v2\/lighting?post=4952"},{"taxonomy":"flooring-staircase","embeddable":true,"href":"https:\/\/georgegruoposs.com\/pt\/wp-json\/wp\/v2\/flooring-staircase?post=4952"},{"taxonomy":"kitchenwardrobe","embeddable":true,"href":"https:\/\/georgegruoposs.com\/pt\/wp-json\/wp\/v2\/kitchenwardrobe?post=4952"},{"taxonomy":"appliances","embeddable":true,"href":"https:\/\/georgegruoposs.com\/pt\/wp-json\/wp\/v2\/appliances?post=4952"},{"taxonomy":"furniture-materials","embeddable":true,"href":"https:\/\/georgegruoposs.com\/pt\/wp-json\/wp\/v2\/furniture-materials?post=4952"},{"taxonomy":"tile_65","embeddable":true,"href":"https:\/\/georgegruoposs.com\/pt\/wp-json\/wp\/v2\/tile_65?post=4952"},{"taxonomy":"tile","embeddable":true,"href":"https:\/\/georgegruoposs.com\/pt\/wp-json\/wp\/v2\/tile?post=4952"},{"taxonomy":"marble-granite","embeddable":true,"href":"https:\/\/georgegruoposs.com\/pt\/wp-json\/wp\/v2\/marble-granite?post=4952"},{"taxonomy":"furnishing-materials","embeddable":true,"href":"https:\/\/georgegruoposs.com\/pt\/wp-json\/wp\/v2\/furnishing-materials?post=4952"},{"taxonomy":"doors-windows","embeddable":true,"href":"https:\/\/georgegruoposs.com\/pt\/wp-json\/wp\/v2\/doors-windows?post=4952"}],"curies":[{"name":"wp","href":"https:\/\/api.w.org\/{rel}","templated":true}]}}