{"id":4960,"date":"2025-02-24T07:50:08","date_gmt":"2025-02-24T07:50:08","guid":{"rendered":"https:\/\/georgegruoposs.com\/?post_type=product&#038;p=4960"},"modified":"2025-02-24T07:50:09","modified_gmt":"2025-02-24T07:50:09","slug":"high-density-laminate-flooring","status":"publish","type":"product","link":"https:\/\/georgegruoposs.com\/pt\/product\/high-density-laminate-flooring\/","title":{"rendered":"High-Density Laminate Flooring"},"excerpt":{"rendered":"<p>Step into quality with our High &#8211; Density Laminate Flooring. Composed of medium or high &#8211; density fiberboard composite with a 12mm thickness, it offers various styles like strip and parquet. The printed decorative layer gives it an appealing look. Suitable for indoor and engineering projects, it can also be customized with different thicknesses and enhanced hardness, providing a durable flooring solution.<\/p>","protected":false},"featured_media":4965,"template":"","meta":{"_eb_attr":"","_uag_custom_page_level_css":"","pgc_sgb_lightbox_settings":""},"product_brand":[],"product_cat":[131],"product_tag":[],"metal-glass":[],"lighting":[],"flooring-staircase":[215],"kitchenwardrobe":[],"appliances":[],"furniture-materials":[],"tile_65":[],"tile":[],"marble-granite":[],"furnishing-materials":[],"doors-windows":[],"class_list":{"0":"post-4960","1":"product","2":"type-product","3":"status-publish","4":"has-post-thumbnail","6":"product_cat-flooring-staircase","7":"flooring-staircase-indoor","9":"first","10":"instock","11":"shipping-taxable","12":"product-type-simple"},"yoast_head":"<!-- This site is optimized with the Yoast SEO Premium plugin v23.6 (Yoast SEO v23.6) - https:\/\/yoast.com\/wordpress\/plugins\/seo\/ -->\n<title>High-Density Laminate Flooring - China Building Materials | Whole House Customization<\/title>\n<meta name=\"robots\" content=\"index, follow, max-snippet:-1, max-image-preview:large, max-video-preview:-1\" \/>\n<link rel=\"canonical\" href=\"https:\/\/georgegruoposs.com\/pt\/wp-json\/wp\/v2\/product\/4960\" \/>\n<meta property=\"og:locale\" content=\"pt_PT\" \/>\n<meta property=\"og:type\" content=\"article\" \/>\n<meta property=\"og:title\" content=\"High-Density Laminate Flooring\" \/>\n<meta property=\"og:description\" content=\"Step into quality with our High - Density Laminate Flooring. Composed of medium or high - density fiberboard composite with a 12mm thickness, it offers various styles like strip and parquet. The printed decorative layer gives it an appealing look. Suitable for indoor and engineering projects, it can also be customized with different thicknesses and enhanced hardness, providing a durable flooring solution.\" \/>\n<meta property=\"og:url\" content=\"https:\/\/georgegruoposs.com\/pt\/product\/high-density-laminate-flooring\/\" \/>\n<meta property=\"og:site_name\" content=\"China Building Materials | Whole House Customization\" \/>\n<meta property=\"article:modified_time\" content=\"2025-02-24T07:50:09+00:00\" \/>\n<meta property=\"og:image\" content=\"https:\/\/georgegruoposs.com\/wp-content\/uploads\/2025\/02\/7a23154b-2e8e-4aba-9335-11681b014ceb-scaled.jpg\" \/>\n\t<meta property=\"og:image:width\" content=\"2560\" \/>\n\t<meta property=\"og:image:height\" content=\"1536\" \/>\n\t<meta property=\"og:image:type\" content=\"image\/jpeg\" \/>\n<meta name=\"twitter:card\" content=\"summary_large_image\" \/>\n<script type=\"application\/ld+json\" class=\"yoast-schema-graph\">{\"@context\":\"https:\/\/schema.org\",\"@graph\":[{\"@type\":\"WebPage\",\"@id\":\"https:\/\/georgegruoposs.com\/product\/high-density-laminate-flooring\/\",\"url\":\"https:\/\/georgegruoposs.com\/product\/high-density-laminate-flooring\/\",\"name\":\"High-Density Laminate Flooring - China Building Materials | Whole House Customization\",\"isPartOf\":{\"@id\":\"https:\/\/georgegruoposs.com\/#website\"},\"primaryImageOfPage\":{\"@id\":\"https:\/\/georgegruoposs.com\/product\/high-density-laminate-flooring\/#primaryimage\"},\"image\":{\"@id\":\"https:\/\/georgegruoposs.com\/product\/high-density-laminate-flooring\/#primaryimage\"},\"thumbnailUrl\":\"https:\/\/georgegruoposs.com\/wp-content\/uploads\/2025\/02\/7a23154b-2e8e-4aba-9335-11681b014ceb-scaled.jpg?wsr\",\"datePublished\":\"2025-02-24T07:50:08+00:00\",\"dateModified\":\"2025-02-24T07:50:09+00:00\",\"breadcrumb\":{\"@id\":\"https:\/\/georgegruoposs.com\/product\/high-density-laminate-flooring\/#breadcrumb\"},\"inLanguage\":\"pt-AO\",\"potentialAction\":[{\"@type\":\"ReadAction\",\"target\":[\"https:\/\/georgegruoposs.com\/product\/high-density-laminate-flooring\/\"]}]},{\"@type\":\"ImageObject\",\"inLanguage\":\"pt-AO\",\"@id\":\"https:\/\/georgegruoposs.com\/product\/high-density-laminate-flooring\/#primaryimage\",\"url\":\"https:\/\/georgegruoposs.com\/wp-content\/uploads\/2025\/02\/7a23154b-2e8e-4aba-9335-11681b014ceb-scaled.jpg?wsr\",\"contentUrl\":\"https:\/\/georgegruoposs.com\/wp-content\/uploads\/2025\/02\/7a23154b-2e8e-4aba-9335-11681b014ceb-scaled.jpg?wsr\",\"width\":2560,\"height\":1536},{\"@type\":\"BreadcrumbList\",\"@id\":\"https:\/\/georgegruoposs.com\/product\/high-density-laminate-flooring\/#breadcrumb\",\"itemListElement\":[{\"@type\":\"ListItem\",\"position\":1,\"name\":\"Home\",\"item\":\"https:\/\/georgegruoposs.com\/\"},{\"@type\":\"ListItem\",\"position\":2,\"name\":\"Products\",\"item\":\"https:\/\/georgegruoposs.com\/tr\/shop\/\"},{\"@type\":\"ListItem\",\"position\":3,\"name\":\"High-Density Laminate Flooring\"}]},{\"@type\":\"WebSite\",\"@id\":\"https:\/\/georgegruoposs.com\/#website\",\"url\":\"https:\/\/georgegruoposs.com\/\",\"name\":\"China Building Materials | Whole House Customization\",\"description\":\"China Building Materials | Whole House Customization\",\"publisher\":{\"@id\":\"https:\/\/georgegruoposs.com\/#organization\"},\"potentialAction\":[{\"@type\":\"SearchAction\",\"target\":{\"@type\":\"EntryPoint\",\"urlTemplate\":\"https:\/\/georgegruoposs.com\/?s={search_term_string}\"},\"query-input\":{\"@type\":\"PropertyValueSpecification\",\"valueRequired\":true,\"valueName\":\"search_term_string\"}}],\"inLanguage\":\"pt-AO\"},{\"@type\":\"Organization\",\"@id\":\"https:\/\/georgegruoposs.com\/#organization\",\"name\":\"China Building Materials | Whole House Customization\",\"url\":\"https:\/\/georgegruoposs.com\/\",\"logo\":{\"@type\":\"ImageObject\",\"inLanguage\":\"pt-AO\",\"@id\":\"https:\/\/georgegruoposs.com\/#\/schema\/logo\/image\/\",\"url\":\"https:\/\/georgegruoposs.com\/wp-content\/uploads\/2024\/11\/George-Group-Logo-White-2048x631-1.png?wsr\",\"contentUrl\":\"https:\/\/georgegruoposs.com\/wp-content\/uploads\/2024\/11\/George-Group-Logo-White-2048x631-1.png?wsr\",\"width\":2048,\"height\":631,\"caption\":\"China Building Materials | Whole House Customization\"},\"image\":{\"@id\":\"https:\/\/georgegruoposs.com\/#\/schema\/logo\/image\/\"}}]}<\/script>\n<!-- \/ Yoast SEO Premium plugin. -->","yoast_head_json":{"title":"High-Density Laminate Flooring - China Building Materials | Whole House Customization","robots":{"index":"index","follow":"follow","max-snippet":"max-snippet:-1","max-image-preview":"max-image-preview:large","max-video-preview":"max-video-preview:-1"},"canonical":"https:\/\/georgegruoposs.com\/pt\/wp-json\/wp\/v2\/product\/4960","og_locale":"pt_PT","og_type":"article","og_title":"High-Density Laminate Flooring","og_description":"Step into quality with our High - Density Laminate Flooring. Composed of medium or high - density fiberboard composite with a 12mm thickness, it offers various styles like strip and parquet. The printed decorative layer gives it an appealing look. Suitable for indoor and engineering projects, it can also be customized with different thicknesses and enhanced hardness, providing a durable flooring solution.","og_url":"https:\/\/georgegruoposs.com\/pt\/product\/high-density-laminate-flooring\/","og_site_name":"China Building Materials | Whole House Customization","article_modified_time":"2025-02-24T07:50:09+00:00","og_image":[{"width":2560,"height":1536,"url":"https:\/\/georgegruoposs.com\/wp-content\/uploads\/2025\/02\/7a23154b-2e8e-4aba-9335-11681b014ceb-scaled.jpg","type":"image\/jpeg"}],"twitter_card":"summary_large_image","schema":{"@context":"https:\/\/schema.org","@graph":[{"@type":"WebPage","@id":"https:\/\/georgegruoposs.com\/product\/high-density-laminate-flooring\/","url":"https:\/\/georgegruoposs.com\/product\/high-density-laminate-flooring\/","name":"High-Density Laminate Flooring - China Building Materials | Whole House Customization","isPartOf":{"@id":"https:\/\/georgegruoposs.com\/#website"},"primaryImageOfPage":{"@id":"https:\/\/georgegruoposs.com\/product\/high-density-laminate-flooring\/#primaryimage"},"image":{"@id":"https:\/\/georgegruoposs.com\/product\/high-density-laminate-flooring\/#primaryimage"},"thumbnailUrl":"https:\/\/georgegruoposs.com\/wp-content\/uploads\/2025\/02\/7a23154b-2e8e-4aba-9335-11681b014ceb-scaled.jpg?wsr","datePublished":"2025-02-24T07:50:08+00:00","dateModified":"2025-02-24T07:50:09+00:00","breadcrumb":{"@id":"https:\/\/georgegruoposs.com\/product\/high-density-laminate-flooring\/#breadcrumb"},"inLanguage":"pt-AO","potentialAction":[{"@type":"ReadAction","target":["https:\/\/georgegruoposs.com\/product\/high-density-laminate-flooring\/"]}]},{"@type":"ImageObject","inLanguage":"pt-AO","@id":"https:\/\/georgegruoposs.com\/product\/high-density-laminate-flooring\/#primaryimage","url":"https:\/\/georgegruoposs.com\/wp-content\/uploads\/2025\/02\/7a23154b-2e8e-4aba-9335-11681b014ceb-scaled.jpg?wsr","contentUrl":"https:\/\/georgegruoposs.com\/wp-content\/uploads\/2025\/02\/7a23154b-2e8e-4aba-9335-11681b014ceb-scaled.jpg?wsr","width":2560,"height":1536},{"@type":"BreadcrumbList","@id":"https:\/\/georgegruoposs.com\/product\/high-density-laminate-flooring\/#breadcrumb","itemListElement":[{"@type":"ListItem","position":1,"name":"Home","item":"https:\/\/georgegruoposs.com\/"},{"@type":"ListItem","position":2,"name":"Products","item":"https:\/\/georgegruoposs.com\/tr\/shop\/"},{"@type":"ListItem","position":3,"name":"High-Density Laminate Flooring"}]},{"@type":"WebSite","@id":"https:\/\/georgegruoposs.com\/#website","url":"https:\/\/georgegruoposs.com\/","name":"China Materiais de Constru\u00e7\u00e3o | Personaliza\u00e7\u00e3o de toda a casa","description":"China Materiais de Constru\u00e7\u00e3o | Personaliza\u00e7\u00e3o de toda a casa","publisher":{"@id":"https:\/\/georgegruoposs.com\/#organization"},"potentialAction":[{"@type":"SearchAction","target":{"@type":"EntryPoint","urlTemplate":"https:\/\/georgegruoposs.com\/?s={search_term_string}"},"query-input":{"@type":"PropertyValueSpecification","valueRequired":true,"valueName":"search_term_string"}}],"inLanguage":"pt-AO"},{"@type":"Organization","@id":"https:\/\/georgegruoposs.com\/#organization","name":"China Materiais de Constru\u00e7\u00e3o | Personaliza\u00e7\u00e3o de toda a casa","url":"https:\/\/georgegruoposs.com\/","logo":{"@type":"ImageObject","inLanguage":"pt-AO","@id":"https:\/\/georgegruoposs.com\/#\/schema\/logo\/image\/","url":"https:\/\/georgegruoposs.com\/wp-content\/uploads\/2024\/11\/George-Group-Logo-White-2048x631-1.png?wsr","contentUrl":"https:\/\/georgegruoposs.com\/wp-content\/uploads\/2024\/11\/George-Group-Logo-White-2048x631-1.png?wsr","width":2048,"height":631,"caption":"China Building Materials | Whole House Customization"},"image":{"@id":"https:\/\/georgegruoposs.com\/#\/schema\/logo\/image\/"}}]}},"uagb_featured_image_src":{"full":["https:\/\/georgegruoposs.com\/wp-content\/uploads\/2025\/02\/7a23154b-2e8e-4aba-9335-11681b014ceb-scaled.jpg?wsr",2560,1536,false],"thumbnail":["https:\/\/georgegruoposs.com\/wp-content\/uploads\/2025\/02\/7a23154b-2e8e-4aba-9335-11681b014ceb-150x150.jpg?wsr",150,150,true],"medium":["https:\/\/georgegruoposs.com\/wp-content\/uploads\/2025\/02\/7a23154b-2e8e-4aba-9335-11681b014ceb-300x180.jpg?wsr",300,180,true],"medium_large":["https:\/\/georgegruoposs.com\/wp-content\/uploads\/2025\/02\/7a23154b-2e8e-4aba-9335-11681b014ceb-768x461.jpg?wsr",768,461,true],"large":["https:\/\/georgegruoposs.com\/wp-content\/uploads\/2025\/02\/7a23154b-2e8e-4aba-9335-11681b014ceb-1024x614.jpg?wsr",800,480,true],"1536x1536":["https:\/\/georgegruoposs.com\/wp-content\/uploads\/2025\/02\/7a23154b-2e8e-4aba-9335-11681b014ceb-1536x922.jpg?wsr",1536,922,true],"2048x2048":["https:\/\/georgegruoposs.com\/wp-content\/uploads\/2025\/02\/7a23154b-2e8e-4aba-9335-11681b014ceb-2048x1229.jpg?wsr",2048,1229,true],"trp-custom-language-flag":["https:\/\/georgegruoposs.com\/wp-content\/uploads\/2025\/02\/7a23154b-2e8e-4aba-9335-11681b014ceb-scaled.jpg?wsr",18,12,false],"woocommerce_thumbnail":["https:\/\/georgegruoposs.com\/wp-content\/uploads\/2025\/02\/7a23154b-2e8e-4aba-9335-11681b014ceb-scaled-300x300.jpg?wsr",300,300,true],"woocommerce_single":["https:\/\/georgegruoposs.com\/wp-content\/uploads\/2025\/02\/7a23154b-2e8e-4aba-9335-11681b014ceb-scaled-600x360.jpg?wsr",600,360,true],"woocommerce_gallery_thumbnail":["https:\/\/georgegruoposs.com\/wp-content\/uploads\/2025\/02\/7a23154b-2e8e-4aba-9335-11681b014ceb-scaled-100x100.jpg?wsr",100,100,true]},"uagb_author_info":{"display_name":"lanadmin","author_link":"https:\/\/georgegruoposs.com\/pt\/author\/"},"uagb_comment_info":0,"uagb_excerpt":"Step into quality with our High - Density Laminate Flooring. Composed of medium or high - density fiberboard composite with a 12mm thickness, it offers various styles like strip and parquet. The printed decorative layer gives it an appealing look. Suitable for indoor and engineering projects, it can also be customized with different thicknesses and&hellip;","_links":{"self":[{"href":"https:\/\/georgegruoposs.com\/pt\/wp-json\/wp\/v2\/product\/4960","targetHints":{"allow":["GET"]}}],"collection":[{"href":"https:\/\/georgegruoposs.com\/pt\/wp-json\/wp\/v2\/product"}],"about":[{"href":"https:\/\/georgegruoposs.com\/pt\/wp-json\/wp\/v2\/types\/product"}],"wp:featuredmedia":[{"embeddable":true,"href":"https:\/\/georgegruoposs.com\/pt\/wp-json\/wp\/v2\/media\/4965"}],"wp:attachment":[{"href":"https:\/\/georgegruoposs.com\/pt\/wp-json\/wp\/v2\/media?parent=4960"}],"wp:term":[{"taxonomy":"product_brand","embeddable":true,"href":"https:\/\/georgegruoposs.com\/pt\/wp-json\/wp\/v2\/product_brand?post=4960"},{"taxonomy":"product_cat","embeddable":true,"href":"https:\/\/georgegruoposs.com\/pt\/wp-json\/wp\/v2\/product_cat?post=4960"},{"taxonomy":"product_tag","embeddable":true,"href":"https:\/\/georgegruoposs.com\/pt\/wp-json\/wp\/v2\/product_tag?post=4960"},{"taxonomy":"metal-glass","embeddable":true,"href":"https:\/\/georgegruoposs.com\/pt\/wp-json\/wp\/v2\/metal-glass?post=4960"},{"taxonomy":"lighting","embeddable":true,"href":"https:\/\/georgegruoposs.com\/pt\/wp-json\/wp\/v2\/lighting?post=4960"},{"taxonomy":"flooring-staircase","embeddable":true,"href":"https:\/\/georgegruoposs.com\/pt\/wp-json\/wp\/v2\/flooring-staircase?post=4960"},{"taxonomy":"kitchenwardrobe","embeddable":true,"href":"https:\/\/georgegruoposs.com\/pt\/wp-json\/wp\/v2\/kitchenwardrobe?post=4960"},{"taxonomy":"appliances","embeddable":true,"href":"https:\/\/georgegruoposs.com\/pt\/wp-json\/wp\/v2\/appliances?post=4960"},{"taxonomy":"furniture-materials","embeddable":true,"href":"https:\/\/georgegruoposs.com\/pt\/wp-json\/wp\/v2\/furniture-materials?post=4960"},{"taxonomy":"tile_65","embeddable":true,"href":"https:\/\/georgegruoposs.com\/pt\/wp-json\/wp\/v2\/tile_65?post=4960"},{"taxonomy":"tile","embeddable":true,"href":"https:\/\/georgegruoposs.com\/pt\/wp-json\/wp\/v2\/tile?post=4960"},{"taxonomy":"marble-granite","embeddable":true,"href":"https:\/\/georgegruoposs.com\/pt\/wp-json\/wp\/v2\/marble-granite?post=4960"},{"taxonomy":"furnishing-materials","embeddable":true,"href":"https:\/\/georgegruoposs.com\/pt\/wp-json\/wp\/v2\/furnishing-materials?post=4960"},{"taxonomy":"doors-windows","embeddable":true,"href":"https:\/\/georgegruoposs.com\/pt\/wp-json\/wp\/v2\/doors-windows?post=4960"}],"curies":[{"name":"wp","href":"https:\/\/api.w.org\/{rel}","templated":true}]}}