{"id":5190,"date":"2025-02-26T01:40:33","date_gmt":"2025-02-26T01:40:33","guid":{"rendered":"https:\/\/georgegruoposs.com\/?post_type=product&#038;p=5190"},"modified":"2025-02-26T01:40:34","modified_gmt":"2025-02-26T01:40:34","slug":"pool-friendly-glass-mosaic-tiles-waterproof-wall-decor-for-swim-areas","status":"publish","type":"product","link":"https:\/\/georgegruoposs.com\/pt\/product\/pool-friendly-glass-mosaic-tiles-waterproof-wall-decor-for-swim-areas\/","title":{"rendered":"Azulejos de mosaico de vidro para piscinas - Decora\u00e7\u00e3o de parede \u00e0 prova de \u00e1gua para \u00e1reas de nata\u00e7\u00e3o"},"excerpt":{"rendered":"<p>Brighten pool zones with our glass mosaic tiles! These 3\u20136mm glass tiles come in vibrant colors and square designs, resisting chlorine and moisture damage. Ideal for luxury European and American pools and spas, they offer mid-to-high profitability. Market them to contractors and designers aiming for eye-catching, durable aquatic installations.<\/p>","protected":false},"featured_media":5192,"template":"","meta":{"_eb_attr":"","_uag_custom_page_level_css":"","pgc_sgb_lightbox_settings":""},"product_brand":[],"product_cat":[181],"product_tag":[],"metal-glass":[],"lighting":[],"flooring-staircase":[],"kitchenwardrobe":[],"appliances":[],"furniture-materials":[],"tile_65":[],"tile":[186],"marble-granite":[],"furnishing-materials":[],"doors-windows":[],"class_list":{"0":"post-5190","1":"product","2":"type-product","3":"status-publish","4":"has-post-thumbnail","6":"product_cat-tile","7":"tile-outdoor","9":"first","10":"instock","11":"shipping-taxable","12":"product-type-simple"},"yoast_head":"<!-- This site is optimized with the Yoast SEO Premium plugin v23.6 (Yoast SEO v23.6) - https:\/\/yoast.com\/wordpress\/plugins\/seo\/ -->\n<title>Pool-Friendly Glass Mosaic Tiles - Waterproof Wall Decor for Swim Areas - China Building Materials | Whole House Customization<\/title>\n<meta name=\"robots\" content=\"index, follow, max-snippet:-1, max-image-preview:large, max-video-preview:-1\" \/>\n<link rel=\"canonical\" href=\"https:\/\/georgegruoposs.com\/pt\/wp-json\/wp\/v2\/product\/5190\" \/>\n<meta property=\"og:locale\" content=\"pt_PT\" \/>\n<meta property=\"og:type\" content=\"article\" \/>\n<meta property=\"og:title\" content=\"Pool-Friendly Glass Mosaic Tiles - Waterproof Wall Decor for Swim Areas\" \/>\n<meta property=\"og:description\" content=\"Brighten pool zones with our glass mosaic tiles! These 3\u20136mm glass tiles come in vibrant colors and square designs, resisting chlorine and moisture damage. Ideal for luxury European and American pools and spas, they offer mid-to-high profitability. Market them to contractors and designers aiming for eye-catching, durable aquatic installations.\" \/>\n<meta property=\"og:url\" content=\"https:\/\/georgegruoposs.com\/pt\/product\/pool-friendly-glass-mosaic-tiles-waterproof-wall-decor-for-swim-areas\/\" \/>\n<meta property=\"og:site_name\" content=\"China Building Materials | Whole House Customization\" \/>\n<meta property=\"article:modified_time\" content=\"2025-02-26T01:40:34+00:00\" \/>\n<meta property=\"og:image\" content=\"https:\/\/georgegruoposs.com\/wp-content\/uploads\/2025\/02\/glass_mosaic_tile_guide_1ee5066c-7807-46ef-961e-dbb296e3f76f.jpg\" \/>\n\t<meta property=\"og:image:width\" content=\"1667\" \/>\n\t<meta property=\"og:image:height\" content=\"1111\" \/>\n\t<meta property=\"og:image:type\" content=\"image\/jpeg\" \/>\n<meta name=\"twitter:card\" content=\"summary_large_image\" \/>\n<script type=\"application\/ld+json\" class=\"yoast-schema-graph\">{\"@context\":\"https:\/\/schema.org\",\"@graph\":[{\"@type\":\"WebPage\",\"@id\":\"https:\/\/georgegruoposs.com\/product\/pool-friendly-glass-mosaic-tiles-waterproof-wall-decor-for-swim-areas\/\",\"url\":\"https:\/\/georgegruoposs.com\/product\/pool-friendly-glass-mosaic-tiles-waterproof-wall-decor-for-swim-areas\/\",\"name\":\"Pool-Friendly Glass Mosaic Tiles - Waterproof Wall Decor for Swim Areas - China Building Materials | Whole House Customization\",\"isPartOf\":{\"@id\":\"https:\/\/georgegruoposs.com\/#website\"},\"primaryImageOfPage\":{\"@id\":\"https:\/\/georgegruoposs.com\/product\/pool-friendly-glass-mosaic-tiles-waterproof-wall-decor-for-swim-areas\/#primaryimage\"},\"image\":{\"@id\":\"https:\/\/georgegruoposs.com\/product\/pool-friendly-glass-mosaic-tiles-waterproof-wall-decor-for-swim-areas\/#primaryimage\"},\"thumbnailUrl\":\"https:\/\/georgegruoposs.com\/wp-content\/uploads\/2025\/02\/glass_mosaic_tile_guide_1ee5066c-7807-46ef-961e-dbb296e3f76f.jpg?wsr\",\"datePublished\":\"2025-02-26T01:40:33+00:00\",\"dateModified\":\"2025-02-26T01:40:34+00:00\",\"breadcrumb\":{\"@id\":\"https:\/\/georgegruoposs.com\/product\/pool-friendly-glass-mosaic-tiles-waterproof-wall-decor-for-swim-areas\/#breadcrumb\"},\"inLanguage\":\"pt-AO\",\"potentialAction\":[{\"@type\":\"ReadAction\",\"target\":[\"https:\/\/georgegruoposs.com\/product\/pool-friendly-glass-mosaic-tiles-waterproof-wall-decor-for-swim-areas\/\"]}]},{\"@type\":\"ImageObject\",\"inLanguage\":\"pt-AO\",\"@id\":\"https:\/\/georgegruoposs.com\/product\/pool-friendly-glass-mosaic-tiles-waterproof-wall-decor-for-swim-areas\/#primaryimage\",\"url\":\"https:\/\/georgegruoposs.com\/wp-content\/uploads\/2025\/02\/glass_mosaic_tile_guide_1ee5066c-7807-46ef-961e-dbb296e3f76f.jpg?wsr\",\"contentUrl\":\"https:\/\/georgegruoposs.com\/wp-content\/uploads\/2025\/02\/glass_mosaic_tile_guide_1ee5066c-7807-46ef-961e-dbb296e3f76f.jpg?wsr\",\"width\":1667,\"height\":1111},{\"@type\":\"BreadcrumbList\",\"@id\":\"https:\/\/georgegruoposs.com\/product\/pool-friendly-glass-mosaic-tiles-waterproof-wall-decor-for-swim-areas\/#breadcrumb\",\"itemListElement\":[{\"@type\":\"ListItem\",\"position\":1,\"name\":\"Home\",\"item\":\"https:\/\/georgegruoposs.com\/\"},{\"@type\":\"ListItem\",\"position\":2,\"name\":\"Products\",\"item\":\"https:\/\/georgegruoposs.com\/tr\/shop\/\"},{\"@type\":\"ListItem\",\"position\":3,\"name\":\"Pool-Friendly Glass Mosaic Tiles &#8211; Waterproof Wall Decor for Swim Areas\"}]},{\"@type\":\"WebSite\",\"@id\":\"https:\/\/georgegruoposs.com\/#website\",\"url\":\"https:\/\/georgegruoposs.com\/\",\"name\":\"China Building Materials | Whole House Customization\",\"description\":\"China Building Materials | Whole House Customization\",\"publisher\":{\"@id\":\"https:\/\/georgegruoposs.com\/#organization\"},\"potentialAction\":[{\"@type\":\"SearchAction\",\"target\":{\"@type\":\"EntryPoint\",\"urlTemplate\":\"https:\/\/georgegruoposs.com\/?s={search_term_string}\"},\"query-input\":{\"@type\":\"PropertyValueSpecification\",\"valueRequired\":true,\"valueName\":\"search_term_string\"}}],\"inLanguage\":\"pt-AO\"},{\"@type\":\"Organization\",\"@id\":\"https:\/\/georgegruoposs.com\/#organization\",\"name\":\"China Building Materials | Whole House Customization\",\"url\":\"https:\/\/georgegruoposs.com\/\",\"logo\":{\"@type\":\"ImageObject\",\"inLanguage\":\"pt-AO\",\"@id\":\"https:\/\/georgegruoposs.com\/#\/schema\/logo\/image\/\",\"url\":\"https:\/\/georgegruoposs.com\/wp-content\/uploads\/2024\/11\/George-Group-Logo-White-2048x631-1.png?wsr\",\"contentUrl\":\"https:\/\/georgegruoposs.com\/wp-content\/uploads\/2024\/11\/George-Group-Logo-White-2048x631-1.png?wsr\",\"width\":2048,\"height\":631,\"caption\":\"China Building Materials | Whole House Customization\"},\"image\":{\"@id\":\"https:\/\/georgegruoposs.com\/#\/schema\/logo\/image\/\"}}]}<\/script>\n<!-- \/ Yoast SEO Premium plugin. -->","yoast_head_json":{"title":"Pool-Friendly Glass Mosaic Tiles - Waterproof Wall Decor for Swim Areas - China Building Materials | Whole House Customization","robots":{"index":"index","follow":"follow","max-snippet":"max-snippet:-1","max-image-preview":"max-image-preview:large","max-video-preview":"max-video-preview:-1"},"canonical":"https:\/\/georgegruoposs.com\/pt\/wp-json\/wp\/v2\/product\/5190","og_locale":"pt_PT","og_type":"article","og_title":"Pool-Friendly Glass Mosaic Tiles - Waterproof Wall Decor for Swim Areas","og_description":"Brighten pool zones with our glass mosaic tiles! These 3\u20136mm glass tiles come in vibrant colors and square designs, resisting chlorine and moisture damage. Ideal for luxury European and American pools and spas, they offer mid-to-high profitability. Market them to contractors and designers aiming for eye-catching, durable aquatic installations.","og_url":"https:\/\/georgegruoposs.com\/pt\/product\/pool-friendly-glass-mosaic-tiles-waterproof-wall-decor-for-swim-areas\/","og_site_name":"China Building Materials | Whole House Customization","article_modified_time":"2025-02-26T01:40:34+00:00","og_image":[{"width":1667,"height":1111,"url":"https:\/\/georgegruoposs.com\/wp-content\/uploads\/2025\/02\/glass_mosaic_tile_guide_1ee5066c-7807-46ef-961e-dbb296e3f76f.jpg","type":"image\/jpeg"}],"twitter_card":"summary_large_image","schema":{"@context":"https:\/\/schema.org","@graph":[{"@type":"WebPage","@id":"https:\/\/georgegruoposs.com\/product\/pool-friendly-glass-mosaic-tiles-waterproof-wall-decor-for-swim-areas\/","url":"https:\/\/georgegruoposs.com\/product\/pool-friendly-glass-mosaic-tiles-waterproof-wall-decor-for-swim-areas\/","name":"Pool-Friendly Glass Mosaic Tiles - Waterproof Wall Decor for Swim Areas - China Building Materials | Whole House Customization","isPartOf":{"@id":"https:\/\/georgegruoposs.com\/#website"},"primaryImageOfPage":{"@id":"https:\/\/georgegruoposs.com\/product\/pool-friendly-glass-mosaic-tiles-waterproof-wall-decor-for-swim-areas\/#primaryimage"},"image":{"@id":"https:\/\/georgegruoposs.com\/product\/pool-friendly-glass-mosaic-tiles-waterproof-wall-decor-for-swim-areas\/#primaryimage"},"thumbnailUrl":"https:\/\/georgegruoposs.com\/wp-content\/uploads\/2025\/02\/glass_mosaic_tile_guide_1ee5066c-7807-46ef-961e-dbb296e3f76f.jpg?wsr","datePublished":"2025-02-26T01:40:33+00:00","dateModified":"2025-02-26T01:40:34+00:00","breadcrumb":{"@id":"https:\/\/georgegruoposs.com\/product\/pool-friendly-glass-mosaic-tiles-waterproof-wall-decor-for-swim-areas\/#breadcrumb"},"inLanguage":"pt-AO","potentialAction":[{"@type":"ReadAction","target":["https:\/\/georgegruoposs.com\/product\/pool-friendly-glass-mosaic-tiles-waterproof-wall-decor-for-swim-areas\/"]}]},{"@type":"ImageObject","inLanguage":"pt-AO","@id":"https:\/\/georgegruoposs.com\/product\/pool-friendly-glass-mosaic-tiles-waterproof-wall-decor-for-swim-areas\/#primaryimage","url":"https:\/\/georgegruoposs.com\/wp-content\/uploads\/2025\/02\/glass_mosaic_tile_guide_1ee5066c-7807-46ef-961e-dbb296e3f76f.jpg?wsr","contentUrl":"https:\/\/georgegruoposs.com\/wp-content\/uploads\/2025\/02\/glass_mosaic_tile_guide_1ee5066c-7807-46ef-961e-dbb296e3f76f.jpg?wsr","width":1667,"height":1111},{"@type":"BreadcrumbList","@id":"https:\/\/georgegruoposs.com\/product\/pool-friendly-glass-mosaic-tiles-waterproof-wall-decor-for-swim-areas\/#breadcrumb","itemListElement":[{"@type":"ListItem","position":1,"name":"Home","item":"https:\/\/georgegruoposs.com\/"},{"@type":"ListItem","position":2,"name":"Products","item":"https:\/\/georgegruoposs.com\/tr\/shop\/"},{"@type":"ListItem","position":3,"name":"Pool-Friendly Glass Mosaic Tiles &#8211; Waterproof Wall Decor for Swim Areas"}]},{"@type":"WebSite","@id":"https:\/\/georgegruoposs.com\/#website","url":"https:\/\/georgegruoposs.com\/","name":"China Materiais de Constru\u00e7\u00e3o | Personaliza\u00e7\u00e3o de toda a casa","description":"China Materiais de Constru\u00e7\u00e3o | Personaliza\u00e7\u00e3o de toda a casa","publisher":{"@id":"https:\/\/georgegruoposs.com\/#organization"},"potentialAction":[{"@type":"SearchAction","target":{"@type":"EntryPoint","urlTemplate":"https:\/\/georgegruoposs.com\/?s={search_term_string}"},"query-input":{"@type":"PropertyValueSpecification","valueRequired":true,"valueName":"search_term_string"}}],"inLanguage":"pt-AO"},{"@type":"Organization","@id":"https:\/\/georgegruoposs.com\/#organization","name":"China Materiais de Constru\u00e7\u00e3o | Personaliza\u00e7\u00e3o de toda a casa","url":"https:\/\/georgegruoposs.com\/","logo":{"@type":"ImageObject","inLanguage":"pt-AO","@id":"https:\/\/georgegruoposs.com\/#\/schema\/logo\/image\/","url":"https:\/\/georgegruoposs.com\/wp-content\/uploads\/2024\/11\/George-Group-Logo-White-2048x631-1.png?wsr","contentUrl":"https:\/\/georgegruoposs.com\/wp-content\/uploads\/2024\/11\/George-Group-Logo-White-2048x631-1.png?wsr","width":2048,"height":631,"caption":"China Building Materials | Whole House Customization"},"image":{"@id":"https:\/\/georgegruoposs.com\/#\/schema\/logo\/image\/"}}]}},"uagb_featured_image_src":{"full":["https:\/\/georgegruoposs.com\/wp-content\/uploads\/2025\/02\/glass_mosaic_tile_guide_1ee5066c-7807-46ef-961e-dbb296e3f76f.jpg?wsr",1667,1111,false],"thumbnail":["https:\/\/georgegruoposs.com\/wp-content\/uploads\/2025\/02\/glass_mosaic_tile_guide_1ee5066c-7807-46ef-961e-dbb296e3f76f-150x150.jpg?wsr",150,150,true],"medium":["https:\/\/georgegruoposs.com\/wp-content\/uploads\/2025\/02\/glass_mosaic_tile_guide_1ee5066c-7807-46ef-961e-dbb296e3f76f-300x200.jpg?wsr",300,200,true],"medium_large":["https:\/\/georgegruoposs.com\/wp-content\/uploads\/2025\/02\/glass_mosaic_tile_guide_1ee5066c-7807-46ef-961e-dbb296e3f76f-768x512.jpg?wsr",768,512,true],"large":["https:\/\/georgegruoposs.com\/wp-content\/uploads\/2025\/02\/glass_mosaic_tile_guide_1ee5066c-7807-46ef-961e-dbb296e3f76f-1024x682.jpg?wsr",800,533,true],"1536x1536":["https:\/\/georgegruoposs.com\/wp-content\/uploads\/2025\/02\/glass_mosaic_tile_guide_1ee5066c-7807-46ef-961e-dbb296e3f76f-1536x1024.jpg?wsr",1536,1024,true],"2048x2048":["https:\/\/georgegruoposs.com\/wp-content\/uploads\/2025\/02\/glass_mosaic_tile_guide_1ee5066c-7807-46ef-961e-dbb296e3f76f.jpg?wsr",1667,1111,false],"trp-custom-language-flag":["https:\/\/georgegruoposs.com\/wp-content\/uploads\/2025\/02\/glass_mosaic_tile_guide_1ee5066c-7807-46ef-961e-dbb296e3f76f.jpg?wsr",18,12,false],"woocommerce_thumbnail":["https:\/\/georgegruoposs.com\/wp-content\/uploads\/2025\/02\/glass_mosaic_tile_guide_1ee5066c-7807-46ef-961e-dbb296e3f76f-300x300.jpg?wsr",300,300,true],"woocommerce_single":["https:\/\/georgegruoposs.com\/wp-content\/uploads\/2025\/02\/glass_mosaic_tile_guide_1ee5066c-7807-46ef-961e-dbb296e3f76f-600x400.jpg?wsr",600,400,true],"woocommerce_gallery_thumbnail":["https:\/\/georgegruoposs.com\/wp-content\/uploads\/2025\/02\/glass_mosaic_tile_guide_1ee5066c-7807-46ef-961e-dbb296e3f76f-100x100.jpg?wsr",100,100,true]},"uagb_author_info":{"display_name":"lanadmin","author_link":"https:\/\/georgegruoposs.com\/pt\/author\/"},"uagb_comment_info":0,"uagb_excerpt":"Brighten pool zones with our glass mosaic tiles! These 3\u20136mm glass tiles come in vibrant colors and square designs, resisting chlorine and moisture damage. Ideal for luxury European and American pools and spas, they offer mid-to-high profitability. Market them to contractors and designers aiming for eye-catching, durable aquatic installations.","_links":{"self":[{"href":"https:\/\/georgegruoposs.com\/pt\/wp-json\/wp\/v2\/product\/5190","targetHints":{"allow":["GET"]}}],"collection":[{"href":"https:\/\/georgegruoposs.com\/pt\/wp-json\/wp\/v2\/product"}],"about":[{"href":"https:\/\/georgegruoposs.com\/pt\/wp-json\/wp\/v2\/types\/product"}],"wp:featuredmedia":[{"embeddable":true,"href":"https:\/\/georgegruoposs.com\/pt\/wp-json\/wp\/v2\/media\/5192"}],"wp:attachment":[{"href":"https:\/\/georgegruoposs.com\/pt\/wp-json\/wp\/v2\/media?parent=5190"}],"wp:term":[{"taxonomy":"product_brand","embeddable":true,"href":"https:\/\/georgegruoposs.com\/pt\/wp-json\/wp\/v2\/product_brand?post=5190"},{"taxonomy":"product_cat","embeddable":true,"href":"https:\/\/georgegruoposs.com\/pt\/wp-json\/wp\/v2\/product_cat?post=5190"},{"taxonomy":"product_tag","embeddable":true,"href":"https:\/\/georgegruoposs.com\/pt\/wp-json\/wp\/v2\/product_tag?post=5190"},{"taxonomy":"metal-glass","embeddable":true,"href":"https:\/\/georgegruoposs.com\/pt\/wp-json\/wp\/v2\/metal-glass?post=5190"},{"taxonomy":"lighting","embeddable":true,"href":"https:\/\/georgegruoposs.com\/pt\/wp-json\/wp\/v2\/lighting?post=5190"},{"taxonomy":"flooring-staircase","embeddable":true,"href":"https:\/\/georgegruoposs.com\/pt\/wp-json\/wp\/v2\/flooring-staircase?post=5190"},{"taxonomy":"kitchenwardrobe","embeddable":true,"href":"https:\/\/georgegruoposs.com\/pt\/wp-json\/wp\/v2\/kitchenwardrobe?post=5190"},{"taxonomy":"appliances","embeddable":true,"href":"https:\/\/georgegruoposs.com\/pt\/wp-json\/wp\/v2\/appliances?post=5190"},{"taxonomy":"furniture-materials","embeddable":true,"href":"https:\/\/georgegruoposs.com\/pt\/wp-json\/wp\/v2\/furniture-materials?post=5190"},{"taxonomy":"tile_65","embeddable":true,"href":"https:\/\/georgegruoposs.com\/pt\/wp-json\/wp\/v2\/tile_65?post=5190"},{"taxonomy":"tile","embeddable":true,"href":"https:\/\/georgegruoposs.com\/pt\/wp-json\/wp\/v2\/tile?post=5190"},{"taxonomy":"marble-granite","embeddable":true,"href":"https:\/\/georgegruoposs.com\/pt\/wp-json\/wp\/v2\/marble-granite?post=5190"},{"taxonomy":"furnishing-materials","embeddable":true,"href":"https:\/\/georgegruoposs.com\/pt\/wp-json\/wp\/v2\/furnishing-materials?post=5190"},{"taxonomy":"doors-windows","embeddable":true,"href":"https:\/\/georgegruoposs.com\/pt\/wp-json\/wp\/v2\/doors-windows?post=5190"}],"curies":[{"name":"wp","href":"https:\/\/api.w.org\/{rel}","templated":true}]}}