{"id":4785,"date":"2025-02-24T06:09:56","date_gmt":"2025-02-24T06:09:56","guid":{"rendered":"https:\/\/georgegruoposs.com\/?post_type=product&#038;p=4785"},"modified":"2025-02-24T06:09:57","modified_gmt":"2025-02-24T06:09:57","slug":"exquisite-and-creative-metal-mosaics","status":"publish","type":"product","link":"https:\/\/georgegruoposs.com\/tr\/product\/exquisite-and-creative-metal-mosaics\/","title":{"rendered":"Zarif ve Yarat\u0131c\u0131 Metal Mozaikler"},"excerpt":{"rendered":"<p>Our Exquisite and Creative Metal Mosaics are a unique form of art. These mosaics are made by arranging small metal pieces in intricate patterns, creating a visually stunning effect. They can be used in interior and exterior decoration, such as on walls, floors, or as decorative accents. The metal materials used are durable and can withstand different weather conditions, making them suitable for a wide range of applications.<\/p>","protected":false},"featured_media":4787,"template":"","meta":{"_eb_attr":"","_uag_custom_page_level_css":"","pgc_sgb_lightbox_settings":""},"product_brand":[],"product_cat":[136],"product_tag":[],"metal-glass":[226],"lighting":[],"flooring-staircase":[],"kitchenwardrobe":[],"appliances":[],"furniture-materials":[],"tile_65":[],"tile":[],"marble-granite":[],"furnishing-materials":[],"doors-windows":[],"class_list":{"0":"post-4785","1":"product","2":"type-product","3":"status-publish","4":"has-post-thumbnail","6":"product_cat-metal-glass","7":"metal-glass-metal","9":"first","10":"instock","11":"shipping-taxable","12":"product-type-simple"},"yoast_head":"<!-- This site is optimized with the Yoast SEO Premium plugin v23.6 (Yoast SEO v23.6) - https:\/\/yoast.com\/wordpress\/plugins\/seo\/ -->\n<title>Exquisite and Creative Metal Mosaics - China Building Materials | Whole House Customization<\/title>\n<meta name=\"robots\" content=\"index, follow, max-snippet:-1, max-image-preview:large, max-video-preview:-1\" \/>\n<link rel=\"canonical\" href=\"https:\/\/georgegruoposs.com\/tr\/wp-json\/wp\/v2\/product\/4785\" \/>\n<meta property=\"og:locale\" content=\"tr_TR\" \/>\n<meta property=\"og:type\" content=\"article\" \/>\n<meta property=\"og:title\" content=\"Exquisite and Creative Metal Mosaics\" \/>\n<meta property=\"og:description\" content=\"Our Exquisite and Creative Metal Mosaics are a unique form of art. These mosaics are made by arranging small metal pieces in intricate patterns, creating a visually stunning effect. They can be used in interior and exterior decoration, such as on walls, floors, or as decorative accents. The metal materials used are durable and can withstand different weather conditions, making them suitable for a wide range of applications.\" \/>\n<meta property=\"og:url\" content=\"https:\/\/georgegruoposs.com\/tr\/product\/exquisite-and-creative-metal-mosaics\/\" \/>\n<meta property=\"og:site_name\" content=\"China Building Materials | Whole House Customization\" \/>\n<meta property=\"article:modified_time\" content=\"2025-02-24T06:09:57+00:00\" \/>\n<meta property=\"og:image\" content=\"https:\/\/georgegruoposs.com\/wp-content\/uploads\/2025\/02\/3bb2383bbb2c351cb72d65506486d8c7.jpg\" \/>\n\t<meta property=\"og:image:width\" content=\"1246\" \/>\n\t<meta property=\"og:image:height\" content=\"1500\" \/>\n\t<meta property=\"og:image:type\" content=\"image\/jpeg\" \/>\n<meta name=\"twitter:card\" content=\"summary_large_image\" \/>\n<script type=\"application\/ld+json\" class=\"yoast-schema-graph\">{\"@context\":\"https:\/\/schema.org\",\"@graph\":[{\"@type\":\"WebPage\",\"@id\":\"https:\/\/georgegruoposs.com\/product\/exquisite-and-creative-metal-mosaics\/\",\"url\":\"https:\/\/georgegruoposs.com\/product\/exquisite-and-creative-metal-mosaics\/\",\"name\":\"Exquisite and Creative Metal Mosaics - China Building Materials | Whole House Customization\",\"isPartOf\":{\"@id\":\"https:\/\/georgegruoposs.com\/#website\"},\"primaryImageOfPage\":{\"@id\":\"https:\/\/georgegruoposs.com\/product\/exquisite-and-creative-metal-mosaics\/#primaryimage\"},\"image\":{\"@id\":\"https:\/\/georgegruoposs.com\/product\/exquisite-and-creative-metal-mosaics\/#primaryimage\"},\"thumbnailUrl\":\"https:\/\/georgegruoposs.com\/wp-content\/uploads\/2025\/02\/3bb2383bbb2c351cb72d65506486d8c7.jpg?wsr\",\"datePublished\":\"2025-02-24T06:09:56+00:00\",\"dateModified\":\"2025-02-24T06:09:57+00:00\",\"breadcrumb\":{\"@id\":\"https:\/\/georgegruoposs.com\/product\/exquisite-and-creative-metal-mosaics\/#breadcrumb\"},\"inLanguage\":\"tr\",\"potentialAction\":[{\"@type\":\"ReadAction\",\"target\":[\"https:\/\/georgegruoposs.com\/product\/exquisite-and-creative-metal-mosaics\/\"]}]},{\"@type\":\"ImageObject\",\"inLanguage\":\"tr\",\"@id\":\"https:\/\/georgegruoposs.com\/product\/exquisite-and-creative-metal-mosaics\/#primaryimage\",\"url\":\"https:\/\/georgegruoposs.com\/wp-content\/uploads\/2025\/02\/3bb2383bbb2c351cb72d65506486d8c7.jpg?wsr\",\"contentUrl\":\"https:\/\/georgegruoposs.com\/wp-content\/uploads\/2025\/02\/3bb2383bbb2c351cb72d65506486d8c7.jpg?wsr\",\"width\":1246,\"height\":1500},{\"@type\":\"BreadcrumbList\",\"@id\":\"https:\/\/georgegruoposs.com\/product\/exquisite-and-creative-metal-mosaics\/#breadcrumb\",\"itemListElement\":[{\"@type\":\"ListItem\",\"position\":1,\"name\":\"Home\",\"item\":\"https:\/\/georgegruoposs.com\/\"},{\"@type\":\"ListItem\",\"position\":2,\"name\":\"Products\",\"item\":\"https:\/\/georgegruoposs.com\/tr\/shop\/\"},{\"@type\":\"ListItem\",\"position\":3,\"name\":\"Exquisite and Creative Metal Mosaics\"}]},{\"@type\":\"WebSite\",\"@id\":\"https:\/\/georgegruoposs.com\/#website\",\"url\":\"https:\/\/georgegruoposs.com\/\",\"name\":\"China Building Materials | Whole House Customization\",\"description\":\"China Building Materials | Whole House Customization\",\"publisher\":{\"@id\":\"https:\/\/georgegruoposs.com\/#organization\"},\"potentialAction\":[{\"@type\":\"SearchAction\",\"target\":{\"@type\":\"EntryPoint\",\"urlTemplate\":\"https:\/\/georgegruoposs.com\/?s={search_term_string}\"},\"query-input\":{\"@type\":\"PropertyValueSpecification\",\"valueRequired\":true,\"valueName\":\"search_term_string\"}}],\"inLanguage\":\"tr\"},{\"@type\":\"Organization\",\"@id\":\"https:\/\/georgegruoposs.com\/#organization\",\"name\":\"China Building Materials | Whole House Customization\",\"url\":\"https:\/\/georgegruoposs.com\/\",\"logo\":{\"@type\":\"ImageObject\",\"inLanguage\":\"tr\",\"@id\":\"https:\/\/georgegruoposs.com\/#\/schema\/logo\/image\/\",\"url\":\"https:\/\/georgegruoposs.com\/wp-content\/uploads\/2024\/11\/George-Group-Logo-White-2048x631-1.png?wsr\",\"contentUrl\":\"https:\/\/georgegruoposs.com\/wp-content\/uploads\/2024\/11\/George-Group-Logo-White-2048x631-1.png?wsr\",\"width\":2048,\"height\":631,\"caption\":\"China Building Materials | Whole House Customization\"},\"image\":{\"@id\":\"https:\/\/georgegruoposs.com\/#\/schema\/logo\/image\/\"}}]}<\/script>\n<!-- \/ Yoast SEO Premium plugin. -->","yoast_head_json":{"title":"Exquisite and Creative Metal Mosaics - China Building Materials | Whole House Customization","robots":{"index":"index","follow":"follow","max-snippet":"max-snippet:-1","max-image-preview":"max-image-preview:large","max-video-preview":"max-video-preview:-1"},"canonical":"https:\/\/georgegruoposs.com\/tr\/wp-json\/wp\/v2\/product\/4785","og_locale":"tr_TR","og_type":"article","og_title":"Exquisite and Creative Metal Mosaics","og_description":"Our Exquisite and Creative Metal Mosaics are a unique form of art. These mosaics are made by arranging small metal pieces in intricate patterns, creating a visually stunning effect. They can be used in interior and exterior decoration, such as on walls, floors, or as decorative accents. The metal materials used are durable and can withstand different weather conditions, making them suitable for a wide range of applications.","og_url":"https:\/\/georgegruoposs.com\/tr\/product\/exquisite-and-creative-metal-mosaics\/","og_site_name":"China Building Materials | Whole House Customization","article_modified_time":"2025-02-24T06:09:57+00:00","og_image":[{"width":1246,"height":1500,"url":"https:\/\/georgegruoposs.com\/wp-content\/uploads\/2025\/02\/3bb2383bbb2c351cb72d65506486d8c7.jpg","type":"image\/jpeg"}],"twitter_card":"summary_large_image","schema":{"@context":"https:\/\/schema.org","@graph":[{"@type":"WebPage","@id":"https:\/\/georgegruoposs.com\/product\/exquisite-and-creative-metal-mosaics\/","url":"https:\/\/georgegruoposs.com\/product\/exquisite-and-creative-metal-mosaics\/","name":"Exquisite and Creative Metal Mosaics - China Building Materials | Whole House Customization","isPartOf":{"@id":"https:\/\/georgegruoposs.com\/#website"},"primaryImageOfPage":{"@id":"https:\/\/georgegruoposs.com\/product\/exquisite-and-creative-metal-mosaics\/#primaryimage"},"image":{"@id":"https:\/\/georgegruoposs.com\/product\/exquisite-and-creative-metal-mosaics\/#primaryimage"},"thumbnailUrl":"https:\/\/georgegruoposs.com\/wp-content\/uploads\/2025\/02\/3bb2383bbb2c351cb72d65506486d8c7.jpg?wsr","datePublished":"2025-02-24T06:09:56+00:00","dateModified":"2025-02-24T06:09:57+00:00","breadcrumb":{"@id":"https:\/\/georgegruoposs.com\/product\/exquisite-and-creative-metal-mosaics\/#breadcrumb"},"inLanguage":"tr","potentialAction":[{"@type":"ReadAction","target":["https:\/\/georgegruoposs.com\/product\/exquisite-and-creative-metal-mosaics\/"]}]},{"@type":"ImageObject","inLanguage":"tr","@id":"https:\/\/georgegruoposs.com\/product\/exquisite-and-creative-metal-mosaics\/#primaryimage","url":"https:\/\/georgegruoposs.com\/wp-content\/uploads\/2025\/02\/3bb2383bbb2c351cb72d65506486d8c7.jpg?wsr","contentUrl":"https:\/\/georgegruoposs.com\/wp-content\/uploads\/2025\/02\/3bb2383bbb2c351cb72d65506486d8c7.jpg?wsr","width":1246,"height":1500},{"@type":"BreadcrumbList","@id":"https:\/\/georgegruoposs.com\/product\/exquisite-and-creative-metal-mosaics\/#breadcrumb","itemListElement":[{"@type":"ListItem","position":1,"name":"Home","item":"https:\/\/georgegruoposs.com\/"},{"@type":"ListItem","position":2,"name":"Products","item":"https:\/\/georgegruoposs.com\/tr\/shop\/"},{"@type":"ListItem","position":3,"name":"Exquisite and Creative Metal Mosaics"}]},{"@type":"WebSite","@id":"https:\/\/georgegruoposs.com\/#website","url":"https:\/\/georgegruoposs.com\/","name":"\u00c7in Yap\u0131 Malzemeleri | T\u00fcm Ev \u00d6zelle\u015ftirme","description":"\u00c7in Yap\u0131 Malzemeleri | T\u00fcm Ev \u00d6zelle\u015ftirme","publisher":{"@id":"https:\/\/georgegruoposs.com\/#organization"},"potentialAction":[{"@type":"SearchAction","target":{"@type":"EntryPoint","urlTemplate":"https:\/\/georgegruoposs.com\/?s={search_term_string}"},"query-input":{"@type":"PropertyValueSpecification","valueRequired":true,"valueName":"search_term_string"}}],"inLanguage":"tr"},{"@type":"Organization","@id":"https:\/\/georgegruoposs.com\/#organization","name":"\u00c7in Yap\u0131 Malzemeleri | T\u00fcm Ev \u00d6zelle\u015ftirme","url":"https:\/\/georgegruoposs.com\/","logo":{"@type":"ImageObject","inLanguage":"tr","@id":"https:\/\/georgegruoposs.com\/#\/schema\/logo\/image\/","url":"https:\/\/georgegruoposs.com\/wp-content\/uploads\/2024\/11\/George-Group-Logo-White-2048x631-1.png?wsr","contentUrl":"https:\/\/georgegruoposs.com\/wp-content\/uploads\/2024\/11\/George-Group-Logo-White-2048x631-1.png?wsr","width":2048,"height":631,"caption":"China Building Materials | Whole House Customization"},"image":{"@id":"https:\/\/georgegruoposs.com\/#\/schema\/logo\/image\/"}}]}},"uagb_featured_image_src":{"full":["https:\/\/georgegruoposs.com\/wp-content\/uploads\/2025\/02\/3bb2383bbb2c351cb72d65506486d8c7.jpg?wsr",1246,1500,false],"thumbnail":["https:\/\/georgegruoposs.com\/wp-content\/uploads\/2025\/02\/3bb2383bbb2c351cb72d65506486d8c7-150x150.jpg?wsr",150,150,true],"medium":["https:\/\/georgegruoposs.com\/wp-content\/uploads\/2025\/02\/3bb2383bbb2c351cb72d65506486d8c7-249x300.jpg?wsr",249,300,true],"medium_large":["https:\/\/georgegruoposs.com\/wp-content\/uploads\/2025\/02\/3bb2383bbb2c351cb72d65506486d8c7-768x925.jpg?wsr",768,925,true],"large":["https:\/\/georgegruoposs.com\/wp-content\/uploads\/2025\/02\/3bb2383bbb2c351cb72d65506486d8c7-851x1024.jpg?wsr",800,963,true],"1536x1536":["https:\/\/georgegruoposs.com\/wp-content\/uploads\/2025\/02\/3bb2383bbb2c351cb72d65506486d8c7.jpg?wsr",1246,1500,false],"2048x2048":["https:\/\/georgegruoposs.com\/wp-content\/uploads\/2025\/02\/3bb2383bbb2c351cb72d65506486d8c7.jpg?wsr",1246,1500,false],"trp-custom-language-flag":["https:\/\/georgegruoposs.com\/wp-content\/uploads\/2025\/02\/3bb2383bbb2c351cb72d65506486d8c7.jpg?wsr",10,12,false],"woocommerce_thumbnail":["https:\/\/georgegruoposs.com\/wp-content\/uploads\/2025\/02\/3bb2383bbb2c351cb72d65506486d8c7-300x300.jpg?wsr",300,300,true],"woocommerce_single":["https:\/\/georgegruoposs.com\/wp-content\/uploads\/2025\/02\/3bb2383bbb2c351cb72d65506486d8c7-600x722.jpg?wsr",600,722,true],"woocommerce_gallery_thumbnail":["https:\/\/georgegruoposs.com\/wp-content\/uploads\/2025\/02\/3bb2383bbb2c351cb72d65506486d8c7-100x100.jpg?wsr",100,100,true]},"uagb_author_info":{"display_name":"lanadmin","author_link":"https:\/\/georgegruoposs.com\/tr\/author\/"},"uagb_comment_info":0,"uagb_excerpt":"Our Exquisite and Creative Metal Mosaics are a unique form of art. These mosaics are made by arranging small metal pieces in intricate patterns, creating a visually stunning effect. They can be used in interior and exterior decoration, such as on walls, floors, or as decorative accents. The metal materials used are durable and can&hellip;","_links":{"self":[{"href":"https:\/\/georgegruoposs.com\/tr\/wp-json\/wp\/v2\/product\/4785","targetHints":{"allow":["GET"]}}],"collection":[{"href":"https:\/\/georgegruoposs.com\/tr\/wp-json\/wp\/v2\/product"}],"about":[{"href":"https:\/\/georgegruoposs.com\/tr\/wp-json\/wp\/v2\/types\/product"}],"wp:featuredmedia":[{"embeddable":true,"href":"https:\/\/georgegruoposs.com\/tr\/wp-json\/wp\/v2\/media\/4787"}],"wp:attachment":[{"href":"https:\/\/georgegruoposs.com\/tr\/wp-json\/wp\/v2\/media?parent=4785"}],"wp:term":[{"taxonomy":"product_brand","embeddable":true,"href":"https:\/\/georgegruoposs.com\/tr\/wp-json\/wp\/v2\/product_brand?post=4785"},{"taxonomy":"product_cat","embeddable":true,"href":"https:\/\/georgegruoposs.com\/tr\/wp-json\/wp\/v2\/product_cat?post=4785"},{"taxonomy":"product_tag","embeddable":true,"href":"https:\/\/georgegruoposs.com\/tr\/wp-json\/wp\/v2\/product_tag?post=4785"},{"taxonomy":"metal-glass","embeddable":true,"href":"https:\/\/georgegruoposs.com\/tr\/wp-json\/wp\/v2\/metal-glass?post=4785"},{"taxonomy":"lighting","embeddable":true,"href":"https:\/\/georgegruoposs.com\/tr\/wp-json\/wp\/v2\/lighting?post=4785"},{"taxonomy":"flooring-staircase","embeddable":true,"href":"https:\/\/georgegruoposs.com\/tr\/wp-json\/wp\/v2\/flooring-staircase?post=4785"},{"taxonomy":"kitchenwardrobe","embeddable":true,"href":"https:\/\/georgegruoposs.com\/tr\/wp-json\/wp\/v2\/kitchenwardrobe?post=4785"},{"taxonomy":"appliances","embeddable":true,"href":"https:\/\/georgegruoposs.com\/tr\/wp-json\/wp\/v2\/appliances?post=4785"},{"taxonomy":"furniture-materials","embeddable":true,"href":"https:\/\/georgegruoposs.com\/tr\/wp-json\/wp\/v2\/furniture-materials?post=4785"},{"taxonomy":"tile_65","embeddable":true,"href":"https:\/\/georgegruoposs.com\/tr\/wp-json\/wp\/v2\/tile_65?post=4785"},{"taxonomy":"tile","embeddable":true,"href":"https:\/\/georgegruoposs.com\/tr\/wp-json\/wp\/v2\/tile?post=4785"},{"taxonomy":"marble-granite","embeddable":true,"href":"https:\/\/georgegruoposs.com\/tr\/wp-json\/wp\/v2\/marble-granite?post=4785"},{"taxonomy":"furnishing-materials","embeddable":true,"href":"https:\/\/georgegruoposs.com\/tr\/wp-json\/wp\/v2\/furnishing-materials?post=4785"},{"taxonomy":"doors-windows","embeddable":true,"href":"https:\/\/georgegruoposs.com\/tr\/wp-json\/wp\/v2\/doors-windows?post=4785"}],"curies":[{"name":"wp","href":"https:\/\/api.w.org\/{rel}","templated":true}]}}