{"id":4801,"date":"2025-02-24T06:14:42","date_gmt":"2025-02-24T06:14:42","guid":{"rendered":"https:\/\/georgegruoposs.com\/?post_type=product&#038;p=4801"},"modified":"2025-02-24T06:14:43","modified_gmt":"2025-02-24T06:14:43","slug":"practical-and-environmentally-friendly-pvc-pipes-and-fittings","status":"publish","type":"product","link":"https:\/\/georgegruoposs.com\/tr\/product\/practical-and-environmentally-friendly-pvc-pipes-and-fittings\/","title":{"rendered":"Pratik ve \u00c7evre Dostu PVC Boru ve Ek Par\u00e7alar\u0131"},"excerpt":{"rendered":"<p>Our Practical and Environmentally &#8211; friendly PVC Pipes and Fittings are a popular choice for plumbing systems. Made of polyvinyl chloride, these pipes and fittings are lightweight, easy to install, and resistant to corrosion. They are also environmentally friendly, as PVC is a recyclable material. Suitable for both indoor and outdoor plumbing applications, they provide a reliable and cost &#8211; effective solution.<\/p>","protected":false},"featured_media":4803,"template":"","meta":{"_eb_attr":"","_uag_custom_page_level_css":"","pgc_sgb_lightbox_settings":""},"product_brand":[],"product_cat":[136],"product_tag":[],"metal-glass":[227],"lighting":[],"flooring-staircase":[],"kitchenwardrobe":[],"appliances":[],"furniture-materials":[],"tile_65":[],"tile":[],"marble-granite":[],"furnishing-materials":[],"doors-windows":[],"class_list":{"0":"post-4801","1":"product","2":"type-product","3":"status-publish","4":"has-post-thumbnail","6":"product_cat-metal-glass","7":"metal-glass-pipeline","9":"first","10":"instock","11":"shipping-taxable","12":"product-type-simple"},"yoast_head":"<!-- This site is optimized with the Yoast SEO Premium plugin v23.6 (Yoast SEO v23.6) - https:\/\/yoast.com\/wordpress\/plugins\/seo\/ -->\n<title>Practical and Environmentally - friendly PVC Pipes and Fittings - China Building Materials | Whole House Customization<\/title>\n<meta name=\"robots\" content=\"index, follow, max-snippet:-1, max-image-preview:large, max-video-preview:-1\" \/>\n<link rel=\"canonical\" href=\"https:\/\/georgegruoposs.com\/tr\/wp-json\/wp\/v2\/product\/4801\" \/>\n<meta property=\"og:locale\" content=\"tr_TR\" \/>\n<meta property=\"og:type\" content=\"article\" \/>\n<meta property=\"og:title\" content=\"Practical and Environmentally - friendly PVC Pipes and Fittings\" \/>\n<meta property=\"og:description\" content=\"Our Practical and Environmentally - friendly PVC Pipes and Fittings are a popular choice for plumbing systems. Made of polyvinyl chloride, these pipes and fittings are lightweight, easy to install, and resistant to corrosion. They are also environmentally friendly, as PVC is a recyclable material. Suitable for both indoor and outdoor plumbing applications, they provide a reliable and cost - effective solution.\" \/>\n<meta property=\"og:url\" content=\"https:\/\/georgegruoposs.com\/tr\/product\/practical-and-environmentally-friendly-pvc-pipes-and-fittings\/\" \/>\n<meta property=\"og:site_name\" content=\"China Building Materials | Whole House Customization\" \/>\n<meta property=\"article:modified_time\" content=\"2025-02-24T06:14:43+00:00\" \/>\n<meta property=\"og:image\" content=\"https:\/\/georgegruoposs.com\/wp-content\/uploads\/2025\/02\/3dbb6274-d0d8-4bd2-8e76-1a40135b016d.jpg\" \/>\n\t<meta property=\"og:image:width\" content=\"1920\" \/>\n\t<meta property=\"og:image:height\" content=\"1280\" \/>\n\t<meta property=\"og:image:type\" content=\"image\/jpeg\" \/>\n<meta name=\"twitter:card\" content=\"summary_large_image\" \/>\n<script type=\"application\/ld+json\" class=\"yoast-schema-graph\">{\"@context\":\"https:\/\/schema.org\",\"@graph\":[{\"@type\":\"WebPage\",\"@id\":\"https:\/\/georgegruoposs.com\/product\/practical-and-environmentally-friendly-pvc-pipes-and-fittings\/\",\"url\":\"https:\/\/georgegruoposs.com\/product\/practical-and-environmentally-friendly-pvc-pipes-and-fittings\/\",\"name\":\"Practical and Environmentally - friendly PVC Pipes and Fittings - China Building Materials | Whole House Customization\",\"isPartOf\":{\"@id\":\"https:\/\/georgegruoposs.com\/#website\"},\"primaryImageOfPage\":{\"@id\":\"https:\/\/georgegruoposs.com\/product\/practical-and-environmentally-friendly-pvc-pipes-and-fittings\/#primaryimage\"},\"image\":{\"@id\":\"https:\/\/georgegruoposs.com\/product\/practical-and-environmentally-friendly-pvc-pipes-and-fittings\/#primaryimage\"},\"thumbnailUrl\":\"https:\/\/georgegruoposs.com\/wp-content\/uploads\/2025\/02\/3dbb6274-d0d8-4bd2-8e76-1a40135b016d.jpg?wsr\",\"datePublished\":\"2025-02-24T06:14:42+00:00\",\"dateModified\":\"2025-02-24T06:14:43+00:00\",\"breadcrumb\":{\"@id\":\"https:\/\/georgegruoposs.com\/product\/practical-and-environmentally-friendly-pvc-pipes-and-fittings\/#breadcrumb\"},\"inLanguage\":\"tr\",\"potentialAction\":[{\"@type\":\"ReadAction\",\"target\":[\"https:\/\/georgegruoposs.com\/product\/practical-and-environmentally-friendly-pvc-pipes-and-fittings\/\"]}]},{\"@type\":\"ImageObject\",\"inLanguage\":\"tr\",\"@id\":\"https:\/\/georgegruoposs.com\/product\/practical-and-environmentally-friendly-pvc-pipes-and-fittings\/#primaryimage\",\"url\":\"https:\/\/georgegruoposs.com\/wp-content\/uploads\/2025\/02\/3dbb6274-d0d8-4bd2-8e76-1a40135b016d.jpg?wsr\",\"contentUrl\":\"https:\/\/georgegruoposs.com\/wp-content\/uploads\/2025\/02\/3dbb6274-d0d8-4bd2-8e76-1a40135b016d.jpg?wsr\",\"width\":1920,\"height\":1280},{\"@type\":\"BreadcrumbList\",\"@id\":\"https:\/\/georgegruoposs.com\/product\/practical-and-environmentally-friendly-pvc-pipes-and-fittings\/#breadcrumb\",\"itemListElement\":[{\"@type\":\"ListItem\",\"position\":1,\"name\":\"Home\",\"item\":\"https:\/\/georgegruoposs.com\/\"},{\"@type\":\"ListItem\",\"position\":2,\"name\":\"Products\",\"item\":\"https:\/\/georgegruoposs.com\/tr\/shop\/\"},{\"@type\":\"ListItem\",\"position\":3,\"name\":\"Practical and Environmentally &#8211; friendly PVC Pipes and Fittings\"}]},{\"@type\":\"WebSite\",\"@id\":\"https:\/\/georgegruoposs.com\/#website\",\"url\":\"https:\/\/georgegruoposs.com\/\",\"name\":\"China Building Materials | Whole House Customization\",\"description\":\"China Building Materials | Whole House Customization\",\"publisher\":{\"@id\":\"https:\/\/georgegruoposs.com\/#organization\"},\"potentialAction\":[{\"@type\":\"SearchAction\",\"target\":{\"@type\":\"EntryPoint\",\"urlTemplate\":\"https:\/\/georgegruoposs.com\/?s={search_term_string}\"},\"query-input\":{\"@type\":\"PropertyValueSpecification\",\"valueRequired\":true,\"valueName\":\"search_term_string\"}}],\"inLanguage\":\"tr\"},{\"@type\":\"Organization\",\"@id\":\"https:\/\/georgegruoposs.com\/#organization\",\"name\":\"China Building Materials | Whole House Customization\",\"url\":\"https:\/\/georgegruoposs.com\/\",\"logo\":{\"@type\":\"ImageObject\",\"inLanguage\":\"tr\",\"@id\":\"https:\/\/georgegruoposs.com\/#\/schema\/logo\/image\/\",\"url\":\"https:\/\/georgegruoposs.com\/wp-content\/uploads\/2024\/11\/George-Group-Logo-White-2048x631-1.png?wsr\",\"contentUrl\":\"https:\/\/georgegruoposs.com\/wp-content\/uploads\/2024\/11\/George-Group-Logo-White-2048x631-1.png?wsr\",\"width\":2048,\"height\":631,\"caption\":\"China Building Materials | Whole House Customization\"},\"image\":{\"@id\":\"https:\/\/georgegruoposs.com\/#\/schema\/logo\/image\/\"}}]}<\/script>\n<!-- \/ Yoast SEO Premium plugin. -->","yoast_head_json":{"title":"Practical and Environmentally - friendly PVC Pipes and Fittings - China Building Materials | Whole House Customization","robots":{"index":"index","follow":"follow","max-snippet":"max-snippet:-1","max-image-preview":"max-image-preview:large","max-video-preview":"max-video-preview:-1"},"canonical":"https:\/\/georgegruoposs.com\/tr\/wp-json\/wp\/v2\/product\/4801","og_locale":"tr_TR","og_type":"article","og_title":"Practical and Environmentally - friendly PVC Pipes and Fittings","og_description":"Our Practical and Environmentally - friendly PVC Pipes and Fittings are a popular choice for plumbing systems. Made of polyvinyl chloride, these pipes and fittings are lightweight, easy to install, and resistant to corrosion. They are also environmentally friendly, as PVC is a recyclable material. Suitable for both indoor and outdoor plumbing applications, they provide a reliable and cost - effective solution.","og_url":"https:\/\/georgegruoposs.com\/tr\/product\/practical-and-environmentally-friendly-pvc-pipes-and-fittings\/","og_site_name":"China Building Materials | Whole House Customization","article_modified_time":"2025-02-24T06:14:43+00:00","og_image":[{"width":1920,"height":1280,"url":"https:\/\/georgegruoposs.com\/wp-content\/uploads\/2025\/02\/3dbb6274-d0d8-4bd2-8e76-1a40135b016d.jpg","type":"image\/jpeg"}],"twitter_card":"summary_large_image","schema":{"@context":"https:\/\/schema.org","@graph":[{"@type":"WebPage","@id":"https:\/\/georgegruoposs.com\/product\/practical-and-environmentally-friendly-pvc-pipes-and-fittings\/","url":"https:\/\/georgegruoposs.com\/product\/practical-and-environmentally-friendly-pvc-pipes-and-fittings\/","name":"Practical and Environmentally - friendly PVC Pipes and Fittings - China Building Materials | Whole House Customization","isPartOf":{"@id":"https:\/\/georgegruoposs.com\/#website"},"primaryImageOfPage":{"@id":"https:\/\/georgegruoposs.com\/product\/practical-and-environmentally-friendly-pvc-pipes-and-fittings\/#primaryimage"},"image":{"@id":"https:\/\/georgegruoposs.com\/product\/practical-and-environmentally-friendly-pvc-pipes-and-fittings\/#primaryimage"},"thumbnailUrl":"https:\/\/georgegruoposs.com\/wp-content\/uploads\/2025\/02\/3dbb6274-d0d8-4bd2-8e76-1a40135b016d.jpg?wsr","datePublished":"2025-02-24T06:14:42+00:00","dateModified":"2025-02-24T06:14:43+00:00","breadcrumb":{"@id":"https:\/\/georgegruoposs.com\/product\/practical-and-environmentally-friendly-pvc-pipes-and-fittings\/#breadcrumb"},"inLanguage":"tr","potentialAction":[{"@type":"ReadAction","target":["https:\/\/georgegruoposs.com\/product\/practical-and-environmentally-friendly-pvc-pipes-and-fittings\/"]}]},{"@type":"ImageObject","inLanguage":"tr","@id":"https:\/\/georgegruoposs.com\/product\/practical-and-environmentally-friendly-pvc-pipes-and-fittings\/#primaryimage","url":"https:\/\/georgegruoposs.com\/wp-content\/uploads\/2025\/02\/3dbb6274-d0d8-4bd2-8e76-1a40135b016d.jpg?wsr","contentUrl":"https:\/\/georgegruoposs.com\/wp-content\/uploads\/2025\/02\/3dbb6274-d0d8-4bd2-8e76-1a40135b016d.jpg?wsr","width":1920,"height":1280},{"@type":"BreadcrumbList","@id":"https:\/\/georgegruoposs.com\/product\/practical-and-environmentally-friendly-pvc-pipes-and-fittings\/#breadcrumb","itemListElement":[{"@type":"ListItem","position":1,"name":"Home","item":"https:\/\/georgegruoposs.com\/"},{"@type":"ListItem","position":2,"name":"Products","item":"https:\/\/georgegruoposs.com\/tr\/shop\/"},{"@type":"ListItem","position":3,"name":"Practical and Environmentally &#8211; friendly PVC Pipes and Fittings"}]},{"@type":"WebSite","@id":"https:\/\/georgegruoposs.com\/#website","url":"https:\/\/georgegruoposs.com\/","name":"\u00c7in Yap\u0131 Malzemeleri | T\u00fcm Ev \u00d6zelle\u015ftirme","description":"\u00c7in Yap\u0131 Malzemeleri | T\u00fcm Ev \u00d6zelle\u015ftirme","publisher":{"@id":"https:\/\/georgegruoposs.com\/#organization"},"potentialAction":[{"@type":"SearchAction","target":{"@type":"EntryPoint","urlTemplate":"https:\/\/georgegruoposs.com\/?s={search_term_string}"},"query-input":{"@type":"PropertyValueSpecification","valueRequired":true,"valueName":"search_term_string"}}],"inLanguage":"tr"},{"@type":"Organization","@id":"https:\/\/georgegruoposs.com\/#organization","name":"\u00c7in Yap\u0131 Malzemeleri | T\u00fcm Ev \u00d6zelle\u015ftirme","url":"https:\/\/georgegruoposs.com\/","logo":{"@type":"ImageObject","inLanguage":"tr","@id":"https:\/\/georgegruoposs.com\/#\/schema\/logo\/image\/","url":"https:\/\/georgegruoposs.com\/wp-content\/uploads\/2024\/11\/George-Group-Logo-White-2048x631-1.png?wsr","contentUrl":"https:\/\/georgegruoposs.com\/wp-content\/uploads\/2024\/11\/George-Group-Logo-White-2048x631-1.png?wsr","width":2048,"height":631,"caption":"China Building Materials | Whole House Customization"},"image":{"@id":"https:\/\/georgegruoposs.com\/#\/schema\/logo\/image\/"}}]}},"uagb_featured_image_src":{"full":["https:\/\/georgegruoposs.com\/wp-content\/uploads\/2025\/02\/3dbb6274-d0d8-4bd2-8e76-1a40135b016d.jpg?wsr",1920,1280,false],"thumbnail":["https:\/\/georgegruoposs.com\/wp-content\/uploads\/2025\/02\/3dbb6274-d0d8-4bd2-8e76-1a40135b016d-150x150.jpg?wsr",150,150,true],"medium":["https:\/\/georgegruoposs.com\/wp-content\/uploads\/2025\/02\/3dbb6274-d0d8-4bd2-8e76-1a40135b016d-300x200.jpg?wsr",300,200,true],"medium_large":["https:\/\/georgegruoposs.com\/wp-content\/uploads\/2025\/02\/3dbb6274-d0d8-4bd2-8e76-1a40135b016d-768x512.jpg?wsr",768,512,true],"large":["https:\/\/georgegruoposs.com\/wp-content\/uploads\/2025\/02\/3dbb6274-d0d8-4bd2-8e76-1a40135b016d-1024x683.jpg?wsr",800,534,true],"1536x1536":["https:\/\/georgegruoposs.com\/wp-content\/uploads\/2025\/02\/3dbb6274-d0d8-4bd2-8e76-1a40135b016d-1536x1024.jpg?wsr",1536,1024,true],"2048x2048":["https:\/\/georgegruoposs.com\/wp-content\/uploads\/2025\/02\/3dbb6274-d0d8-4bd2-8e76-1a40135b016d.jpg?wsr",1920,1280,false],"trp-custom-language-flag":["https:\/\/georgegruoposs.com\/wp-content\/uploads\/2025\/02\/3dbb6274-d0d8-4bd2-8e76-1a40135b016d.jpg?wsr",18,12,false],"woocommerce_thumbnail":["https:\/\/georgegruoposs.com\/wp-content\/uploads\/2025\/02\/3dbb6274-d0d8-4bd2-8e76-1a40135b016d-300x300.jpg?wsr",300,300,true],"woocommerce_single":["https:\/\/georgegruoposs.com\/wp-content\/uploads\/2025\/02\/3dbb6274-d0d8-4bd2-8e76-1a40135b016d-600x400.jpg?wsr",600,400,true],"woocommerce_gallery_thumbnail":["https:\/\/georgegruoposs.com\/wp-content\/uploads\/2025\/02\/3dbb6274-d0d8-4bd2-8e76-1a40135b016d-100x100.jpg?wsr",100,100,true]},"uagb_author_info":{"display_name":"lanadmin","author_link":"https:\/\/georgegruoposs.com\/tr\/author\/"},"uagb_comment_info":0,"uagb_excerpt":"Our Practical and Environmentally - friendly PVC Pipes and Fittings are a popular choice for plumbing systems. Made of polyvinyl chloride, these pipes and fittings are lightweight, easy to install, and resistant to corrosion. They are also environmentally friendly, as PVC is a recyclable material. Suitable for both indoor and outdoor plumbing applications, they provide&hellip;","_links":{"self":[{"href":"https:\/\/georgegruoposs.com\/tr\/wp-json\/wp\/v2\/product\/4801","targetHints":{"allow":["GET"]}}],"collection":[{"href":"https:\/\/georgegruoposs.com\/tr\/wp-json\/wp\/v2\/product"}],"about":[{"href":"https:\/\/georgegruoposs.com\/tr\/wp-json\/wp\/v2\/types\/product"}],"wp:featuredmedia":[{"embeddable":true,"href":"https:\/\/georgegruoposs.com\/tr\/wp-json\/wp\/v2\/media\/4803"}],"wp:attachment":[{"href":"https:\/\/georgegruoposs.com\/tr\/wp-json\/wp\/v2\/media?parent=4801"}],"wp:term":[{"taxonomy":"product_brand","embeddable":true,"href":"https:\/\/georgegruoposs.com\/tr\/wp-json\/wp\/v2\/product_brand?post=4801"},{"taxonomy":"product_cat","embeddable":true,"href":"https:\/\/georgegruoposs.com\/tr\/wp-json\/wp\/v2\/product_cat?post=4801"},{"taxonomy":"product_tag","embeddable":true,"href":"https:\/\/georgegruoposs.com\/tr\/wp-json\/wp\/v2\/product_tag?post=4801"},{"taxonomy":"metal-glass","embeddable":true,"href":"https:\/\/georgegruoposs.com\/tr\/wp-json\/wp\/v2\/metal-glass?post=4801"},{"taxonomy":"lighting","embeddable":true,"href":"https:\/\/georgegruoposs.com\/tr\/wp-json\/wp\/v2\/lighting?post=4801"},{"taxonomy":"flooring-staircase","embeddable":true,"href":"https:\/\/georgegruoposs.com\/tr\/wp-json\/wp\/v2\/flooring-staircase?post=4801"},{"taxonomy":"kitchenwardrobe","embeddable":true,"href":"https:\/\/georgegruoposs.com\/tr\/wp-json\/wp\/v2\/kitchenwardrobe?post=4801"},{"taxonomy":"appliances","embeddable":true,"href":"https:\/\/georgegruoposs.com\/tr\/wp-json\/wp\/v2\/appliances?post=4801"},{"taxonomy":"furniture-materials","embeddable":true,"href":"https:\/\/georgegruoposs.com\/tr\/wp-json\/wp\/v2\/furniture-materials?post=4801"},{"taxonomy":"tile_65","embeddable":true,"href":"https:\/\/georgegruoposs.com\/tr\/wp-json\/wp\/v2\/tile_65?post=4801"},{"taxonomy":"tile","embeddable":true,"href":"https:\/\/georgegruoposs.com\/tr\/wp-json\/wp\/v2\/tile?post=4801"},{"taxonomy":"marble-granite","embeddable":true,"href":"https:\/\/georgegruoposs.com\/tr\/wp-json\/wp\/v2\/marble-granite?post=4801"},{"taxonomy":"furnishing-materials","embeddable":true,"href":"https:\/\/georgegruoposs.com\/tr\/wp-json\/wp\/v2\/furnishing-materials?post=4801"},{"taxonomy":"doors-windows","embeddable":true,"href":"https:\/\/georgegruoposs.com\/tr\/wp-json\/wp\/v2\/doors-windows?post=4801"}],"curies":[{"name":"wp","href":"https:\/\/api.w.org\/{rel}","templated":true}]}}