{"id":4882,"date":"2025-02-24T06:54:41","date_gmt":"2025-02-24T06:54:41","guid":{"rendered":"https:\/\/georgegruoposs.com\/?post_type=product&#038;p=4882"},"modified":"2025-02-24T06:54:42","modified_gmt":"2025-02-24T06:54:42","slug":"video-intercom-smart-doorbell","status":"publish","type":"product","link":"https:\/\/georgegruoposs.com\/tr\/product\/video-intercom-smart-doorbell\/","title":{"rendered":"G\u00f6r\u00fcnt\u00fcl\u00fc \u0130nterkom Ak\u0131ll\u0131 Kap\u0131 Zili"},"excerpt":{"rendered":"<p>Stay connected with visitors at your doorstep using our Video Intercom Smart Doorbell. It allows you to see, hear, and communicate with people outside your home remotely. With features like motion &#8211; activated alerts and cloud storage for video recordings, it enhances your home security and convenience.<\/p>","protected":false},"featured_media":4886,"template":"","meta":{"_eb_attr":"","_uag_custom_page_level_css":"","pgc_sgb_lightbox_settings":""},"product_brand":[],"product_cat":[184],"product_tag":[],"metal-glass":[],"lighting":[],"flooring-staircase":[],"kitchenwardrobe":[],"appliances":[211],"furniture-materials":[],"tile_65":[],"tile":[],"marble-granite":[],"furnishing-materials":[],"doors-windows":[],"class_list":{"0":"post-4882","1":"product","2":"type-product","3":"status-publish","4":"has-post-thumbnail","6":"product_cat-appliances","7":"appliances-other-equipment","9":"first","10":"instock","11":"shipping-taxable","12":"product-type-simple"},"yoast_head":"<!-- This site is optimized with the Yoast SEO Premium plugin v23.6 (Yoast SEO v23.6) - https:\/\/yoast.com\/wordpress\/plugins\/seo\/ -->\n<title>Video Intercom Smart Doorbell - China Building Materials | Whole House Customization<\/title>\n<meta name=\"robots\" content=\"index, follow, max-snippet:-1, max-image-preview:large, max-video-preview:-1\" \/>\n<link rel=\"canonical\" href=\"https:\/\/georgegruoposs.com\/tr\/wp-json\/wp\/v2\/product\/4882\" \/>\n<meta property=\"og:locale\" content=\"tr_TR\" \/>\n<meta property=\"og:type\" content=\"article\" \/>\n<meta property=\"og:title\" content=\"Video Intercom Smart Doorbell\" \/>\n<meta property=\"og:description\" content=\"Stay connected with visitors at your doorstep using our Video Intercom Smart Doorbell. It allows you to see, hear, and communicate with people outside your home remotely. With features like motion - activated alerts and cloud storage for video recordings, it enhances your home security and convenience.\" \/>\n<meta property=\"og:url\" content=\"https:\/\/georgegruoposs.com\/tr\/product\/video-intercom-smart-doorbell\/\" \/>\n<meta property=\"og:site_name\" content=\"China Building Materials | Whole House Customization\" \/>\n<meta property=\"article:modified_time\" content=\"2025-02-24T06:54:42+00:00\" \/>\n<meta property=\"og:image\" content=\"https:\/\/georgegruoposs.com\/wp-content\/uploads\/2025\/02\/59fc20cb4354ba2337b4c10c14f6b3066ea3b158757fe-rfIiec_fw1200.jpg\" \/>\n\t<meta property=\"og:image:width\" content=\"1840\" \/>\n\t<meta property=\"og:image:height\" content=\"1035\" \/>\n\t<meta property=\"og:image:type\" content=\"image\/jpeg\" \/>\n<meta name=\"twitter:card\" content=\"summary_large_image\" \/>\n<script type=\"application\/ld+json\" class=\"yoast-schema-graph\">{\"@context\":\"https:\/\/schema.org\",\"@graph\":[{\"@type\":\"WebPage\",\"@id\":\"https:\/\/georgegruoposs.com\/product\/video-intercom-smart-doorbell\/\",\"url\":\"https:\/\/georgegruoposs.com\/product\/video-intercom-smart-doorbell\/\",\"name\":\"Video Intercom Smart Doorbell - China Building Materials | Whole House Customization\",\"isPartOf\":{\"@id\":\"https:\/\/georgegruoposs.com\/#website\"},\"primaryImageOfPage\":{\"@id\":\"https:\/\/georgegruoposs.com\/product\/video-intercom-smart-doorbell\/#primaryimage\"},\"image\":{\"@id\":\"https:\/\/georgegruoposs.com\/product\/video-intercom-smart-doorbell\/#primaryimage\"},\"thumbnailUrl\":\"https:\/\/georgegruoposs.com\/wp-content\/uploads\/2025\/02\/59fc20cb4354ba2337b4c10c14f6b3066ea3b158757fe-rfIiec_fw1200.jpg?wsr\",\"datePublished\":\"2025-02-24T06:54:41+00:00\",\"dateModified\":\"2025-02-24T06:54:42+00:00\",\"breadcrumb\":{\"@id\":\"https:\/\/georgegruoposs.com\/product\/video-intercom-smart-doorbell\/#breadcrumb\"},\"inLanguage\":\"tr\",\"potentialAction\":[{\"@type\":\"ReadAction\",\"target\":[\"https:\/\/georgegruoposs.com\/product\/video-intercom-smart-doorbell\/\"]}]},{\"@type\":\"ImageObject\",\"inLanguage\":\"tr\",\"@id\":\"https:\/\/georgegruoposs.com\/product\/video-intercom-smart-doorbell\/#primaryimage\",\"url\":\"https:\/\/georgegruoposs.com\/wp-content\/uploads\/2025\/02\/59fc20cb4354ba2337b4c10c14f6b3066ea3b158757fe-rfIiec_fw1200.jpg?wsr\",\"contentUrl\":\"https:\/\/georgegruoposs.com\/wp-content\/uploads\/2025\/02\/59fc20cb4354ba2337b4c10c14f6b3066ea3b158757fe-rfIiec_fw1200.jpg?wsr\",\"width\":1840,\"height\":1035},{\"@type\":\"BreadcrumbList\",\"@id\":\"https:\/\/georgegruoposs.com\/product\/video-intercom-smart-doorbell\/#breadcrumb\",\"itemListElement\":[{\"@type\":\"ListItem\",\"position\":1,\"name\":\"Home\",\"item\":\"https:\/\/georgegruoposs.com\/\"},{\"@type\":\"ListItem\",\"position\":2,\"name\":\"Products\",\"item\":\"https:\/\/georgegruoposs.com\/tr\/shop\/\"},{\"@type\":\"ListItem\",\"position\":3,\"name\":\"Video Intercom Smart Doorbell\"}]},{\"@type\":\"WebSite\",\"@id\":\"https:\/\/georgegruoposs.com\/#website\",\"url\":\"https:\/\/georgegruoposs.com\/\",\"name\":\"China Building Materials | Whole House Customization\",\"description\":\"China Building Materials | Whole House Customization\",\"publisher\":{\"@id\":\"https:\/\/georgegruoposs.com\/#organization\"},\"potentialAction\":[{\"@type\":\"SearchAction\",\"target\":{\"@type\":\"EntryPoint\",\"urlTemplate\":\"https:\/\/georgegruoposs.com\/?s={search_term_string}\"},\"query-input\":{\"@type\":\"PropertyValueSpecification\",\"valueRequired\":true,\"valueName\":\"search_term_string\"}}],\"inLanguage\":\"tr\"},{\"@type\":\"Organization\",\"@id\":\"https:\/\/georgegruoposs.com\/#organization\",\"name\":\"China Building Materials | Whole House Customization\",\"url\":\"https:\/\/georgegruoposs.com\/\",\"logo\":{\"@type\":\"ImageObject\",\"inLanguage\":\"tr\",\"@id\":\"https:\/\/georgegruoposs.com\/#\/schema\/logo\/image\/\",\"url\":\"https:\/\/georgegruoposs.com\/wp-content\/uploads\/2024\/11\/George-Group-Logo-White-2048x631-1.png?wsr\",\"contentUrl\":\"https:\/\/georgegruoposs.com\/wp-content\/uploads\/2024\/11\/George-Group-Logo-White-2048x631-1.png?wsr\",\"width\":2048,\"height\":631,\"caption\":\"China Building Materials | Whole House Customization\"},\"image\":{\"@id\":\"https:\/\/georgegruoposs.com\/#\/schema\/logo\/image\/\"}}]}<\/script>\n<!-- \/ Yoast SEO Premium plugin. -->","yoast_head_json":{"title":"Video Intercom Smart Doorbell - China Building Materials | Whole House Customization","robots":{"index":"index","follow":"follow","max-snippet":"max-snippet:-1","max-image-preview":"max-image-preview:large","max-video-preview":"max-video-preview:-1"},"canonical":"https:\/\/georgegruoposs.com\/tr\/wp-json\/wp\/v2\/product\/4882","og_locale":"tr_TR","og_type":"article","og_title":"Video Intercom Smart Doorbell","og_description":"Stay connected with visitors at your doorstep using our Video Intercom Smart Doorbell. It allows you to see, hear, and communicate with people outside your home remotely. With features like motion - activated alerts and cloud storage for video recordings, it enhances your home security and convenience.","og_url":"https:\/\/georgegruoposs.com\/tr\/product\/video-intercom-smart-doorbell\/","og_site_name":"China Building Materials | Whole House Customization","article_modified_time":"2025-02-24T06:54:42+00:00","og_image":[{"width":1840,"height":1035,"url":"https:\/\/georgegruoposs.com\/wp-content\/uploads\/2025\/02\/59fc20cb4354ba2337b4c10c14f6b3066ea3b158757fe-rfIiec_fw1200.jpg","type":"image\/jpeg"}],"twitter_card":"summary_large_image","schema":{"@context":"https:\/\/schema.org","@graph":[{"@type":"WebPage","@id":"https:\/\/georgegruoposs.com\/product\/video-intercom-smart-doorbell\/","url":"https:\/\/georgegruoposs.com\/product\/video-intercom-smart-doorbell\/","name":"Video Intercom Smart Doorbell - China Building Materials | Whole House Customization","isPartOf":{"@id":"https:\/\/georgegruoposs.com\/#website"},"primaryImageOfPage":{"@id":"https:\/\/georgegruoposs.com\/product\/video-intercom-smart-doorbell\/#primaryimage"},"image":{"@id":"https:\/\/georgegruoposs.com\/product\/video-intercom-smart-doorbell\/#primaryimage"},"thumbnailUrl":"https:\/\/georgegruoposs.com\/wp-content\/uploads\/2025\/02\/59fc20cb4354ba2337b4c10c14f6b3066ea3b158757fe-rfIiec_fw1200.jpg?wsr","datePublished":"2025-02-24T06:54:41+00:00","dateModified":"2025-02-24T06:54:42+00:00","breadcrumb":{"@id":"https:\/\/georgegruoposs.com\/product\/video-intercom-smart-doorbell\/#breadcrumb"},"inLanguage":"tr","potentialAction":[{"@type":"ReadAction","target":["https:\/\/georgegruoposs.com\/product\/video-intercom-smart-doorbell\/"]}]},{"@type":"ImageObject","inLanguage":"tr","@id":"https:\/\/georgegruoposs.com\/product\/video-intercom-smart-doorbell\/#primaryimage","url":"https:\/\/georgegruoposs.com\/wp-content\/uploads\/2025\/02\/59fc20cb4354ba2337b4c10c14f6b3066ea3b158757fe-rfIiec_fw1200.jpg?wsr","contentUrl":"https:\/\/georgegruoposs.com\/wp-content\/uploads\/2025\/02\/59fc20cb4354ba2337b4c10c14f6b3066ea3b158757fe-rfIiec_fw1200.jpg?wsr","width":1840,"height":1035},{"@type":"BreadcrumbList","@id":"https:\/\/georgegruoposs.com\/product\/video-intercom-smart-doorbell\/#breadcrumb","itemListElement":[{"@type":"ListItem","position":1,"name":"Home","item":"https:\/\/georgegruoposs.com\/"},{"@type":"ListItem","position":2,"name":"Products","item":"https:\/\/georgegruoposs.com\/tr\/shop\/"},{"@type":"ListItem","position":3,"name":"Video Intercom Smart Doorbell"}]},{"@type":"WebSite","@id":"https:\/\/georgegruoposs.com\/#website","url":"https:\/\/georgegruoposs.com\/","name":"\u00c7in Yap\u0131 Malzemeleri | T\u00fcm Ev \u00d6zelle\u015ftirme","description":"\u00c7in Yap\u0131 Malzemeleri | T\u00fcm Ev \u00d6zelle\u015ftirme","publisher":{"@id":"https:\/\/georgegruoposs.com\/#organization"},"potentialAction":[{"@type":"SearchAction","target":{"@type":"EntryPoint","urlTemplate":"https:\/\/georgegruoposs.com\/?s={search_term_string}"},"query-input":{"@type":"PropertyValueSpecification","valueRequired":true,"valueName":"search_term_string"}}],"inLanguage":"tr"},{"@type":"Organization","@id":"https:\/\/georgegruoposs.com\/#organization","name":"\u00c7in Yap\u0131 Malzemeleri | T\u00fcm Ev \u00d6zelle\u015ftirme","url":"https:\/\/georgegruoposs.com\/","logo":{"@type":"ImageObject","inLanguage":"tr","@id":"https:\/\/georgegruoposs.com\/#\/schema\/logo\/image\/","url":"https:\/\/georgegruoposs.com\/wp-content\/uploads\/2024\/11\/George-Group-Logo-White-2048x631-1.png?wsr","contentUrl":"https:\/\/georgegruoposs.com\/wp-content\/uploads\/2024\/11\/George-Group-Logo-White-2048x631-1.png?wsr","width":2048,"height":631,"caption":"China Building Materials | Whole House Customization"},"image":{"@id":"https:\/\/georgegruoposs.com\/#\/schema\/logo\/image\/"}}]}},"uagb_featured_image_src":{"full":["https:\/\/georgegruoposs.com\/wp-content\/uploads\/2025\/02\/59fc20cb4354ba2337b4c10c14f6b3066ea3b158757fe-rfIiec_fw1200.jpg?wsr",1840,1035,false],"thumbnail":["https:\/\/georgegruoposs.com\/wp-content\/uploads\/2025\/02\/59fc20cb4354ba2337b4c10c14f6b3066ea3b158757fe-rfIiec_fw1200-150x150.jpg?wsr",150,150,true],"medium":["https:\/\/georgegruoposs.com\/wp-content\/uploads\/2025\/02\/59fc20cb4354ba2337b4c10c14f6b3066ea3b158757fe-rfIiec_fw1200-300x169.jpg?wsr",300,169,true],"medium_large":["https:\/\/georgegruoposs.com\/wp-content\/uploads\/2025\/02\/59fc20cb4354ba2337b4c10c14f6b3066ea3b158757fe-rfIiec_fw1200-768x432.jpg?wsr",768,432,true],"large":["https:\/\/georgegruoposs.com\/wp-content\/uploads\/2025\/02\/59fc20cb4354ba2337b4c10c14f6b3066ea3b158757fe-rfIiec_fw1200-1024x576.jpg?wsr",800,450,true],"1536x1536":["https:\/\/georgegruoposs.com\/wp-content\/uploads\/2025\/02\/59fc20cb4354ba2337b4c10c14f6b3066ea3b158757fe-rfIiec_fw1200-1536x864.jpg?wsr",1536,864,true],"2048x2048":["https:\/\/georgegruoposs.com\/wp-content\/uploads\/2025\/02\/59fc20cb4354ba2337b4c10c14f6b3066ea3b158757fe-rfIiec_fw1200.jpg?wsr",1840,1035,false],"trp-custom-language-flag":["https:\/\/georgegruoposs.com\/wp-content\/uploads\/2025\/02\/59fc20cb4354ba2337b4c10c14f6b3066ea3b158757fe-rfIiec_fw1200.jpg?wsr",18,10,false],"woocommerce_thumbnail":["https:\/\/georgegruoposs.com\/wp-content\/uploads\/2025\/02\/59fc20cb4354ba2337b4c10c14f6b3066ea3b158757fe-rfIiec_fw1200-300x300.jpg?wsr",300,300,true],"woocommerce_single":["https:\/\/georgegruoposs.com\/wp-content\/uploads\/2025\/02\/59fc20cb4354ba2337b4c10c14f6b3066ea3b158757fe-rfIiec_fw1200-600x338.jpg?wsr",600,338,true],"woocommerce_gallery_thumbnail":["https:\/\/georgegruoposs.com\/wp-content\/uploads\/2025\/02\/59fc20cb4354ba2337b4c10c14f6b3066ea3b158757fe-rfIiec_fw1200-100x100.jpg?wsr",100,100,true]},"uagb_author_info":{"display_name":"lanadmin","author_link":"https:\/\/georgegruoposs.com\/tr\/author\/"},"uagb_comment_info":0,"uagb_excerpt":"Stay connected with visitors at your doorstep using our Video Intercom Smart Doorbell. It allows you to see, hear, and communicate with people outside your home remotely. With features like motion - activated alerts and cloud storage for video recordings, it enhances your home security and convenience.","_links":{"self":[{"href":"https:\/\/georgegruoposs.com\/tr\/wp-json\/wp\/v2\/product\/4882","targetHints":{"allow":["GET"]}}],"collection":[{"href":"https:\/\/georgegruoposs.com\/tr\/wp-json\/wp\/v2\/product"}],"about":[{"href":"https:\/\/georgegruoposs.com\/tr\/wp-json\/wp\/v2\/types\/product"}],"wp:featuredmedia":[{"embeddable":true,"href":"https:\/\/georgegruoposs.com\/tr\/wp-json\/wp\/v2\/media\/4886"}],"wp:attachment":[{"href":"https:\/\/georgegruoposs.com\/tr\/wp-json\/wp\/v2\/media?parent=4882"}],"wp:term":[{"taxonomy":"product_brand","embeddable":true,"href":"https:\/\/georgegruoposs.com\/tr\/wp-json\/wp\/v2\/product_brand?post=4882"},{"taxonomy":"product_cat","embeddable":true,"href":"https:\/\/georgegruoposs.com\/tr\/wp-json\/wp\/v2\/product_cat?post=4882"},{"taxonomy":"product_tag","embeddable":true,"href":"https:\/\/georgegruoposs.com\/tr\/wp-json\/wp\/v2\/product_tag?post=4882"},{"taxonomy":"metal-glass","embeddable":true,"href":"https:\/\/georgegruoposs.com\/tr\/wp-json\/wp\/v2\/metal-glass?post=4882"},{"taxonomy":"lighting","embeddable":true,"href":"https:\/\/georgegruoposs.com\/tr\/wp-json\/wp\/v2\/lighting?post=4882"},{"taxonomy":"flooring-staircase","embeddable":true,"href":"https:\/\/georgegruoposs.com\/tr\/wp-json\/wp\/v2\/flooring-staircase?post=4882"},{"taxonomy":"kitchenwardrobe","embeddable":true,"href":"https:\/\/georgegruoposs.com\/tr\/wp-json\/wp\/v2\/kitchenwardrobe?post=4882"},{"taxonomy":"appliances","embeddable":true,"href":"https:\/\/georgegruoposs.com\/tr\/wp-json\/wp\/v2\/appliances?post=4882"},{"taxonomy":"furniture-materials","embeddable":true,"href":"https:\/\/georgegruoposs.com\/tr\/wp-json\/wp\/v2\/furniture-materials?post=4882"},{"taxonomy":"tile_65","embeddable":true,"href":"https:\/\/georgegruoposs.com\/tr\/wp-json\/wp\/v2\/tile_65?post=4882"},{"taxonomy":"tile","embeddable":true,"href":"https:\/\/georgegruoposs.com\/tr\/wp-json\/wp\/v2\/tile?post=4882"},{"taxonomy":"marble-granite","embeddable":true,"href":"https:\/\/georgegruoposs.com\/tr\/wp-json\/wp\/v2\/marble-granite?post=4882"},{"taxonomy":"furnishing-materials","embeddable":true,"href":"https:\/\/georgegruoposs.com\/tr\/wp-json\/wp\/v2\/furnishing-materials?post=4882"},{"taxonomy":"doors-windows","embeddable":true,"href":"https:\/\/georgegruoposs.com\/tr\/wp-json\/wp\/v2\/doors-windows?post=4882"}],"curies":[{"name":"wp","href":"https:\/\/api.w.org\/{rel}","templated":true}]}}