{"id":5246,"date":"2025-02-26T02:29:31","date_gmt":"2025-02-26T02:29:31","guid":{"rendered":"https:\/\/georgegruoposs.com\/?post_type=product&#038;p=5246"},"modified":"2025-02-26T02:29:31","modified_gmt":"2025-02-26T02:29:31","slug":"aksesuarlar","status":"publish","type":"product","link":"https:\/\/georgegruoposs.com\/tr\/product\/aksesuarlar\/","title":{"rendered":"Aksesuarlar"},"excerpt":{"rendered":"<p>316 paslanmaz \u00e7elik havlu ask\u0131lar\u0131, bornoz kancalar\u0131, di\u015f f\u0131r\u00e7as\u0131 tutucusu \uff0c sabunluk \uff0c elbise kancas\u0131 \uff0c a\u00e7\u0131l\u0131 valf ve kararmaz PVD kaplamal\u0131 TP tutucular. Silikon yap\u0131\u015ft\u0131r\u0131c\u0131 veya gizli vidalar kullan\u0131larak aletsiz kurulum. Koordineli mat\/parlak y\u00fczeyler mevcuttur.<\/p>","protected":false},"featured_media":5249,"template":"","meta":{"_eb_attr":"","_uag_custom_page_level_css":"","pgc_sgb_lightbox_settings":""},"product_brand":[],"product_cat":[182],"product_tag":[],"metal-glass":[],"lighting":[],"flooring-staircase":[],"kitchenwardrobe":[],"appliances":[],"furniture-materials":[],"tile_65":[199],"tile":[],"marble-granite":[],"furnishing-materials":[],"doors-windows":[],"class_list":{"0":"post-5246","1":"product","2":"type-product","3":"status-publish","4":"has-post-thumbnail","6":"product_cat-sanitary","7":"tile_65-accesories","9":"first","10":"instock","11":"shipping-taxable","12":"product-type-simple"},"yoast_head":"<!-- This site is optimized with the Yoast SEO Premium plugin v23.6 (Yoast SEO v23.6) - https:\/\/yoast.com\/wordpress\/plugins\/seo\/ -->\n<title>Accesories - China Building Materials | Whole House Customization<\/title>\n<meta name=\"robots\" content=\"index, follow, max-snippet:-1, max-image-preview:large, max-video-preview:-1\" \/>\n<link rel=\"canonical\" href=\"https:\/\/georgegruoposs.com\/tr\/wp-json\/wp\/v2\/product\/5246\" \/>\n<meta property=\"og:locale\" content=\"tr_TR\" \/>\n<meta property=\"og:type\" content=\"article\" \/>\n<meta property=\"og:title\" content=\"Accesories\" \/>\n<meta property=\"og:description\" content=\"316 stainless steel towel racks, robe hooks, tooth brush holder\uff0csoap dispenser\uff0cclothes hook\uff0cangle valve and TP holders with anti-tarnish PVD coatings. Tool-free installation using silicone adhesive or concealed screws. Coordinated matte\/gloss finishes available.\" \/>\n<meta property=\"og:url\" content=\"https:\/\/georgegruoposs.com\/tr\/product\/aksesuarlar\/\" \/>\n<meta property=\"og:site_name\" content=\"China Building Materials | Whole House Customization\" \/>\n<meta property=\"og:image\" content=\"https:\/\/georgegruoposs.com\/wp-content\/uploads\/2025\/02\/Matt-Black.jpg\" \/>\n\t<meta property=\"og:image:width\" content=\"1824\" \/>\n\t<meta property=\"og:image:height\" content=\"1013\" \/>\n\t<meta property=\"og:image:type\" content=\"image\/jpeg\" \/>\n<meta name=\"twitter:card\" content=\"summary_large_image\" \/>\n<script type=\"application\/ld+json\" class=\"yoast-schema-graph\">{\"@context\":\"https:\/\/schema.org\",\"@graph\":[{\"@type\":\"WebPage\",\"@id\":\"https:\/\/georgegruoposs.com\/product\/accesories\/\",\"url\":\"https:\/\/georgegruoposs.com\/product\/accesories\/\",\"name\":\"Accesories - China Building Materials | Whole House Customization\",\"isPartOf\":{\"@id\":\"https:\/\/georgegruoposs.com\/#website\"},\"primaryImageOfPage\":{\"@id\":\"https:\/\/georgegruoposs.com\/product\/accesories\/#primaryimage\"},\"image\":{\"@id\":\"https:\/\/georgegruoposs.com\/product\/accesories\/#primaryimage\"},\"thumbnailUrl\":\"https:\/\/georgegruoposs.com\/wp-content\/uploads\/2025\/02\/Matt-Black.jpg?wsr\",\"datePublished\":\"2025-02-26T02:29:31+00:00\",\"dateModified\":\"2025-02-26T02:29:31+00:00\",\"breadcrumb\":{\"@id\":\"https:\/\/georgegruoposs.com\/product\/accesories\/#breadcrumb\"},\"inLanguage\":\"tr\",\"potentialAction\":[{\"@type\":\"ReadAction\",\"target\":[\"https:\/\/georgegruoposs.com\/product\/accesories\/\"]}]},{\"@type\":\"ImageObject\",\"inLanguage\":\"tr\",\"@id\":\"https:\/\/georgegruoposs.com\/product\/accesories\/#primaryimage\",\"url\":\"https:\/\/georgegruoposs.com\/wp-content\/uploads\/2025\/02\/Matt-Black.jpg?wsr\",\"contentUrl\":\"https:\/\/georgegruoposs.com\/wp-content\/uploads\/2025\/02\/Matt-Black.jpg?wsr\",\"width\":1824,\"height\":1013},{\"@type\":\"BreadcrumbList\",\"@id\":\"https:\/\/georgegruoposs.com\/product\/accesories\/#breadcrumb\",\"itemListElement\":[{\"@type\":\"ListItem\",\"position\":1,\"name\":\"Home\",\"item\":\"https:\/\/georgegruoposs.com\/\"},{\"@type\":\"ListItem\",\"position\":2,\"name\":\"Products\",\"item\":\"https:\/\/georgegruoposs.com\/tr\/shop\/\"},{\"@type\":\"ListItem\",\"position\":3,\"name\":\"Accesories\"}]},{\"@type\":\"WebSite\",\"@id\":\"https:\/\/georgegruoposs.com\/#website\",\"url\":\"https:\/\/georgegruoposs.com\/\",\"name\":\"China Building Materials | Whole House Customization\",\"description\":\"China Building Materials | Whole House Customization\",\"publisher\":{\"@id\":\"https:\/\/georgegruoposs.com\/#organization\"},\"potentialAction\":[{\"@type\":\"SearchAction\",\"target\":{\"@type\":\"EntryPoint\",\"urlTemplate\":\"https:\/\/georgegruoposs.com\/?s={search_term_string}\"},\"query-input\":{\"@type\":\"PropertyValueSpecification\",\"valueRequired\":true,\"valueName\":\"search_term_string\"}}],\"inLanguage\":\"tr\"},{\"@type\":\"Organization\",\"@id\":\"https:\/\/georgegruoposs.com\/#organization\",\"name\":\"China Building Materials | Whole House Customization\",\"url\":\"https:\/\/georgegruoposs.com\/\",\"logo\":{\"@type\":\"ImageObject\",\"inLanguage\":\"tr\",\"@id\":\"https:\/\/georgegruoposs.com\/#\/schema\/logo\/image\/\",\"url\":\"https:\/\/georgegruoposs.com\/wp-content\/uploads\/2024\/11\/George-Group-Logo-White-2048x631-1.png?wsr\",\"contentUrl\":\"https:\/\/georgegruoposs.com\/wp-content\/uploads\/2024\/11\/George-Group-Logo-White-2048x631-1.png?wsr\",\"width\":2048,\"height\":631,\"caption\":\"China Building Materials | Whole House Customization\"},\"image\":{\"@id\":\"https:\/\/georgegruoposs.com\/#\/schema\/logo\/image\/\"}}]}<\/script>\n<!-- \/ Yoast SEO Premium plugin. -->","yoast_head_json":{"title":"Aksesuarlar - \u00c7in Yap\u0131 Malzemeleri | T\u00fcm Ev \u00d6zelle\u015ftirme","robots":{"index":"index","follow":"follow","max-snippet":"max-snippet:-1","max-image-preview":"max-image-preview:large","max-video-preview":"max-video-preview:-1"},"canonical":"https:\/\/georgegruoposs.com\/tr\/wp-json\/wp\/v2\/product\/5246","og_locale":"tr_TR","og_type":"article","og_title":"Accesories","og_description":"316 stainless steel towel racks, robe hooks, tooth brush holder\uff0csoap dispenser\uff0cclothes hook\uff0cangle valve and TP holders with anti-tarnish PVD coatings. Tool-free installation using silicone adhesive or concealed screws. Coordinated matte\/gloss finishes available.","og_url":"https:\/\/georgegruoposs.com\/tr\/product\/aksesuarlar\/","og_site_name":"China Building Materials | Whole House Customization","og_image":[{"width":1824,"height":1013,"url":"https:\/\/georgegruoposs.com\/wp-content\/uploads\/2025\/02\/Matt-Black.jpg","type":"image\/jpeg"}],"twitter_card":"summary_large_image","schema":{"@context":"https:\/\/schema.org","@graph":[{"@type":"WebPage","@id":"https:\/\/georgegruoposs.com\/product\/accesories\/","url":"https:\/\/georgegruoposs.com\/product\/accesories\/","name":"Aksesuarlar - \u00c7in Yap\u0131 Malzemeleri | T\u00fcm Ev \u00d6zelle\u015ftirme","isPartOf":{"@id":"https:\/\/georgegruoposs.com\/#website"},"primaryImageOfPage":{"@id":"https:\/\/georgegruoposs.com\/product\/accesories\/#primaryimage"},"image":{"@id":"https:\/\/georgegruoposs.com\/product\/accesories\/#primaryimage"},"thumbnailUrl":"https:\/\/georgegruoposs.com\/wp-content\/uploads\/2025\/02\/Matt-Black.jpg?wsr","datePublished":"2025-02-26T02:29:31+00:00","dateModified":"2025-02-26T02:29:31+00:00","breadcrumb":{"@id":"https:\/\/georgegruoposs.com\/product\/accesories\/#breadcrumb"},"inLanguage":"tr","potentialAction":[{"@type":"ReadAction","target":["https:\/\/georgegruoposs.com\/product\/accesories\/"]}]},{"@type":"ImageObject","inLanguage":"tr","@id":"https:\/\/georgegruoposs.com\/product\/accesories\/#primaryimage","url":"https:\/\/georgegruoposs.com\/wp-content\/uploads\/2025\/02\/Matt-Black.jpg?wsr","contentUrl":"https:\/\/georgegruoposs.com\/wp-content\/uploads\/2025\/02\/Matt-Black.jpg?wsr","width":1824,"height":1013},{"@type":"BreadcrumbList","@id":"https:\/\/georgegruoposs.com\/product\/accesories\/#breadcrumb","itemListElement":[{"@type":"ListItem","position":1,"name":"Home","item":"https:\/\/georgegruoposs.com\/"},{"@type":"ListItem","position":2,"name":"Products","item":"https:\/\/georgegruoposs.com\/tr\/shop\/"},{"@type":"ListItem","position":3,"name":"Accesories"}]},{"@type":"WebSite","@id":"https:\/\/georgegruoposs.com\/#website","url":"https:\/\/georgegruoposs.com\/","name":"\u00c7in Yap\u0131 Malzemeleri | T\u00fcm Ev \u00d6zelle\u015ftirme","description":"\u00c7in Yap\u0131 Malzemeleri | T\u00fcm Ev \u00d6zelle\u015ftirme","publisher":{"@id":"https:\/\/georgegruoposs.com\/#organization"},"potentialAction":[{"@type":"SearchAction","target":{"@type":"EntryPoint","urlTemplate":"https:\/\/georgegruoposs.com\/?s={search_term_string}"},"query-input":{"@type":"PropertyValueSpecification","valueRequired":true,"valueName":"search_term_string"}}],"inLanguage":"tr"},{"@type":"Organization","@id":"https:\/\/georgegruoposs.com\/#organization","name":"\u00c7in Yap\u0131 Malzemeleri | T\u00fcm Ev \u00d6zelle\u015ftirme","url":"https:\/\/georgegruoposs.com\/","logo":{"@type":"ImageObject","inLanguage":"tr","@id":"https:\/\/georgegruoposs.com\/#\/schema\/logo\/image\/","url":"https:\/\/georgegruoposs.com\/wp-content\/uploads\/2024\/11\/George-Group-Logo-White-2048x631-1.png?wsr","contentUrl":"https:\/\/georgegruoposs.com\/wp-content\/uploads\/2024\/11\/George-Group-Logo-White-2048x631-1.png?wsr","width":2048,"height":631,"caption":"China Building Materials | Whole House Customization"},"image":{"@id":"https:\/\/georgegruoposs.com\/#\/schema\/logo\/image\/"}}]}},"uagb_featured_image_src":{"full":["https:\/\/georgegruoposs.com\/wp-content\/uploads\/2025\/02\/Matt-Black.jpg?wsr",1824,1013,false],"thumbnail":["https:\/\/georgegruoposs.com\/wp-content\/uploads\/2025\/02\/Matt-Black-150x150.jpg?wsr",150,150,true],"medium":["https:\/\/georgegruoposs.com\/wp-content\/uploads\/2025\/02\/Matt-Black-300x167.jpg?wsr",300,167,true],"medium_large":["https:\/\/georgegruoposs.com\/wp-content\/uploads\/2025\/02\/Matt-Black-768x427.jpg?wsr",768,427,true],"large":["https:\/\/georgegruoposs.com\/wp-content\/uploads\/2025\/02\/Matt-Black-1024x569.jpg?wsr",800,445,true],"1536x1536":["https:\/\/georgegruoposs.com\/wp-content\/uploads\/2025\/02\/Matt-Black-1536x853.jpg?wsr",1536,853,true],"2048x2048":["https:\/\/georgegruoposs.com\/wp-content\/uploads\/2025\/02\/Matt-Black.jpg?wsr",1824,1013,false],"trp-custom-language-flag":["https:\/\/georgegruoposs.com\/wp-content\/uploads\/2025\/02\/Matt-Black.jpg?wsr",18,10,false],"woocommerce_thumbnail":["https:\/\/georgegruoposs.com\/wp-content\/uploads\/2025\/02\/Matt-Black-300x300.jpg?wsr",300,300,true],"woocommerce_single":["https:\/\/georgegruoposs.com\/wp-content\/uploads\/2025\/02\/Matt-Black-600x333.jpg?wsr",600,333,true],"woocommerce_gallery_thumbnail":["https:\/\/georgegruoposs.com\/wp-content\/uploads\/2025\/02\/Matt-Black-100x100.jpg?wsr",100,100,true]},"uagb_author_info":{"display_name":"lanadmin","author_link":"https:\/\/georgegruoposs.com\/tr\/author\/"},"uagb_comment_info":0,"uagb_excerpt":"316 stainless steel towel racks, robe hooks, tooth brush holder\uff0csoap dispenser\uff0cclothes hook\uff0cangle valve and TP holders with anti-tarnish PVD coatings. Tool-free installation using silicone adhesive or concealed screws. Coordinated matte\/gloss finishes available.","_links":{"self":[{"href":"https:\/\/georgegruoposs.com\/tr\/wp-json\/wp\/v2\/product\/5246","targetHints":{"allow":["GET"]}}],"collection":[{"href":"https:\/\/georgegruoposs.com\/tr\/wp-json\/wp\/v2\/product"}],"about":[{"href":"https:\/\/georgegruoposs.com\/tr\/wp-json\/wp\/v2\/types\/product"}],"wp:featuredmedia":[{"embeddable":true,"href":"https:\/\/georgegruoposs.com\/tr\/wp-json\/wp\/v2\/media\/5249"}],"wp:attachment":[{"href":"https:\/\/georgegruoposs.com\/tr\/wp-json\/wp\/v2\/media?parent=5246"}],"wp:term":[{"taxonomy":"product_brand","embeddable":true,"href":"https:\/\/georgegruoposs.com\/tr\/wp-json\/wp\/v2\/product_brand?post=5246"},{"taxonomy":"product_cat","embeddable":true,"href":"https:\/\/georgegruoposs.com\/tr\/wp-json\/wp\/v2\/product_cat?post=5246"},{"taxonomy":"product_tag","embeddable":true,"href":"https:\/\/georgegruoposs.com\/tr\/wp-json\/wp\/v2\/product_tag?post=5246"},{"taxonomy":"metal-glass","embeddable":true,"href":"https:\/\/georgegruoposs.com\/tr\/wp-json\/wp\/v2\/metal-glass?post=5246"},{"taxonomy":"lighting","embeddable":true,"href":"https:\/\/georgegruoposs.com\/tr\/wp-json\/wp\/v2\/lighting?post=5246"},{"taxonomy":"flooring-staircase","embeddable":true,"href":"https:\/\/georgegruoposs.com\/tr\/wp-json\/wp\/v2\/flooring-staircase?post=5246"},{"taxonomy":"kitchenwardrobe","embeddable":true,"href":"https:\/\/georgegruoposs.com\/tr\/wp-json\/wp\/v2\/kitchenwardrobe?post=5246"},{"taxonomy":"appliances","embeddable":true,"href":"https:\/\/georgegruoposs.com\/tr\/wp-json\/wp\/v2\/appliances?post=5246"},{"taxonomy":"furniture-materials","embeddable":true,"href":"https:\/\/georgegruoposs.com\/tr\/wp-json\/wp\/v2\/furniture-materials?post=5246"},{"taxonomy":"tile_65","embeddable":true,"href":"https:\/\/georgegruoposs.com\/tr\/wp-json\/wp\/v2\/tile_65?post=5246"},{"taxonomy":"tile","embeddable":true,"href":"https:\/\/georgegruoposs.com\/tr\/wp-json\/wp\/v2\/tile?post=5246"},{"taxonomy":"marble-granite","embeddable":true,"href":"https:\/\/georgegruoposs.com\/tr\/wp-json\/wp\/v2\/marble-granite?post=5246"},{"taxonomy":"furnishing-materials","embeddable":true,"href":"https:\/\/georgegruoposs.com\/tr\/wp-json\/wp\/v2\/furnishing-materials?post=5246"},{"taxonomy":"doors-windows","embeddable":true,"href":"https:\/\/georgegruoposs.com\/tr\/wp-json\/wp\/v2\/doors-windows?post=5246"}],"curies":[{"name":"wp","href":"https:\/\/api.w.org\/{rel}","templated":true}]}}