{"id":5711,"date":"2025-02-27T01:52:57","date_gmt":"2025-02-27T01:52:57","guid":{"rendered":"https:\/\/georgegruoposs.com\/?post_type=product&#038;p=5711"},"modified":"2025-02-27T01:52:58","modified_gmt":"2025-02-27T01:52:58","slug":"duvar-yuzeyi-10","status":"publish","type":"product","link":"https:\/\/georgegruoposs.com\/tr\/product\/duvar-yuzeyi-10\/","title":{"rendered":"Duvar y\u00fczeyi"},"excerpt":{"rendered":"<p>Do\u011fal kire\u00e7ta\u015f\u0131 duvar kaplamas\u0131, 200 milyon y\u0131ll\u0131k deniz fosillerini ve tortul desenleri sergileyerek i\u00e7 mekanlar\u0131 jeolojik \u015faheserlere d\u00f6n\u00fc\u015ft\u00fcr\u00fcyor. Her bir levhan\u0131n ammonit spirallerinden mercan dokular\u0131na kadar benzersiz fosil izleri, ortam ayd\u0131nlatmas\u0131 alt\u0131nda geli\u015fen canl\u0131 bir sanat yarat\u0131yor. Ta\u015f\u0131n do\u011fu\u015ftan gelen g\u00f6zeneklili\u011fi (12-18% hava cebi) nemi do\u011fal olarak d\u00fczenleyerek k\u0131y\u0131 evlerinde veya spa ortamlar\u0131nda k\u00fcf olu\u015fumunu \u00f6nler. G\u00f6r\u00fcnmez TiO\u2082 kaplamalarla i\u015flenen bu y\u00fczeyler, havadaki kirleticileri aktif bir \u015fekilde ayr\u0131\u015ft\u0131rarak i\u00e7 mekan hava kalitesini art\u0131r\u0131r.<\/p>\n<p>Lekelere ve \u00e7izilmelere kar\u015f\u0131 \u00f6nceden yal\u0131t\u0131lm\u0131\u015f olan kire\u00e7ta\u015f\u0131 kaplama, UV solmas\u0131na ve termal \u015foklara (-30\u00b0C ila 80\u00b0C) kar\u015f\u0131 dayan\u0131kl\u0131d\u0131r ve hem i\u00e7 mekan \u00f6zellikli duvarlar hem de d\u0131\u015f cepheler i\u00e7in uygundur. \u00d6zelle\u015ftirilebilir y\u00fczeyler, minimalist st\u00fcdyolar i\u00e7in honlanm\u0131\u015f mattan rustik kul\u00fcbeler i\u00e7in \u00e7al\u0131 d\u00f6v\u00fclm\u00fc\u015f dokulara kadar \u00e7e\u015fitlilik g\u00f6sterir. Mimarlar, konser salonlar\u0131nda ve ofislerde akustik s\u00f6n\u00fcmleme \u00f6zelliklerinden (yank\u0131y\u0131 40% azalt\u0131r) yararlan\u0131r. \u0130ste\u011fe ba\u011fl\u0131 karanl\u0131kta parlayan fosil vurgular veya arkadan ayd\u0131nlatmal\u0131 kurulumlar, tarih \u00f6ncesi cazibesini g\u00fc\u00e7lendirir.<\/p>\n<p>L\u00fcks oteller, tarihi miras restorasyonlar\u0131 veya biyofilik tasar\u0131m projeleri i\u00e7in ideal olan kire\u00e7ta\u015f\u0131 duvarlar, Jurassic d\u00f6nemi \u00f6zg\u00fcnl\u00fc\u011f\u00fcn\u00fc modern s\u00fcrd\u00fcr\u00fclebilirlikle birle\u015ftirir-30% geri d\u00f6n\u00fc\u015ft\u00fcr\u00fclm\u00fc\u015f ta\u015f i\u00e7eri\u011fi LEED standartlar\u0131n\u0131 kar\u015f\u0131lar. Bak\u0131m, zamans\u0131z, toprakla d\u00f6v\u00fclm\u00fc\u015f zarafetini korumak i\u00e7in yaln\u0131zca y\u0131ll\u0131k pH n\u00f6tr temizlik gerektirir.<\/p>","protected":false},"featured_media":5715,"template":"","meta":{"_eb_attr":"","_uag_custom_page_level_css":"","pgc_sgb_lightbox_settings":""},"product_brand":[],"product_cat":[133],"product_tag":[],"metal-glass":[],"lighting":[],"flooring-staircase":[],"kitchenwardrobe":[],"appliances":[],"furniture-materials":[],"tile_65":[],"tile":[],"marble-granite":[242],"furnishing-materials":[],"doors-windows":[],"class_list":{"0":"post-5711","1":"product","2":"type-product","3":"status-publish","4":"has-post-thumbnail","6":"product_cat-marble-granite","7":"marble-granite-limestone","9":"first","10":"instock","11":"shipping-taxable","12":"product-type-simple"},"yoast_head":"<!-- This site is optimized with the Yoast SEO Premium plugin v23.6 (Yoast SEO v23.6) - https:\/\/yoast.com\/wordpress\/plugins\/seo\/ -->\n<title>Wall surface - China Building Materials | Whole House Customization<\/title>\n<meta name=\"robots\" content=\"index, follow, max-snippet:-1, max-image-preview:large, max-video-preview:-1\" \/>\n<link rel=\"canonical\" href=\"https:\/\/georgegruoposs.com\/tr\/wp-json\/wp\/v2\/product\/5711\" \/>\n<meta property=\"og:locale\" content=\"tr_TR\" \/>\n<meta property=\"og:type\" content=\"article\" \/>\n<meta property=\"og:title\" content=\"Wall surface\" \/>\n<meta property=\"og:description\" content=\"Natural limestone wall cladding transforms interiors into geological masterpieces, showcasing 200-million-year-old marine fossils and sedimentary patterns. Each slab\u2019s unique fossil imprints\u2014from ammonite spirals to coral textures\u2014create living art that evolves under ambient lighting. The stone\u2019s innate porosity (12-18% air pockets) naturally regulates humidity, preventing mold growth in coastal homes or spa environments. Treated with invisible TiO\u2082 coatings, these surfaces actively decompose airborne pollutants, enhancing indoor air quality.  Pre-sealed against stains and scratches, limestone cladding resists UV fading and thermal shocks (-30\u00b0C to 80\u00b0C), suitable for both interior feature walls and exterior fa\u00e7ades. Customizable finishes range from honed matte for minimalist studios to bush-hammered textures for rustic lodges. Architects leverage its acoustic dampening properties (reducing echo by 40%) in concert halls and offices. Optional glow-in-the-dark fossil accents or backlit installations amplify its prehistoric charm.  Ideal for luxury hotels, heritage restorations, or biophilic design projects, limestone walls merge Jurassic-era authenticity with modern sustainability\u201430% recycled stone content meets LEED standards. Maintenance requires only annual pH-neutral cleaning to preserve its timeless, earth-forged elegance.\" \/>\n<meta property=\"og:url\" content=\"https:\/\/georgegruoposs.com\/tr\/product\/duvar-yuzeyi-10\/\" \/>\n<meta property=\"og:site_name\" content=\"China Building Materials | Whole House Customization\" \/>\n<meta property=\"article:modified_time\" content=\"2025-02-27T01:52:58+00:00\" \/>\n<meta property=\"og:image\" content=\"https:\/\/georgegruoposs.com\/wp-content\/uploads\/2025\/02\/hd_piemme-limestone-11.webp\" \/>\n\t<meta property=\"og:image:width\" content=\"1157\" \/>\n\t<meta property=\"og:image:height\" content=\"1368\" \/>\n\t<meta property=\"og:image:type\" content=\"image\/webp\" \/>\n<meta name=\"twitter:card\" content=\"summary_large_image\" \/>\n<script type=\"application\/ld+json\" class=\"yoast-schema-graph\">{\"@context\":\"https:\/\/schema.org\",\"@graph\":[{\"@type\":\"WebPage\",\"@id\":\"https:\/\/georgegruoposs.com\/product\/wall-surface-10\/\",\"url\":\"https:\/\/georgegruoposs.com\/product\/wall-surface-10\/\",\"name\":\"Wall surface - China Building Materials | Whole House Customization\",\"isPartOf\":{\"@id\":\"https:\/\/georgegruoposs.com\/#website\"},\"primaryImageOfPage\":{\"@id\":\"https:\/\/georgegruoposs.com\/product\/wall-surface-10\/#primaryimage\"},\"image\":{\"@id\":\"https:\/\/georgegruoposs.com\/product\/wall-surface-10\/#primaryimage\"},\"thumbnailUrl\":\"https:\/\/georgegruoposs.com\/wp-content\/uploads\/2025\/02\/hd_piemme-limestone-11.webp?wsr\",\"datePublished\":\"2025-02-27T01:52:57+00:00\",\"dateModified\":\"2025-02-27T01:52:58+00:00\",\"breadcrumb\":{\"@id\":\"https:\/\/georgegruoposs.com\/product\/wall-surface-10\/#breadcrumb\"},\"inLanguage\":\"tr\",\"potentialAction\":[{\"@type\":\"ReadAction\",\"target\":[\"https:\/\/georgegruoposs.com\/product\/wall-surface-10\/\"]}]},{\"@type\":\"ImageObject\",\"inLanguage\":\"tr\",\"@id\":\"https:\/\/georgegruoposs.com\/product\/wall-surface-10\/#primaryimage\",\"url\":\"https:\/\/georgegruoposs.com\/wp-content\/uploads\/2025\/02\/hd_piemme-limestone-11.webp?wsr\",\"contentUrl\":\"https:\/\/georgegruoposs.com\/wp-content\/uploads\/2025\/02\/hd_piemme-limestone-11.webp?wsr\",\"width\":1157,\"height\":1368},{\"@type\":\"BreadcrumbList\",\"@id\":\"https:\/\/georgegruoposs.com\/product\/wall-surface-10\/#breadcrumb\",\"itemListElement\":[{\"@type\":\"ListItem\",\"position\":1,\"name\":\"Home\",\"item\":\"https:\/\/georgegruoposs.com\/\"},{\"@type\":\"ListItem\",\"position\":2,\"name\":\"Products\",\"item\":\"https:\/\/georgegruoposs.com\/tr\/shop\/\"},{\"@type\":\"ListItem\",\"position\":3,\"name\":\"Wall surface\"}]},{\"@type\":\"WebSite\",\"@id\":\"https:\/\/georgegruoposs.com\/#website\",\"url\":\"https:\/\/georgegruoposs.com\/\",\"name\":\"China Building Materials | Whole House Customization\",\"description\":\"China Building Materials | Whole House Customization\",\"publisher\":{\"@id\":\"https:\/\/georgegruoposs.com\/#organization\"},\"potentialAction\":[{\"@type\":\"SearchAction\",\"target\":{\"@type\":\"EntryPoint\",\"urlTemplate\":\"https:\/\/georgegruoposs.com\/?s={search_term_string}\"},\"query-input\":{\"@type\":\"PropertyValueSpecification\",\"valueRequired\":true,\"valueName\":\"search_term_string\"}}],\"inLanguage\":\"tr\"},{\"@type\":\"Organization\",\"@id\":\"https:\/\/georgegruoposs.com\/#organization\",\"name\":\"China Building Materials | Whole House Customization\",\"url\":\"https:\/\/georgegruoposs.com\/\",\"logo\":{\"@type\":\"ImageObject\",\"inLanguage\":\"tr\",\"@id\":\"https:\/\/georgegruoposs.com\/#\/schema\/logo\/image\/\",\"url\":\"https:\/\/georgegruoposs.com\/wp-content\/uploads\/2024\/11\/George-Group-Logo-White-2048x631-1.png?wsr\",\"contentUrl\":\"https:\/\/georgegruoposs.com\/wp-content\/uploads\/2024\/11\/George-Group-Logo-White-2048x631-1.png?wsr\",\"width\":2048,\"height\":631,\"caption\":\"China Building Materials | Whole House Customization\"},\"image\":{\"@id\":\"https:\/\/georgegruoposs.com\/#\/schema\/logo\/image\/\"}}]}<\/script>\n<!-- \/ Yoast SEO Premium plugin. -->","yoast_head_json":{"title":"Duvar y\u00fczeyi - \u00c7in Yap\u0131 Malzemeleri | T\u00fcm Ev \u00d6zelle\u015ftirme","robots":{"index":"index","follow":"follow","max-snippet":"max-snippet:-1","max-image-preview":"max-image-preview:large","max-video-preview":"max-video-preview:-1"},"canonical":"https:\/\/georgegruoposs.com\/tr\/wp-json\/wp\/v2\/product\/5711","og_locale":"tr_TR","og_type":"article","og_title":"Wall surface","og_description":"Natural limestone wall cladding transforms interiors into geological masterpieces, showcasing 200-million-year-old marine fossils and sedimentary patterns. Each slab\u2019s unique fossil imprints\u2014from ammonite spirals to coral textures\u2014create living art that evolves under ambient lighting. The stone\u2019s innate porosity (12-18% air pockets) naturally regulates humidity, preventing mold growth in coastal homes or spa environments. Treated with invisible TiO\u2082 coatings, these surfaces actively decompose airborne pollutants, enhancing indoor air quality.  Pre-sealed against stains and scratches, limestone cladding resists UV fading and thermal shocks (-30\u00b0C to 80\u00b0C), suitable for both interior feature walls and exterior fa\u00e7ades. Customizable finishes range from honed matte for minimalist studios to bush-hammered textures for rustic lodges. Architects leverage its acoustic dampening properties (reducing echo by 40%) in concert halls and offices. Optional glow-in-the-dark fossil accents or backlit installations amplify its prehistoric charm.  Ideal for luxury hotels, heritage restorations, or biophilic design projects, limestone walls merge Jurassic-era authenticity with modern sustainability\u201430% recycled stone content meets LEED standards. Maintenance requires only annual pH-neutral cleaning to preserve its timeless, earth-forged elegance.","og_url":"https:\/\/georgegruoposs.com\/tr\/product\/duvar-yuzeyi-10\/","og_site_name":"China Building Materials | Whole House Customization","article_modified_time":"2025-02-27T01:52:58+00:00","og_image":[{"width":1157,"height":1368,"url":"https:\/\/georgegruoposs.com\/wp-content\/uploads\/2025\/02\/hd_piemme-limestone-11.webp","type":"image\/webp"}],"twitter_card":"summary_large_image","schema":{"@context":"https:\/\/schema.org","@graph":[{"@type":"WebPage","@id":"https:\/\/georgegruoposs.com\/product\/wall-surface-10\/","url":"https:\/\/georgegruoposs.com\/product\/wall-surface-10\/","name":"Duvar y\u00fczeyi - \u00c7in Yap\u0131 Malzemeleri | T\u00fcm Ev \u00d6zelle\u015ftirme","isPartOf":{"@id":"https:\/\/georgegruoposs.com\/#website"},"primaryImageOfPage":{"@id":"https:\/\/georgegruoposs.com\/product\/wall-surface-10\/#primaryimage"},"image":{"@id":"https:\/\/georgegruoposs.com\/product\/wall-surface-10\/#primaryimage"},"thumbnailUrl":"https:\/\/georgegruoposs.com\/wp-content\/uploads\/2025\/02\/hd_piemme-limestone-11.webp?wsr","datePublished":"2025-02-27T01:52:57+00:00","dateModified":"2025-02-27T01:52:58+00:00","breadcrumb":{"@id":"https:\/\/georgegruoposs.com\/product\/wall-surface-10\/#breadcrumb"},"inLanguage":"tr","potentialAction":[{"@type":"ReadAction","target":["https:\/\/georgegruoposs.com\/product\/wall-surface-10\/"]}]},{"@type":"ImageObject","inLanguage":"tr","@id":"https:\/\/georgegruoposs.com\/product\/wall-surface-10\/#primaryimage","url":"https:\/\/georgegruoposs.com\/wp-content\/uploads\/2025\/02\/hd_piemme-limestone-11.webp?wsr","contentUrl":"https:\/\/georgegruoposs.com\/wp-content\/uploads\/2025\/02\/hd_piemme-limestone-11.webp?wsr","width":1157,"height":1368},{"@type":"BreadcrumbList","@id":"https:\/\/georgegruoposs.com\/product\/wall-surface-10\/#breadcrumb","itemListElement":[{"@type":"ListItem","position":1,"name":"Home","item":"https:\/\/georgegruoposs.com\/"},{"@type":"ListItem","position":2,"name":"Products","item":"https:\/\/georgegruoposs.com\/tr\/shop\/"},{"@type":"ListItem","position":3,"name":"Wall surface"}]},{"@type":"WebSite","@id":"https:\/\/georgegruoposs.com\/#website","url":"https:\/\/georgegruoposs.com\/","name":"\u00c7in Yap\u0131 Malzemeleri | T\u00fcm Ev \u00d6zelle\u015ftirme","description":"\u00c7in Yap\u0131 Malzemeleri | T\u00fcm Ev \u00d6zelle\u015ftirme","publisher":{"@id":"https:\/\/georgegruoposs.com\/#organization"},"potentialAction":[{"@type":"SearchAction","target":{"@type":"EntryPoint","urlTemplate":"https:\/\/georgegruoposs.com\/?s={search_term_string}"},"query-input":{"@type":"PropertyValueSpecification","valueRequired":true,"valueName":"search_term_string"}}],"inLanguage":"tr"},{"@type":"Organization","@id":"https:\/\/georgegruoposs.com\/#organization","name":"\u00c7in Yap\u0131 Malzemeleri | T\u00fcm Ev \u00d6zelle\u015ftirme","url":"https:\/\/georgegruoposs.com\/","logo":{"@type":"ImageObject","inLanguage":"tr","@id":"https:\/\/georgegruoposs.com\/#\/schema\/logo\/image\/","url":"https:\/\/georgegruoposs.com\/wp-content\/uploads\/2024\/11\/George-Group-Logo-White-2048x631-1.png?wsr","contentUrl":"https:\/\/georgegruoposs.com\/wp-content\/uploads\/2024\/11\/George-Group-Logo-White-2048x631-1.png?wsr","width":2048,"height":631,"caption":"China Building Materials | Whole House Customization"},"image":{"@id":"https:\/\/georgegruoposs.com\/#\/schema\/logo\/image\/"}}]}},"uagb_featured_image_src":{"full":["https:\/\/georgegruoposs.com\/wp-content\/uploads\/2025\/02\/hd_piemme-limestone-11.webp?wsr",1157,1368,false],"thumbnail":["https:\/\/georgegruoposs.com\/wp-content\/uploads\/2025\/02\/hd_piemme-limestone-11-150x150.webp?wsr",150,150,true],"medium":["https:\/\/georgegruoposs.com\/wp-content\/uploads\/2025\/02\/hd_piemme-limestone-11-254x300.webp?wsr",254,300,true],"medium_large":["https:\/\/georgegruoposs.com\/wp-content\/uploads\/2025\/02\/hd_piemme-limestone-11-768x908.webp?wsr",768,908,true],"large":["https:\/\/georgegruoposs.com\/wp-content\/uploads\/2025\/02\/hd_piemme-limestone-11-866x1024.webp?wsr",800,946,true],"1536x1536":["https:\/\/georgegruoposs.com\/wp-content\/uploads\/2025\/02\/hd_piemme-limestone-11.webp?wsr",1157,1368,false],"2048x2048":["https:\/\/georgegruoposs.com\/wp-content\/uploads\/2025\/02\/hd_piemme-limestone-11.webp?wsr",1157,1368,false],"trp-custom-language-flag":["https:\/\/georgegruoposs.com\/wp-content\/uploads\/2025\/02\/hd_piemme-limestone-11.webp?wsr",10,12,false],"woocommerce_thumbnail":["https:\/\/georgegruoposs.com\/wp-content\/uploads\/2025\/02\/hd_piemme-limestone-11-300x300.webp?wsr",300,300,true],"woocommerce_single":["https:\/\/georgegruoposs.com\/wp-content\/uploads\/2025\/02\/hd_piemme-limestone-11-600x709.webp?wsr",600,709,true],"woocommerce_gallery_thumbnail":["https:\/\/georgegruoposs.com\/wp-content\/uploads\/2025\/02\/hd_piemme-limestone-11-100x100.webp?wsr",100,100,true]},"uagb_author_info":{"display_name":"lanadmin","author_link":"https:\/\/georgegruoposs.com\/tr\/author\/"},"uagb_comment_info":0,"uagb_excerpt":"Natural limestone wall cladding transforms interiors into geological masterpieces, showcasing 200-million-year-old marine fossils and sedimentary patterns. Each slab\u2019s unique fossil imprints\u2014from ammonite spirals to coral textures\u2014create living art that evolves under ambient lighting. The stone\u2019s innate porosity (12-18% air pockets) naturally regulates humidity, preventing mold growth in coastal homes or spa environments. Treated with invisible&hellip;","_links":{"self":[{"href":"https:\/\/georgegruoposs.com\/tr\/wp-json\/wp\/v2\/product\/5711","targetHints":{"allow":["GET"]}}],"collection":[{"href":"https:\/\/georgegruoposs.com\/tr\/wp-json\/wp\/v2\/product"}],"about":[{"href":"https:\/\/georgegruoposs.com\/tr\/wp-json\/wp\/v2\/types\/product"}],"wp:featuredmedia":[{"embeddable":true,"href":"https:\/\/georgegruoposs.com\/tr\/wp-json\/wp\/v2\/media\/5715"}],"wp:attachment":[{"href":"https:\/\/georgegruoposs.com\/tr\/wp-json\/wp\/v2\/media?parent=5711"}],"wp:term":[{"taxonomy":"product_brand","embeddable":true,"href":"https:\/\/georgegruoposs.com\/tr\/wp-json\/wp\/v2\/product_brand?post=5711"},{"taxonomy":"product_cat","embeddable":true,"href":"https:\/\/georgegruoposs.com\/tr\/wp-json\/wp\/v2\/product_cat?post=5711"},{"taxonomy":"product_tag","embeddable":true,"href":"https:\/\/georgegruoposs.com\/tr\/wp-json\/wp\/v2\/product_tag?post=5711"},{"taxonomy":"metal-glass","embeddable":true,"href":"https:\/\/georgegruoposs.com\/tr\/wp-json\/wp\/v2\/metal-glass?post=5711"},{"taxonomy":"lighting","embeddable":true,"href":"https:\/\/georgegruoposs.com\/tr\/wp-json\/wp\/v2\/lighting?post=5711"},{"taxonomy":"flooring-staircase","embeddable":true,"href":"https:\/\/georgegruoposs.com\/tr\/wp-json\/wp\/v2\/flooring-staircase?post=5711"},{"taxonomy":"kitchenwardrobe","embeddable":true,"href":"https:\/\/georgegruoposs.com\/tr\/wp-json\/wp\/v2\/kitchenwardrobe?post=5711"},{"taxonomy":"appliances","embeddable":true,"href":"https:\/\/georgegruoposs.com\/tr\/wp-json\/wp\/v2\/appliances?post=5711"},{"taxonomy":"furniture-materials","embeddable":true,"href":"https:\/\/georgegruoposs.com\/tr\/wp-json\/wp\/v2\/furniture-materials?post=5711"},{"taxonomy":"tile_65","embeddable":true,"href":"https:\/\/georgegruoposs.com\/tr\/wp-json\/wp\/v2\/tile_65?post=5711"},{"taxonomy":"tile","embeddable":true,"href":"https:\/\/georgegruoposs.com\/tr\/wp-json\/wp\/v2\/tile?post=5711"},{"taxonomy":"marble-granite","embeddable":true,"href":"https:\/\/georgegruoposs.com\/tr\/wp-json\/wp\/v2\/marble-granite?post=5711"},{"taxonomy":"furnishing-materials","embeddable":true,"href":"https:\/\/georgegruoposs.com\/tr\/wp-json\/wp\/v2\/furnishing-materials?post=5711"},{"taxonomy":"doors-windows","embeddable":true,"href":"https:\/\/georgegruoposs.com\/tr\/wp-json\/wp\/v2\/doors-windows?post=5711"}],"curies":[{"name":"wp","href":"https:\/\/api.w.org\/{rel}","templated":true}]}}